{"id":798,"date":"2021-12-09T09:24:14","date_gmt":"2021-12-09T09:24:14","guid":{"rendered":"https:\/\/darkslategray-caribou-741384.hostingersite.com\/?page_id=798"},"modified":"2023-09-27T22:44:34","modified_gmt":"2023-09-27T21:44:34","slug":"distributor","status":"publish","type":"page","link":"https:\/\/golzartea.com\/tr\/distributor\/","title":{"rendered":"Distrib\u00fct\u00f6r"},"content":{"rendered":"<div data-elementor-type=\"wp-page\" data-elementor-id=\"798\" class=\"elementor elementor-798\" data-elementor-post-type=\"page\">\n\t\t\t\t\t\t<section class=\"elementor-section elementor-top-section elementor-element elementor-element-540f851 elementor-section-full_width elementor-section-height-default elementor-section-height-default\" data-id=\"540f851\" data-element_type=\"section\">\n\t\t\t\t\t\t<div class=\"elementor-container elementor-column-gap-no\">\n\t\t\t\t\t<div class=\"elementor-column elementor-col-100 elementor-top-column elementor-element elementor-element-6defbf7\" data-id=\"6defbf7\" data-element_type=\"column\">\n\t\t\t<div class=\"elementor-widget-wrap elementor-element-populated\">\n\t\t\t\t\t\t<div class=\"elementor-element elementor-element-b717961 elementor-widget elementor-widget-image\" data-id=\"b717961\" data-element_type=\"widget\" data-widget_type=\"image.default\">\n\t\t\t\t<div class=\"elementor-widget-container\">\n\t\t\t\t\t\t\t\t\t\t\t\t\t\t\t<img fetchpriority=\"high\" decoding=\"async\" width=\"1024\" height=\"293\" src=\"https:\/\/golzartea.com\/wp-content\/uploads\/2022\/01\/gtdistribution-1024x293.jpg\" class=\"attachment-large size-large wp-image-1599\" alt=\"\" srcset=\"https:\/\/golzartea.com\/wp-content\/uploads\/2022\/01\/gtdistribution-1024x293.jpg 1024w, https:\/\/golzartea.com\/wp-content\/uploads\/2022\/01\/gtdistribution-800x229.jpg 800w, https:\/\/golzartea.com\/wp-content\/uploads\/2022\/01\/gtdistribution-300x86.jpg 300w, https:\/\/golzartea.com\/wp-content\/uploads\/2022\/01\/gtdistribution-768x220.jpg 768w, https:\/\/golzartea.com\/wp-content\/uploads\/2022\/01\/gtdistribution-1536x440.jpg 1536w, https:\/\/golzartea.com\/wp-content\/uploads\/2022\/01\/gtdistribution-18x5.jpg 18w, https:\/\/golzartea.com\/wp-content\/uploads\/2022\/01\/gtdistribution-260x74.jpg 260w, https:\/\/golzartea.com\/wp-content\/uploads\/2022\/01\/gtdistribution-50x14.jpg 50w, https:\/\/golzartea.com\/wp-content\/uploads\/2022\/01\/gtdistribution-150x43.jpg 150w, https:\/\/golzartea.com\/wp-content\/uploads\/2022\/01\/gtdistribution.jpg 1600w\" sizes=\"(max-width:767px) 700px, (max-width:1024px) 100vw, 1024px\" \/>\t\t\t\t\t\t\t\t\t\t\t\t\t\t\t<\/div>\n\t\t\t\t<\/div>\n\t\t\t\t\t<\/div>\n\t\t<\/div>\n\t\t\t\t\t<\/div>\n\t\t<\/section>\n\t\t\t\t<section class=\"elementor-section elementor-top-section elementor-element elementor-element-2144497 elementor-section-boxed elementor-section-height-default elementor-section-height-default\" data-id=\"2144497\" data-element_type=\"section\">\n\t\t\t\t\t\t<div class=\"elementor-container elementor-column-gap-default\">\n\t\t\t\t\t<div class=\"elementor-column elementor-col-100 elementor-top-column elementor-element elementor-element-4e936ab\" data-id=\"4e936ab\" data-element_type=\"column\">\n\t\t\t<div class=\"elementor-widget-wrap elementor-element-populated\">\n\t\t\t\t\t\t<div class=\"elementor-element elementor-element-7bddeda elementor-widget elementor-widget-elementskit-heading\" data-id=\"7bddeda\" data-element_type=\"widget\" data-widget_type=\"elementskit-heading.default\">\n\t\t\t\t<div class=\"elementor-widget-container\">\n\t\t\t\t\t<div class=\"ekit-wid-con\" ><div class=\"ekit-heading elementskit-section-title-wraper text_center   ekit_heading_tablet-   ekit_heading_mobile-\">\t\t\t\t<span class='ekit-heading__shadow-text'>\n\t\t\t\t\tD\u0130STR\u0130B\u00dcT\u00d6R\t\t\t\t<\/span>\n\t\t\t<h3 class=\"ekit-heading--title elementskit-section-title\">B\u00f6lgenizde bir Golzar Premium \u00c7ay Distrib\u00fct\u00f6r\u00fc olun<\/h3><div class=\"ekit_heading_separetor_wraper ekit_heading_elementskit-border-star\"><div class=\"elementskit-border-star\"><\/div><\/div><\/div><\/div>\t\t\t\t<\/div>\n\t\t\t\t<\/div>\n\t\t\t\t\t<\/div>\n\t\t<\/div>\n\t\t\t\t\t<\/div>\n\t\t<\/section>\n\t\t\t\t<section class=\"elementor-section elementor-top-section elementor-element elementor-element-0ff867f elementor-section-boxed elementor-section-height-default elementor-section-height-default\" data-id=\"0ff867f\" data-element_type=\"section\">\n\t\t\t\t\t\t<div class=\"elementor-container elementor-column-gap-default\">\n\t\t\t\t\t<div class=\"elementor-column elementor-col-25 elementor-top-column elementor-element elementor-element-87fb803\" data-id=\"87fb803\" data-element_type=\"column\" data-settings=\"{&quot;background_background&quot;:&quot;classic&quot;}\">\n\t\t\t<div class=\"elementor-widget-wrap\">\n\t\t\t\t\t\t\t<\/div>\n\t\t<\/div>\n\t\t\t\t<div class=\"elementor-column elementor-col-50 elementor-top-column elementor-element elementor-element-28b2fd4\" data-id=\"28b2fd4\" data-element_type=\"column\">\n\t\t\t<div class=\"elementor-widget-wrap elementor-element-populated\">\n\t\t\t\t\t\t<div class=\"elementor-element elementor-element-f63e69f elementor-widget elementor-widget-text-editor\" data-id=\"f63e69f\" data-element_type=\"widget\" data-widget_type=\"text-editor.default\">\n\t\t\t\t<div class=\"elementor-widget-container\">\n\t\t\t\t\t\t\t\t\t<p>Her zaman kendi b\u00f6lgelerinde da\u011f\u0131t\u0131m a\u011f\u0131na sahip potansiyel ortaklarla \u00e7al\u0131\u015fmaya hevesliyiz. Sat\u0131\u015f kanallar\u0131m\u0131z\u0131 art\u0131rmak ve aktif olmad\u0131\u011f\u0131m\u0131z b\u00f6lgelerde \u00fcr\u00fcn\u00fcm\u00fcz\u00fc tan\u0131tmak i\u00e7in distrib\u00fct\u00f6rler ar\u0131yoruz.<\/p><p>Bir distrib\u00fct\u00f6r olarak, \u00fcr\u00fcnlerimizi mutab\u0131k kal\u0131nan hedef b\u00f6lgede satmal\u0131 ve da\u011f\u0131tmal\u0131s\u0131n\u0131z.<\/p><p>Golzar Tea markas\u0131n\u0131n y\u00f6netimi ve pazarlamas\u0131 konusunda destek sa\u011flamaktay\u0131z.<\/p><p>Ba\u015far\u0131l\u0131 ve b\u00fcy\u00fcd\u00fc\u011f\u00fcn\u00fc g\u00f6rmek istiyoruz ve e\u011fer \u00e7aylar\u0131m\u0131z bunun bir par\u00e7as\u0131 olabilirse, daha mutlu olamazd\u0131k.<\/p><p>Daha spesifik \u00fcr\u00fcn bilgileri, toptan sat\u0131\u015f veya distrib\u00fct\u00f6r fiyatlar\u0131, \u015fartlar ve ko\u015fullar i\u00e7in l\u00fctfen bizimle ileti\u015fime ge\u00e7in.<\/p>\t\t\t\t\t\t\t\t<\/div>\n\t\t\t\t<\/div>\n\t\t\t\t\t<\/div>\n\t\t<\/div>\n\t\t\t\t<div class=\"elementor-column elementor-col-25 elementor-top-column elementor-element elementor-element-9ba41c6\" data-id=\"9ba41c6\" data-element_type=\"column\" data-settings=\"{&quot;background_background&quot;:&quot;classic&quot;}\">\n\t\t\t<div class=\"elementor-widget-wrap\">\n\t\t\t\t\t\t\t<\/div>\n\t\t<\/div>\n\t\t\t\t\t<\/div>\n\t\t<\/section>\n\t\t\t\t<section class=\"elementor-section elementor-top-section elementor-element elementor-element-be991d1 elementor-section-content-middle elementor-section-boxed elementor-section-height-default elementor-section-height-default\" data-id=\"be991d1\" data-element_type=\"section\">\n\t\t\t\t\t\t<div class=\"elementor-container elementor-column-gap-default\">\n\t\t\t\t\t<div class=\"elementor-column elementor-col-16 elementor-top-column elementor-element elementor-element-284e8a1\" data-id=\"284e8a1\" data-element_type=\"column\">\n\t\t\t<div class=\"elementor-widget-wrap\">\n\t\t\t\t\t\t\t<\/div>\n\t\t<\/div>\n\t\t\t\t<div class=\"elementor-column elementor-col-16 elementor-top-column elementor-element elementor-element-29fbc57\" data-id=\"29fbc57\" data-element_type=\"column\">\n\t\t\t<div class=\"elementor-widget-wrap\">\n\t\t\t\t\t\t\t<\/div>\n\t\t<\/div>\n\t\t\t\t<div class=\"elementor-column elementor-col-16 elementor-top-column elementor-element elementor-element-756496e\" data-id=\"756496e\" data-element_type=\"column\">\n\t\t\t<div class=\"elementor-widget-wrap elementor-element-populated\">\n\t\t\t\t\t\t<div class=\"elementor-element elementor-element-1048517 elementor-widget elementor-widget-text-editor\" data-id=\"1048517\" data-element_type=\"widget\" data-widget_type=\"text-editor.default\">\n\t\t\t\t<div class=\"elementor-widget-container\">\n\t\t\t\t\t\t\t\t\t<p>\u0130ndirmek i\u00e7in l\u00fctfen Etkile\u015fimli PDF Formu simgesine t\u0131klay\u0131n. veya a\u015fa\u011f\u0131daki formu doldurun, size Distrib\u00fct\u00f6r Formunu e-posta ile g\u00f6nderelim.<\/p>\t\t\t\t\t\t\t\t<\/div>\n\t\t\t\t<\/div>\n\t\t\t\t\t<\/div>\n\t\t<\/div>\n\t\t\t\t<div class=\"elementor-column elementor-col-16 elementor-top-column elementor-element elementor-element-57551e1\" data-id=\"57551e1\" data-element_type=\"column\">\n\t\t\t<div class=\"elementor-widget-wrap elementor-element-populated\">\n\t\t\t\t\t\t<div class=\"elementor-element elementor-element-146c0eb elementor-view-default elementor-widget elementor-widget-icon\" data-id=\"146c0eb\" data-element_type=\"widget\" data-widget_type=\"icon.default\">\n\t\t\t\t<div class=\"elementor-widget-container\">\n\t\t\t\t\t\t\t<div class=\"elementor-icon-wrapper\">\n\t\t\t<a class=\"elementor-icon\" href=\"http:\/\/golzartea.com\/wp-content\/uploads\/2022\/02\/GH_GT_Distribution_Form.pdf\" target=\"_blank\">\n\t\t\t<i aria-hidden=\"true\" class=\"icon icon-document\"><\/i>\t\t\t<\/a>\n\t\t<\/div>\n\t\t\t\t\t\t<\/div>\n\t\t\t\t<\/div>\n\t\t\t\t\t<\/div>\n\t\t<\/div>\n\t\t\t\t<div class=\"elementor-column elementor-col-16 elementor-top-column elementor-element elementor-element-19723c7\" data-id=\"19723c7\" data-element_type=\"column\">\n\t\t\t<div class=\"elementor-widget-wrap\">\n\t\t\t\t\t\t\t<\/div>\n\t\t<\/div>\n\t\t\t\t<div class=\"elementor-column elementor-col-16 elementor-top-column elementor-element elementor-element-810e199\" data-id=\"810e199\" data-element_type=\"column\">\n\t\t\t<div class=\"elementor-widget-wrap\">\n\t\t\t\t\t\t\t<\/div>\n\t\t<\/div>\n\t\t\t\t\t<\/div>\n\t\t<\/section>\n\t\t\t\t<section class=\"elementor-section elementor-top-section elementor-element elementor-element-30096c4 elementor-section-boxed elementor-section-height-default elementor-section-height-default\" data-id=\"30096c4\" data-element_type=\"section\">\n\t\t\t\t\t\t<div class=\"elementor-container elementor-column-gap-default\">\n\t\t\t\t\t<div class=\"elementor-column elementor-col-25 elementor-top-column elementor-element elementor-element-0d8e182\" data-id=\"0d8e182\" data-element_type=\"column\" data-settings=\"{&quot;background_background&quot;:&quot;classic&quot;}\">\n\t\t\t<div class=\"elementor-widget-wrap\">\n\t\t\t\t\t\t\t<\/div>\n\t\t<\/div>\n\t\t\t\t<div class=\"elementor-column elementor-col-50 elementor-top-column elementor-element elementor-element-c622b9f\" data-id=\"c622b9f\" data-element_type=\"column\">\n\t\t\t<div class=\"elementor-widget-wrap elementor-element-populated\">\n\t\t\t\t\t\t<div class=\"elementor-element elementor-element-11f4f1f elementor-button-align-center elementor-widget elementor-widget-form\" data-id=\"11f4f1f\" data-element_type=\"widget\" data-settings=\"{&quot;step_next_label&quot;:&quot;Next&quot;,&quot;step_previous_label&quot;:&quot;Previous&quot;,&quot;button_width&quot;:&quot;100&quot;,&quot;step_type&quot;:&quot;number_text&quot;,&quot;step_icon_shape&quot;:&quot;circle&quot;}\" data-widget_type=\"form.default\">\n\t\t\t\t<div class=\"elementor-widget-container\">\n\t\t\t\t\t\t\t<form class=\"elementor-form\" method=\"post\" name=\"Distributor\" aria-label=\"Distrib\u00fct\u00f6r\" action=\"\">\n\t\t\t<input type=\"hidden\" name=\"post_id\" value=\"798\"\/>\n\t\t\t<input type=\"hidden\" name=\"form_id\" value=\"11f4f1f\"\/>\n\t\t\t<input type=\"hidden\" name=\"referer_title\" value=\"Distributor - Golzar Tea\" \/>\n\n\t\t\t\t\t\t\t<input type=\"hidden\" name=\"queried_id\" value=\"798\"\/>\n\t\t\t\n\t\t\t<div class=\"elementor-form-fields-wrapper elementor-labels-above\">\n\t\t\t\t\t\t\t\t<div class=\"elementor-field-type-text elementor-field-group elementor-column elementor-field-group-name elementor-col-100 elementor-field-required elementor-mark-required\">\n\t\t\t\t\t\t\t\t\t\t\t\t<label for=\"form-field-name\" class=\"elementor-field-label\">\n\t\t\t\t\t\t\t\t\u0130sim\t\t\t\t\t\t\t<\/label>\n\t\t\t\t\t\t\t\t\t\t\t\t\t\t<input size=\"1\" type=\"text\" name=\"form_fields[name]\" id=\"form-field-name\" class=\"elementor-field elementor-size-sm  elementor-field-textual\" placeholder=\"\u0130sim\" required=\"required\">\n\t\t\t\t\t\t\t\t\t\t\t<\/div>\n\t\t\t\t\t\t\t\t<div class=\"elementor-field-type-text elementor-field-group elementor-column elementor-field-group-field_2311338 elementor-col-100 elementor-field-required elementor-mark-required\">\n\t\t\t\t\t\t\t\t\t\t\t\t<label for=\"form-field-field_2311338\" class=\"elementor-field-label\">\n\t\t\t\t\t\t\t\t\u015eirket Ad\u0131\t\t\t\t\t\t\t<\/label>\n\t\t\t\t\t\t\t\t\t\t\t\t\t\t<input size=\"1\" type=\"text\" name=\"form_fields[field_2311338]\" id=\"form-field-field_2311338\" class=\"elementor-field elementor-size-sm  elementor-field-textual\" required=\"required\">\n\t\t\t\t\t\t\t\t\t\t\t<\/div>\n\t\t\t\t\t\t\t\t<div class=\"elementor-field-type-email elementor-field-group elementor-column elementor-field-group-email elementor-col-100 elementor-field-required elementor-mark-required\">\n\t\t\t\t\t\t\t\t\t\t\t\t<label for=\"form-field-email\" class=\"elementor-field-label\">\n\t\t\t\t\t\t\t\tE-posta\t\t\t\t\t\t\t<\/label>\n\t\t\t\t\t\t\t\t\t\t\t\t\t\t<input size=\"1\" type=\"email\" name=\"form_fields[email]\" id=\"form-field-email\" class=\"elementor-field elementor-size-sm  elementor-field-textual\" placeholder=\"E-posta\" required=\"required\">\n\t\t\t\t\t\t\t\t\t\t\t<\/div>\n\t\t\t\t\t\t\t\t<div class=\"elementor-field-type-tel elementor-field-group elementor-column elementor-field-group-field_d99657d elementor-col-100 elementor-field-required elementor-mark-required\">\n\t\t\t\t\t\t\t\t\t\t\t\t<label for=\"form-field-field_d99657d\" class=\"elementor-field-label\">\n\t\t\t\t\t\t\t\t\u015eirket Tel\t\t\t\t\t\t\t<\/label>\n\t\t\t\t\t\t\t\t<input size=\"1\" type=\"tel\" name=\"form_fields[field_d99657d]\" id=\"form-field-field_d99657d\" class=\"elementor-field elementor-size-sm  elementor-field-textual\" required=\"required\" pattern=\"[0-9()#&amp;+*-=.]+\" title=\"Yaln\u0131zca say\u0131lar ve telefon karakterleri (#, -, *, vb.) kabul edilir.\" data-no-translation-title=\"\">\n\n\t\t\t\t\t\t<\/div>\n\t\t\t\t\t\t\t\t<div class=\"elementor-field-type-textarea elementor-field-group elementor-column elementor-field-group-message elementor-col-100\">\n\t\t\t\t\t\t\t\t\t\t\t\t<label for=\"form-field-message\" class=\"elementor-field-label\">\n\t\t\t\t\t\t\t\t\u0130leti\t\t\t\t\t\t\t<\/label>\n\t\t\t\t\t\t<textarea class=\"elementor-field-textual elementor-field  elementor-size-sm\" name=\"form_fields[message]\" id=\"form-field-message\" rows=\"4\" placeholder=\"\u0130leti\"><\/textarea>\t\t\t\t<\/div>\n\t\t\t\t\t\t\t\t<div class=\"elementor-field-type-recaptcha_v3 elementor-field-group elementor-column elementor-field-group-field_21abcb3 elementor-col-100 recaptcha_v3-bottomleft\">\n\t\t\t\t\t<div class=\"elementor-field\" id=\"form-field-field_21abcb3\"><div class=\"elementor-g-recaptcha\" data-sitekey=\"6LcMsaMUAAAAAHDClvrGrxhF1x_Ut4GJvCExxfSe\" data-type=\"v3\" data-action=\"Form\" data-badge=\"bottomleft\" data-size=\"invisible\"><\/div><\/div>\t\t\t\t<\/div>\n\t\t\t\t\t\t\t\t<div class=\"elementor-field-type-html elementor-field-group elementor-column elementor-field-group-field_c6084c9 elementor-col-100\">\n\t\t\t\t\tBu site reCAPTCHA ve Google taraf\u0131ndan korunmaktad\u0131r. <a href=\"https:\/\/policies.google.com\/privacy\">Gizlilik Politikas\u0131<\/a> ve\n    <a href=\"https:\/\/policies.google.com\/terms\">Kullan\u0131m \u015eartlar\u0131<\/a> uygulamak.\t\t\t\t<\/div>\n\t\t\t\t\t\t\t\t<div class=\"elementor-field-group elementor-column elementor-field-type-submit elementor-col-100 e-form__buttons\">\n\t\t\t\t\t<button class=\"elementor-button elementor-size-sm\" type=\"submit\">\n\t\t\t\t\t\t<span class=\"elementor-button-content-wrapper\">\n\t\t\t\t\t\t\t\t\t\t\t\t\t\t\t\t\t\t\t\t\t\t<span class=\"elementor-button-text\">G\u00f6nder<\/span>\n\t\t\t\t\t\t\t\t\t\t\t\t\t<\/span>\n\t\t\t\t\t<\/button>\n\t\t\t\t<\/div>\n\t\t\t<\/div>\n\t\t<input type=\"hidden\" name=\"trp-form-language\" value=\"tr\"\/><\/form>\n\t\t\t\t\t\t<\/div>\n\t\t\t\t<\/div>\n\t\t\t\t\t<\/div>\n\t\t<\/div>\n\t\t\t\t<div class=\"elementor-column elementor-col-25 elementor-top-column elementor-element elementor-element-515fc93\" data-id=\"515fc93\" data-element_type=\"column\" data-settings=\"{&quot;background_background&quot;:&quot;classic&quot;}\">\n\t\t\t<div class=\"elementor-widget-wrap\">\n\t\t\t\t\t\t\t<\/div>\n\t\t<\/div>\n\t\t\t\t\t<\/div>\n\t\t<\/section>\n\t\t\t\t<\/div>","protected":false},"excerpt":{"rendered":"<p>D\u0130STR\u0130B\u00dcT\u00d6R B\u00f6lgenizde bir Golzar Premium \u00c7ay Distrib\u00fct\u00f6r\u00fc olun Her zaman kendi b\u00f6lgelerinde da\u011f\u0131t\u0131m a\u011f\u0131na sahip potansiyel ortaklarla \u00e7al\u0131\u015fmaya hevesliyiz.<span class=\"excerpt-hellip\"> [\u2026]<\/span><\/p>","protected":false},"author":1,"featured_media":0,"parent":0,"menu_order":0,"comment_status":"closed","ping_status":"closed","template":"","meta":{"footnotes":""},"class_list":["post-798","page","type-page","status-publish","hentry"],"yoast_head":"<!-- This site is optimized with the Yoast SEO Premium plugin v21.2 (Yoast SEO v26.4) - https:\/\/yoast.com\/wordpress\/plugins\/seo\/ -->\n<title>Distributor - Golzar Tea<\/title>\n<meta name=\"description\" content=\"Become a Golzar Premium Tea Distributor in your region. We are always keen to work with potential partners who have the distribution network in their region.\" \/>\n<meta name=\"robots\" content=\"index, follow, max-snippet:-1, max-image-preview:large, max-video-preview:-1\" \/>\n<link rel=\"canonical\" href=\"https:\/\/golzartea.com\/tr\/distributor\/\" \/>\n<meta property=\"og:locale\" content=\"tr_TR\" \/>\n<meta property=\"og:type\" content=\"article\" \/>\n<meta property=\"og:title\" content=\"Distributor\" \/>\n<meta property=\"og:description\" content=\"Become a Golzar Premium Tea Distributor in your region. We are always keen to work with potential partners who have the distribution network in their region.\" \/>\n<meta property=\"og:url\" content=\"https:\/\/golzartea.com\/tr\/distributor\/\" \/>\n<meta property=\"og:site_name\" content=\"Golzar Tea\" \/>\n<meta property=\"article:publisher\" content=\"https:\/\/www.facebook.com\/golzartea\" \/>\n<meta property=\"article:modified_time\" content=\"2023-09-27T21:44:34+00:00\" \/>\n<meta property=\"og:image\" content=\"http:\/\/golzartea.com\/wp-content\/uploads\/2022\/01\/gtdistribution-1024x293.jpg\" \/>\n<meta name=\"twitter:card\" content=\"summary_large_image\" \/>\n<meta name=\"twitter:site\" content=\"@golzartea\" \/>\n<script type=\"application\/ld+json\" class=\"yoast-schema-graph\">{\"@context\":\"https:\/\/schema.org\",\"@graph\":[{\"@type\":\"WebPage\",\"@id\":\"https:\/\/golzartea.com\/ar\/distributor\/\",\"url\":\"https:\/\/golzartea.com\/ar\/distributor\/\",\"name\":\"Distributor - Golzar Tea\",\"isPartOf\":{\"@id\":\"https:\/\/darkslategray-caribou-741384.hostingersite.com\/ar\/#website\"},\"primaryImageOfPage\":{\"@id\":\"https:\/\/golzartea.com\/ar\/distributor\/#primaryimage\"},\"image\":{\"@id\":\"https:\/\/golzartea.com\/ar\/distributor\/#primaryimage\"},\"thumbnailUrl\":\"http:\/\/golzartea.com\/wp-content\/uploads\/2022\/01\/gtdistribution-1024x293.jpg\",\"datePublished\":\"2021-12-09T09:24:14+00:00\",\"dateModified\":\"2023-09-27T21:44:34+00:00\",\"description\":\"Become a Golzar Premium Tea Distributor in your region. We are always keen to work with potential partners who have the distribution network in their region.\",\"breadcrumb\":{\"@id\":\"https:\/\/golzartea.com\/ar\/distributor\/#breadcrumb\"},\"inLanguage\":\"tr\",\"potentialAction\":[{\"@type\":\"ReadAction\",\"target\":[\"https:\/\/golzartea.com\/ar\/distributor\/\"]}]},{\"@type\":\"ImageObject\",\"inLanguage\":\"tr\",\"@id\":\"https:\/\/golzartea.com\/ar\/distributor\/#primaryimage\",\"url\":\"http:\/\/golzartea.com\/wp-content\/uploads\/2022\/01\/gtdistribution-1024x293.jpg\",\"contentUrl\":\"http:\/\/golzartea.com\/wp-content\/uploads\/2022\/01\/gtdistribution-1024x293.jpg\"},{\"@type\":\"BreadcrumbList\",\"@id\":\"https:\/\/golzartea.com\/ar\/distributor\/#breadcrumb\",\"itemListElement\":[{\"@type\":\"ListItem\",\"position\":1,\"name\":\"Home\",\"item\":\"https:\/\/darkslategray-caribou-741384.hostingersite.com\/ar\/\"},{\"@type\":\"ListItem\",\"position\":2,\"name\":\"Distributor\"}]},{\"@type\":\"WebSite\",\"@id\":\"https:\/\/darkslategray-caribou-741384.hostingersite.com\/ar\/#website\",\"url\":\"https:\/\/darkslategray-caribou-741384.hostingersite.com\/ar\/\",\"name\":\"Golzar Tea\",\"description\":\"Welcome to Golzar Tea. Premium tea that refreshes you.\",\"publisher\":{\"@id\":\"https:\/\/darkslategray-caribou-741384.hostingersite.com\/ar\/#organization\"},\"potentialAction\":[{\"@type\":\"SearchAction\",\"target\":{\"@type\":\"EntryPoint\",\"urlTemplate\":\"https:\/\/darkslategray-caribou-741384.hostingersite.com\/ar\/?s={search_term_string}\"},\"query-input\":{\"@type\":\"PropertyValueSpecification\",\"valueRequired\":true,\"valueName\":\"search_term_string\"}}],\"inLanguage\":\"tr\"},{\"@type\":\"Organization\",\"@id\":\"https:\/\/darkslategray-caribou-741384.hostingersite.com\/ar\/#organization\",\"name\":\"Golzar Premium Tea\",\"url\":\"https:\/\/darkslategray-caribou-741384.hostingersite.com\/ar\/\",\"logo\":{\"@type\":\"ImageObject\",\"inLanguage\":\"tr\",\"@id\":\"https:\/\/darkslategray-caribou-741384.hostingersite.com\/ar\/#\/schema\/logo\/image\/\",\"url\":\"http:\/\/golzartea.com\/wp-content\/uploads\/2020\/07\/GTlogo.svg\",\"contentUrl\":\"http:\/\/golzartea.com\/wp-content\/uploads\/2020\/07\/GTlogo.svg\",\"width\":848,\"height\":441,\"caption\":\"Golzar Premium Tea\"},\"image\":{\"@id\":\"https:\/\/darkslategray-caribou-741384.hostingersite.com\/ar\/#\/schema\/logo\/image\/\"},\"sameAs\":[\"https:\/\/www.facebook.com\/golzartea\",\"https:\/\/x.com\/golzartea\",\"https:\/\/www.instagram.com\/golzartea\/\",\"https:\/\/www.linkedin.com\/company\/golzar-tea\"]}]}<\/script>\n<!-- \/ Yoast SEO Premium plugin. -->","yoast_head_json":{"title":"Distributor - Golzar Tea","description":"Become a Golzar Premium Tea Distributor in your region. We are always keen to work with potential partners who have the distribution network in their region.","robots":{"index":"index","follow":"follow","max-snippet":"max-snippet:-1","max-image-preview":"max-image-preview:large","max-video-preview":"max-video-preview:-1"},"canonical":"https:\/\/golzartea.com\/tr\/distributor\/","og_locale":"tr_TR","og_type":"article","og_title":"Distributor","og_description":"Become a Golzar Premium Tea Distributor in your region. We are always keen to work with potential partners who have the distribution network in their region.","og_url":"https:\/\/golzartea.com\/tr\/distributor\/","og_site_name":"Golzar Tea","article_publisher":"https:\/\/www.facebook.com\/golzartea","article_modified_time":"2023-09-27T21:44:34+00:00","og_image":[{"url":"http:\/\/golzartea.com\/wp-content\/uploads\/2022\/01\/gtdistribution-1024x293.jpg","type":"","width":"","height":""}],"twitter_card":"summary_large_image","twitter_site":"@golzartea","schema":{"@context":"https:\/\/schema.org","@graph":[{"@type":"WebPage","@id":"https:\/\/golzartea.com\/ar\/distributor\/","url":"https:\/\/golzartea.com\/ar\/distributor\/","name":"Distributor - Golzar Tea","isPartOf":{"@id":"https:\/\/darkslategray-caribou-741384.hostingersite.com\/ar\/#website"},"primaryImageOfPage":{"@id":"https:\/\/golzartea.com\/ar\/distributor\/#primaryimage"},"image":{"@id":"https:\/\/golzartea.com\/ar\/distributor\/#primaryimage"},"thumbnailUrl":"http:\/\/golzartea.com\/wp-content\/uploads\/2022\/01\/gtdistribution-1024x293.jpg","datePublished":"2021-12-09T09:24:14+00:00","dateModified":"2023-09-27T21:44:34+00:00","description":"Become a Golzar Premium Tea Distributor in your region. We are always keen to work with potential partners who have the distribution network in their region.","breadcrumb":{"@id":"https:\/\/golzartea.com\/ar\/distributor\/#breadcrumb"},"inLanguage":"tr","potentialAction":[{"@type":"ReadAction","target":["https:\/\/golzartea.com\/ar\/distributor\/"]}]},{"@type":"ImageObject","inLanguage":"tr","@id":"https:\/\/golzartea.com\/ar\/distributor\/#primaryimage","url":"http:\/\/golzartea.com\/wp-content\/uploads\/2022\/01\/gtdistribution-1024x293.jpg","contentUrl":"http:\/\/golzartea.com\/wp-content\/uploads\/2022\/01\/gtdistribution-1024x293.jpg"},{"@type":"BreadcrumbList","@id":"https:\/\/golzartea.com\/ar\/distributor\/#breadcrumb","itemListElement":[{"@type":"ListItem","position":1,"name":"Home","item":"https:\/\/darkslategray-caribou-741384.hostingersite.com\/ar\/"},{"@type":"ListItem","position":2,"name":"Distributor"}]},{"@type":"WebSite","@id":"https:\/\/darkslategray-caribou-741384.hostingersite.com\/ar\/#website","url":"https:\/\/darkslategray-caribou-741384.hostingersite.com\/ar\/","name":"Golzar Tea","description":"Welcome to Golzar Tea. Premium tea that refreshes you.","publisher":{"@id":"https:\/\/darkslategray-caribou-741384.hostingersite.com\/ar\/#organization"},"potentialAction":[{"@type":"SearchAction","target":{"@type":"EntryPoint","urlTemplate":"https:\/\/darkslategray-caribou-741384.hostingersite.com\/ar\/?s={search_term_string}"},"query-input":{"@type":"PropertyValueSpecification","valueRequired":true,"valueName":"search_term_string"}}],"inLanguage":"tr"},{"@type":"Organization","@id":"https:\/\/darkslategray-caribou-741384.hostingersite.com\/ar\/#organization","name":"Golzar Premium Tea","url":"https:\/\/darkslategray-caribou-741384.hostingersite.com\/ar\/","logo":{"@type":"ImageObject","inLanguage":"tr","@id":"https:\/\/darkslategray-caribou-741384.hostingersite.com\/ar\/#\/schema\/logo\/image\/","url":"http:\/\/golzartea.com\/wp-content\/uploads\/2020\/07\/GTlogo.svg","contentUrl":"http:\/\/golzartea.com\/wp-content\/uploads\/2020\/07\/GTlogo.svg","width":848,"height":441,"caption":"Golzar Premium Tea"},"image":{"@id":"https:\/\/darkslategray-caribou-741384.hostingersite.com\/ar\/#\/schema\/logo\/image\/"},"sameAs":["https:\/\/www.facebook.com\/golzartea","https:\/\/x.com\/golzartea","https:\/\/www.instagram.com\/golzartea\/","https:\/\/www.linkedin.com\/company\/golzar-tea"]}]}},"_hostinger_reach_plugin_has_subscription_block":false,"_hostinger_reach_plugin_is_elementor":false,"_links":{"self":[{"href":"https:\/\/golzartea.com\/tr\/wp-json\/wp\/v2\/pages\/798","targetHints":{"allow":["GET"]}}],"collection":[{"href":"https:\/\/golzartea.com\/tr\/wp-json\/wp\/v2\/pages"}],"about":[{"href":"https:\/\/golzartea.com\/tr\/wp-json\/wp\/v2\/types\/page"}],"author":[{"embeddable":true,"href":"https:\/\/golzartea.com\/tr\/wp-json\/wp\/v2\/users\/1"}],"replies":[{"embeddable":true,"href":"https:\/\/golzartea.com\/tr\/wp-json\/wp\/v2\/comments?post=798"}],"version-history":[{"count":0,"href":"https:\/\/golzartea.com\/tr\/wp-json\/wp\/v2\/pages\/798\/revisions"}],"wp:attachment":[{"href":"https:\/\/golzartea.com\/tr\/wp-json\/wp\/v2\/media?parent=798"}],"curies":[{"name":"wp","href":"https:\/\/api.w.org\/{rel}","templated":true}]}}