{"id":776,"date":"2021-12-07T21:35:59","date_gmt":"2021-12-07T21:35:59","guid":{"rendered":"https:\/\/darkslategray-caribou-741384.hostingersite.com\/?page_id=776"},"modified":"2022-01-11T16:17:23","modified_gmt":"2022-01-11T16:17:23","slug":"faqs","status":"publish","type":"page","link":"https:\/\/golzartea.com\/tr\/faqs\/","title":{"rendered":"SSS"},"content":{"rendered":"<div data-elementor-type=\"wp-page\" data-elementor-id=\"776\" class=\"elementor elementor-776\" data-elementor-post-type=\"page\">\n\t\t\t\t\t\t<section class=\"elementor-section elementor-top-section elementor-element elementor-element-8a1bb30 elementor-section-boxed elementor-section-height-default elementor-section-height-default\" data-id=\"8a1bb30\" data-element_type=\"section\">\n\t\t\t\t\t\t<div class=\"elementor-container elementor-column-gap-default\">\n\t\t\t\t\t<div class=\"elementor-column elementor-col-100 elementor-top-column elementor-element elementor-element-afb07f0\" data-id=\"afb07f0\" data-element_type=\"column\">\n\t\t\t<div class=\"elementor-widget-wrap elementor-element-populated\">\n\t\t\t\t\t\t<div class=\"elementor-element elementor-element-b0af49b elementor-widget elementor-widget-image\" data-id=\"b0af49b\" data-element_type=\"widget\" data-widget_type=\"image.default\">\n\t\t\t\t<div class=\"elementor-widget-container\">\n\t\t\t\t\t\t\t\t\t\t\t\t\t\t\t<img fetchpriority=\"high\" decoding=\"async\" width=\"1145\" height=\"171\" src=\"https:\/\/golzartea.com\/wp-content\/uploads\/2022\/01\/GTfaq.jpg\" class=\"attachment-full size-full wp-image-1565\" alt=\"\" srcset=\"https:\/\/golzartea.com\/wp-content\/uploads\/2022\/01\/GTfaq.jpg 1145w, https:\/\/golzartea.com\/wp-content\/uploads\/2022\/01\/GTfaq-800x119.jpg 800w, https:\/\/golzartea.com\/wp-content\/uploads\/2022\/01\/GTfaq-300x45.jpg 300w, https:\/\/golzartea.com\/wp-content\/uploads\/2022\/01\/GTfaq-1024x153.jpg 1024w, https:\/\/golzartea.com\/wp-content\/uploads\/2022\/01\/GTfaq-768x115.jpg 768w, https:\/\/golzartea.com\/wp-content\/uploads\/2022\/01\/GTfaq-18x3.jpg 18w, https:\/\/golzartea.com\/wp-content\/uploads\/2022\/01\/GTfaq-260x39.jpg 260w, https:\/\/golzartea.com\/wp-content\/uploads\/2022\/01\/GTfaq-50x7.jpg 50w, https:\/\/golzartea.com\/wp-content\/uploads\/2022\/01\/GTfaq-150x22.jpg 150w\" sizes=\"(max-width:767px) 700px, (max-width:1145px) 100vw, 1145px\" \/>\t\t\t\t\t\t\t\t\t\t\t\t\t\t\t<\/div>\n\t\t\t\t<\/div>\n\t\t\t\t\t<\/div>\n\t\t<\/div>\n\t\t\t\t\t<\/div>\n\t\t<\/section>\n\t\t\t\t<section class=\"elementor-section elementor-top-section elementor-element elementor-element-7be17c8 elementor-section-boxed elementor-section-height-default elementor-section-height-default\" data-id=\"7be17c8\" data-element_type=\"section\">\n\t\t\t\t\t\t<div class=\"elementor-container elementor-column-gap-default\">\n\t\t\t\t\t<div class=\"elementor-column elementor-col-100 elementor-top-column elementor-element elementor-element-6632544\" data-id=\"6632544\" data-element_type=\"column\">\n\t\t\t<div class=\"elementor-widget-wrap elementor-element-populated\">\n\t\t\t\t\t\t<div class=\"elementor-element elementor-element-ce66492 elementor-widget elementor-widget-mfn_faq\" data-id=\"ce66492\" data-element_type=\"widget\" data-widget_type=\"mfn_faq.default\">\n\t\t\t\t<div class=\"elementor-widget-container\">\n\t\t\t\t\t<div class=\"faq\"><div class=\"mfn-acc faq_wrapper\"><div class=\"question\" tabindex=\"0\" role=\"button\"><div class=\"title\"><span class=\"num\">1<\/span><i class=\"icon-plus acc-icon-plus\" aria-hidden=\"true\"><\/i><i class=\"icon-minus acc-icon-minus\" aria-hidden=\"true\"><\/i>Ne t\u00fcr \u00e7aylar\u0131n\u0131z var?<\/div><div class=\"answer\"><p>\u015eu anda Golzar Tea, Klasik, Earl Grey, \u0130ngiliz Kahvalt\u0131s\u0131 ve Ye\u015fil \u00c7ay sunmaktad\u0131r. Yak\u0131nda meyve ve bitki \u00e7aylar\u0131n\u0131 da tan\u0131taca\u011f\u0131z!\u00a0 \u00a0<\/p><\/div><\/div>\n<div class=\"question\" tabindex=\"0\" role=\"button\"><div class=\"title\"><span class=\"num\">2<\/span><i class=\"icon-plus acc-icon-plus\" aria-hidden=\"true\"><\/i><i class=\"icon-minus acc-icon-minus\" aria-hidden=\"true\"><\/i>\u00c7aylar\u0131n\u0131z nereden geliyor?<\/div><div class=\"answer\"><p>Ye\u015fil ve bereketli bir ada olan Sri Lanka ada cumhuriyeti, Hindistan'\u0131n g\u00fcneydo\u011fu ucunun hemen alt\u0131nda, Bengal K\u00f6rfezi'nde yer almaktad\u0131r. Sri Lanka eskiden Seylan olarak bilinen bir \u0130ngiliz kraliyet kolonisiydi ve ba\u011f\u0131ms\u0131zl\u0131ktan sonra yakla\u015f\u0131k \u00e7eyrek y\u00fczy\u0131l boyunca bu ismi korudu.<\/p><\/div><\/div>\n<div class=\"question\" tabindex=\"0\" role=\"button\"><div class=\"title\"><span class=\"num\">3<\/span><i class=\"icon-plus acc-icon-plus\" aria-hidden=\"true\"><\/i><i class=\"icon-minus acc-icon-minus\" aria-hidden=\"true\"><\/i>\u00c7aylar\u0131n\u0131z kafein i\u00e7eriyor mu?<\/div><div class=\"answer\"><p>Siyah ve Ye\u015fil \u00e7ay kafein i\u00e7erir, ancak meyve ve bitki \u00e7aylar\u0131 kafein i\u00e7ermez.\u00a0\u00a0<\/p><\/div><\/div>\n<div class=\"question\" tabindex=\"0\" role=\"button\"><div class=\"title\"><span class=\"num\">4<\/span><i class=\"icon-plus acc-icon-plus\" aria-hidden=\"true\"><\/i><i class=\"icon-minus acc-icon-minus\" aria-hidden=\"true\"><\/i>\u00c7ay saklaman\u0131n en iyi yolu nedir?<\/div><div class=\"answer\"><p>\u00c7ay serin ve kuru bir yerde saklanmal\u0131d\u0131r. Tercihen \u0131\u015f\u0131ktan uzak. Uzun s\u00fcre saklayacaksan\u0131z teneke kutuda saklay\u0131n.<\/p><\/div><\/div>\n<div class=\"question\" tabindex=\"0\" role=\"button\"><div class=\"title\"><span class=\"num\">5<\/span><i class=\"icon-plus acc-icon-plus\" aria-hidden=\"true\"><\/i><i class=\"icon-minus acc-icon-minus\" aria-hidden=\"true\"><\/i>\u00c7ay\u0131n sa\u011fl\u0131\u011fa faydalar\u0131 nelerdir?<\/div><div class=\"answer\"><p>\u00c7ay antioksidanlar i\u00e7erir ve fel\u00e7 ve kalp krizi riskinizi azaltabilir.<\/p><p>\u00c7ay ayr\u0131ca kahveden daha az kafein i\u00e7erir.<\/p><\/div><\/div>\n<div class=\"question\" tabindex=\"0\" role=\"button\"><div class=\"title\"><span class=\"num\">6<\/span><i class=\"icon-plus acc-icon-plus\" aria-hidden=\"true\"><\/i><i class=\"icon-minus acc-icon-minus\" aria-hidden=\"true\"><\/i>Golzar \u00c7ay\u0131n\u0131 ne kadar s\u00fcre saklayabilirim?<\/div><div class=\"answer\"><p>\u00c7ay\u0131m\u0131z\u0131 ambalaj\u0131nda yazan son kullanma tarihinden \u00f6nce i\u00e7ebilirsiniz.<\/p><\/div><\/div>\n<div class=\"question\" tabindex=\"0\" role=\"button\"><div class=\"title\"><span class=\"num\">7<\/span><i class=\"icon-plus acc-icon-plus\" aria-hidden=\"true\"><\/i><i class=\"icon-minus acc-icon-minus\" aria-hidden=\"true\"><\/i>\u00c7ay po\u015fetleri tekrar kullan\u0131labilir mi?<\/div><div class=\"answer\"><p>Bir \u00c7ay po\u015feti sadece bir kez kullan\u0131lmal\u0131d\u0131r.<\/p><\/div><\/div>\n<div class=\"question\" tabindex=\"0\" role=\"button\"><div class=\"title\"><span class=\"num\">8<\/span><i class=\"icon-plus acc-icon-plus\" aria-hidden=\"true\"><\/i><i class=\"icon-minus acc-icon-minus\" aria-hidden=\"true\"><\/i>Taze demlenmi\u015f \u00e7ay, haz\u0131r \u00e7aydan daha fazla antioksidan i\u00e7erir mi?<\/div><div class=\"answer\"><p>En fazla antioksidan\u0131 taze demlenmi\u015f \u00e7aydan al\u0131rs\u0131n\u0131z; bu bile\u015fikler haz\u0131r \u00e7ay, kafeinsiz \u00e7ay ve \u015fi\u015felenmi\u015f \u00e7ayda azal\u0131r.<\/p><\/div><\/div>\n<div class=\"question\" tabindex=\"0\" role=\"button\"><div class=\"title\"><span class=\"num\">9<\/span><i class=\"icon-plus acc-icon-plus\" aria-hidden=\"true\"><\/i><i class=\"icon-minus acc-icon-minus\" aria-hidden=\"true\"><\/i>Gev\u015fek yaprak \u00e7ay\u0131n demlenmesi i\u00e7in \u00e7ay po\u015fetlerinden daha fazla zamana ihtiyac\u0131 var m\u0131?<\/div><div class=\"answer\"><p>Cevap Evet! Gev\u015fek yaprak \u00e7ay genellikle daha b\u00fcy\u00fck yaprak boyutuna sahip oldu\u011fundan, \u00e7ay daha yava\u015f demlenir ve lik\u00f6re tam lezzet katar.<\/p><p>\u00c7ay po\u015fetlerindeki k\u00fc\u00e7\u00fck yaprak boyutu, \u00e7ay\u0131n ac\u0131la\u015fmadan \u00e7ok uzun s\u00fcre demlenemeyece\u011fi anlam\u0131na gelir.<\/p><\/div><\/div>\n<\/div><\/div>\n\t\t\t\t<\/div>\n\t\t\t\t<\/div>\n\t\t\t\t\t<\/div>\n\t\t<\/div>\n\t\t\t\t\t<\/div>\n\t\t<\/section>\n\t\t\t\t<section class=\"elementor-section elementor-top-section elementor-element elementor-element-17c5105 elementor-section-boxed elementor-section-height-default elementor-section-height-default\" data-id=\"17c5105\" data-element_type=\"section\">\n\t\t\t\t\t\t<div class=\"elementor-container elementor-column-gap-default\">\n\t\t\t\t\t<div class=\"elementor-column elementor-col-100 elementor-top-column elementor-element elementor-element-dbe3a53\" data-id=\"dbe3a53\" data-element_type=\"column\">\n\t\t\t<div class=\"elementor-widget-wrap elementor-element-populated\">\n\t\t\t\t\t\t<div class=\"elementor-element elementor-element-958c020 elementor-widget elementor-widget-spacer\" data-id=\"958c020\" data-element_type=\"widget\" data-widget_type=\"spacer.default\">\n\t\t\t\t<div class=\"elementor-widget-container\">\n\t\t\t\t\t\t\t<div class=\"elementor-spacer\">\n\t\t\t<div class=\"elementor-spacer-inner\"><\/div>\n\t\t<\/div>\n\t\t\t\t\t\t<\/div>\n\t\t\t\t<\/div>\n\t\t\t\t\t<\/div>\n\t\t<\/div>\n\t\t\t\t\t<\/div>\n\t\t<\/section>\n\t\t\t\t<\/div>","protected":false},"excerpt":{"rendered":"<p>1 Ne t\u00fcr \u00e7aylar\u0131n\u0131z var? \u015eu anda Golzar Tea, Klasik, Earl Grey, \u0130ngiliz Kahvalt\u0131s\u0131 ve Ye\u015fil \u00c7ay sunmaktad\u0131r. biz de olaca\u011f\u0131z<span class=\"excerpt-hellip\"> [\u2026]<\/span><\/p>","protected":false},"author":1,"featured_media":0,"parent":0,"menu_order":0,"comment_status":"closed","ping_status":"closed","template":"","meta":{"footnotes":""},"class_list":["post-776","page","type-page","status-publish","hentry"],"yoast_head":"<!-- This site is optimized with the Yoast SEO Premium plugin v21.2 (Yoast SEO v26.4) - https:\/\/yoast.com\/wordpress\/plugins\/seo\/ -->\n<title>FAQs - Golzar Tea<\/title>\n<meta name=\"robots\" content=\"index, follow, max-snippet:-1, max-image-preview:large, max-video-preview:-1\" \/>\n<link rel=\"canonical\" href=\"https:\/\/golzartea.com\/tr\/faqs\/\" \/>\n<meta property=\"og:locale\" content=\"tr_TR\" \/>\n<meta property=\"og:type\" content=\"article\" \/>\n<meta property=\"og:title\" content=\"FAQs\" \/>\n<meta property=\"og:description\" content=\"1What type of teas do you have? At the present time, Golzar Tea offers Classic, Earl Grey, English Breakfast and Green Tea. We will also be [\u2026]\" \/>\n<meta property=\"og:url\" content=\"https:\/\/golzartea.com\/tr\/faqs\/\" \/>\n<meta property=\"og:site_name\" content=\"Golzar Tea\" \/>\n<meta property=\"article:publisher\" content=\"https:\/\/www.facebook.com\/golzartea\" \/>\n<meta property=\"article:modified_time\" content=\"2022-01-11T16:17:23+00:00\" \/>\n<meta property=\"og:image\" content=\"http:\/\/golzartea.com\/wp-content\/uploads\/2022\/01\/GTfaq.jpg\" \/>\n<meta name=\"twitter:card\" content=\"summary_large_image\" \/>\n<meta name=\"twitter:site\" content=\"@golzartea\" \/>\n<script type=\"application\/ld+json\" class=\"yoast-schema-graph\">{\"@context\":\"https:\/\/schema.org\",\"@graph\":[{\"@type\":\"WebPage\",\"@id\":\"https:\/\/golzartea.com\/az\/faqs\/\",\"url\":\"https:\/\/golzartea.com\/az\/faqs\/\",\"name\":\"FAQs - Golzar Tea\",\"isPartOf\":{\"@id\":\"https:\/\/darkslategray-caribou-741384.hostingersite.com\/ar\/#website\"},\"primaryImageOfPage\":{\"@id\":\"https:\/\/golzartea.com\/az\/faqs\/#primaryimage\"},\"image\":{\"@id\":\"https:\/\/golzartea.com\/az\/faqs\/#primaryimage\"},\"thumbnailUrl\":\"http:\/\/golzartea.com\/wp-content\/uploads\/2022\/01\/GTfaq.jpg\",\"datePublished\":\"2021-12-07T21:35:59+00:00\",\"dateModified\":\"2022-01-11T16:17:23+00:00\",\"breadcrumb\":{\"@id\":\"https:\/\/golzartea.com\/az\/faqs\/#breadcrumb\"},\"inLanguage\":\"tr\",\"potentialAction\":[{\"@type\":\"ReadAction\",\"target\":[\"https:\/\/golzartea.com\/az\/faqs\/\"]}]},{\"@type\":\"ImageObject\",\"inLanguage\":\"tr\",\"@id\":\"https:\/\/golzartea.com\/az\/faqs\/#primaryimage\",\"url\":\"http:\/\/golzartea.com\/wp-content\/uploads\/2022\/01\/GTfaq.jpg\",\"contentUrl\":\"http:\/\/golzartea.com\/wp-content\/uploads\/2022\/01\/GTfaq.jpg\"},{\"@type\":\"BreadcrumbList\",\"@id\":\"https:\/\/golzartea.com\/az\/faqs\/#breadcrumb\",\"itemListElement\":[{\"@type\":\"ListItem\",\"position\":1,\"name\":\"Home\",\"item\":\"https:\/\/darkslategray-caribou-741384.hostingersite.com\/ar\/\"},{\"@type\":\"ListItem\",\"position\":2,\"name\":\"FAQs\"}]},{\"@type\":\"WebSite\",\"@id\":\"https:\/\/darkslategray-caribou-741384.hostingersite.com\/ar\/#website\",\"url\":\"https:\/\/darkslategray-caribou-741384.hostingersite.com\/ar\/\",\"name\":\"Golzar Tea\",\"description\":\"Welcome to Golzar Tea. Premium tea that refreshes you.\",\"publisher\":{\"@id\":\"https:\/\/darkslategray-caribou-741384.hostingersite.com\/ar\/#organization\"},\"potentialAction\":[{\"@type\":\"SearchAction\",\"target\":{\"@type\":\"EntryPoint\",\"urlTemplate\":\"https:\/\/darkslategray-caribou-741384.hostingersite.com\/ar\/?s={search_term_string}\"},\"query-input\":{\"@type\":\"PropertyValueSpecification\",\"valueRequired\":true,\"valueName\":\"search_term_string\"}}],\"inLanguage\":\"tr\"},{\"@type\":\"Organization\",\"@id\":\"https:\/\/darkslategray-caribou-741384.hostingersite.com\/ar\/#organization\",\"name\":\"Golzar Premium Tea\",\"url\":\"https:\/\/darkslategray-caribou-741384.hostingersite.com\/ar\/\",\"logo\":{\"@type\":\"ImageObject\",\"inLanguage\":\"tr\",\"@id\":\"https:\/\/darkslategray-caribou-741384.hostingersite.com\/ar\/#\/schema\/logo\/image\/\",\"url\":\"http:\/\/golzartea.com\/wp-content\/uploads\/2020\/07\/GTlogo.svg\",\"contentUrl\":\"http:\/\/golzartea.com\/wp-content\/uploads\/2020\/07\/GTlogo.svg\",\"width\":848,\"height\":441,\"caption\":\"Golzar Premium Tea\"},\"image\":{\"@id\":\"https:\/\/darkslategray-caribou-741384.hostingersite.com\/ar\/#\/schema\/logo\/image\/\"},\"sameAs\":[\"https:\/\/www.facebook.com\/golzartea\",\"https:\/\/x.com\/golzartea\",\"https:\/\/www.instagram.com\/golzartea\/\",\"https:\/\/www.linkedin.com\/company\/golzar-tea\"]}]}<\/script>\n<!-- \/ Yoast SEO Premium plugin. -->","yoast_head_json":{"title":"FAQs - Golzar Tea","robots":{"index":"index","follow":"follow","max-snippet":"max-snippet:-1","max-image-preview":"max-image-preview:large","max-video-preview":"max-video-preview:-1"},"canonical":"https:\/\/golzartea.com\/tr\/faqs\/","og_locale":"tr_TR","og_type":"article","og_title":"FAQs","og_description":"1What type of teas do you have? At the present time, Golzar Tea offers Classic, Earl Grey, English Breakfast and Green Tea. We will also be [\u2026]","og_url":"https:\/\/golzartea.com\/tr\/faqs\/","og_site_name":"Golzar Tea","article_publisher":"https:\/\/www.facebook.com\/golzartea","article_modified_time":"2022-01-11T16:17:23+00:00","og_image":[{"url":"http:\/\/golzartea.com\/wp-content\/uploads\/2022\/01\/GTfaq.jpg","type":"","width":"","height":""}],"twitter_card":"summary_large_image","twitter_site":"@golzartea","schema":{"@context":"https:\/\/schema.org","@graph":[{"@type":"WebPage","@id":"https:\/\/golzartea.com\/az\/faqs\/","url":"https:\/\/golzartea.com\/az\/faqs\/","name":"FAQs - Golzar Tea","isPartOf":{"@id":"https:\/\/darkslategray-caribou-741384.hostingersite.com\/ar\/#website"},"primaryImageOfPage":{"@id":"https:\/\/golzartea.com\/az\/faqs\/#primaryimage"},"image":{"@id":"https:\/\/golzartea.com\/az\/faqs\/#primaryimage"},"thumbnailUrl":"http:\/\/golzartea.com\/wp-content\/uploads\/2022\/01\/GTfaq.jpg","datePublished":"2021-12-07T21:35:59+00:00","dateModified":"2022-01-11T16:17:23+00:00","breadcrumb":{"@id":"https:\/\/golzartea.com\/az\/faqs\/#breadcrumb"},"inLanguage":"tr","potentialAction":[{"@type":"ReadAction","target":["https:\/\/golzartea.com\/az\/faqs\/"]}]},{"@type":"ImageObject","inLanguage":"tr","@id":"https:\/\/golzartea.com\/az\/faqs\/#primaryimage","url":"http:\/\/golzartea.com\/wp-content\/uploads\/2022\/01\/GTfaq.jpg","contentUrl":"http:\/\/golzartea.com\/wp-content\/uploads\/2022\/01\/GTfaq.jpg"},{"@type":"BreadcrumbList","@id":"https:\/\/golzartea.com\/az\/faqs\/#breadcrumb","itemListElement":[{"@type":"ListItem","position":1,"name":"Home","item":"https:\/\/darkslategray-caribou-741384.hostingersite.com\/ar\/"},{"@type":"ListItem","position":2,"name":"FAQs"}]},{"@type":"WebSite","@id":"https:\/\/darkslategray-caribou-741384.hostingersite.com\/ar\/#website","url":"https:\/\/darkslategray-caribou-741384.hostingersite.com\/ar\/","name":"Golzar Tea","description":"Welcome to Golzar Tea. Premium tea that refreshes you.","publisher":{"@id":"https:\/\/darkslategray-caribou-741384.hostingersite.com\/ar\/#organization"},"potentialAction":[{"@type":"SearchAction","target":{"@type":"EntryPoint","urlTemplate":"https:\/\/darkslategray-caribou-741384.hostingersite.com\/ar\/?s={search_term_string}"},"query-input":{"@type":"PropertyValueSpecification","valueRequired":true,"valueName":"search_term_string"}}],"inLanguage":"tr"},{"@type":"Organization","@id":"https:\/\/darkslategray-caribou-741384.hostingersite.com\/ar\/#organization","name":"Golzar Premium Tea","url":"https:\/\/darkslategray-caribou-741384.hostingersite.com\/ar\/","logo":{"@type":"ImageObject","inLanguage":"tr","@id":"https:\/\/darkslategray-caribou-741384.hostingersite.com\/ar\/#\/schema\/logo\/image\/","url":"http:\/\/golzartea.com\/wp-content\/uploads\/2020\/07\/GTlogo.svg","contentUrl":"http:\/\/golzartea.com\/wp-content\/uploads\/2020\/07\/GTlogo.svg","width":848,"height":441,"caption":"Golzar Premium Tea"},"image":{"@id":"https:\/\/darkslategray-caribou-741384.hostingersite.com\/ar\/#\/schema\/logo\/image\/"},"sameAs":["https:\/\/www.facebook.com\/golzartea","https:\/\/x.com\/golzartea","https:\/\/www.instagram.com\/golzartea\/","https:\/\/www.linkedin.com\/company\/golzar-tea"]}]}},"_hostinger_reach_plugin_has_subscription_block":false,"_hostinger_reach_plugin_is_elementor":false,"_links":{"self":[{"href":"https:\/\/golzartea.com\/tr\/wp-json\/wp\/v2\/pages\/776","targetHints":{"allow":["GET"]}}],"collection":[{"href":"https:\/\/golzartea.com\/tr\/wp-json\/wp\/v2\/pages"}],"about":[{"href":"https:\/\/golzartea.com\/tr\/wp-json\/wp\/v2\/types\/page"}],"author":[{"embeddable":true,"href":"https:\/\/golzartea.com\/tr\/wp-json\/wp\/v2\/users\/1"}],"replies":[{"embeddable":true,"href":"https:\/\/golzartea.com\/tr\/wp-json\/wp\/v2\/comments?post=776"}],"version-history":[{"count":0,"href":"https:\/\/golzartea.com\/tr\/wp-json\/wp\/v2\/pages\/776\/revisions"}],"wp:attachment":[{"href":"https:\/\/golzartea.com\/tr\/wp-json\/wp\/v2\/media?parent=776"}],"curies":[{"name":"wp","href":"https:\/\/api.w.org\/{rel}","templated":true}]}}