{"id":36,"date":"2017-09-16T22:51:33","date_gmt":"2017-09-16T22:51:33","guid":{"rendered":"https:\/\/darkslategray-caribou-741384.hostingersite.com\/?page_id=36"},"modified":"2025-08-19T14:32:21","modified_gmt":"2025-08-19T13:32:21","slug":"our-story","status":"publish","type":"page","link":"https:\/\/golzartea.com\/tr\/our-story\/","title":{"rendered":"Bizim hikayemiz"},"content":{"rendered":"<div data-elementor-type=\"wp-page\" data-elementor-id=\"36\" class=\"elementor elementor-36\" data-elementor-post-type=\"page\">\n\t\t\t\t\t\t<section class=\"elementor-section elementor-top-section elementor-element elementor-element-83dc7c1 elementor-section-full_width elementor-section-stretched elementor-section-height-default elementor-section-height-default\" data-id=\"83dc7c1\" data-element_type=\"section\" data-settings=\"{&quot;stretch_section&quot;:&quot;section-stretched&quot;}\">\n\t\t\t\t\t\t<div class=\"elementor-container elementor-column-gap-no\">\n\t\t\t\t\t<div class=\"elementor-column elementor-col-100 elementor-top-column elementor-element elementor-element-5f1ca82\" data-id=\"5f1ca82\" data-element_type=\"column\">\n\t\t\t<div class=\"elementor-widget-wrap elementor-element-populated\">\n\t\t\t\t\t\t<div class=\"elementor-element elementor-element-75b7875 elementor-widget elementor-widget-image\" data-id=\"75b7875\" data-element_type=\"widget\" data-widget_type=\"image.default\">\n\t\t\t\t<div class=\"elementor-widget-container\">\n\t\t\t\t\t\t\t\t\t\t\t\t\t\t\t<img fetchpriority=\"high\" decoding=\"async\" width=\"1600\" height=\"646\" src=\"https:\/\/golzartea.com\/wp-content\/uploads\/2021\/12\/ourstory-en.jpg\" class=\"attachment-full size-full wp-image-1267\" alt=\"\" srcset=\"https:\/\/golzartea.com\/wp-content\/uploads\/2021\/12\/ourstory-en.jpg 1600w, https:\/\/golzartea.com\/wp-content\/uploads\/2021\/12\/ourstory-en-800x323.jpg 800w, https:\/\/golzartea.com\/wp-content\/uploads\/2021\/12\/ourstory-en-300x121.jpg 300w, https:\/\/golzartea.com\/wp-content\/uploads\/2021\/12\/ourstory-en-1024x413.jpg 1024w, https:\/\/golzartea.com\/wp-content\/uploads\/2021\/12\/ourstory-en-768x310.jpg 768w, https:\/\/golzartea.com\/wp-content\/uploads\/2021\/12\/ourstory-en-1536x620.jpg 1536w, https:\/\/golzartea.com\/wp-content\/uploads\/2021\/12\/ourstory-en-18x7.jpg 18w, https:\/\/golzartea.com\/wp-content\/uploads\/2021\/12\/ourstory-en-260x105.jpg 260w, https:\/\/golzartea.com\/wp-content\/uploads\/2021\/12\/ourstory-en-50x20.jpg 50w, https:\/\/golzartea.com\/wp-content\/uploads\/2021\/12\/ourstory-en-150x61.jpg 150w\" sizes=\"(max-width:767px) 700px, (max-width:1600px) 100vw, 1600px\" \/>\t\t\t\t\t\t\t\t\t\t\t\t\t\t\t<\/div>\n\t\t\t\t<\/div>\n\t\t\t\t\t<\/div>\n\t\t<\/div>\n\t\t\t\t\t<\/div>\n\t\t<\/section>\n\t\t\t\t<section class=\"elementor-section elementor-top-section elementor-element elementor-element-52cbb0e elementor-section-boxed elementor-section-height-default elementor-section-height-default\" data-id=\"52cbb0e\" data-element_type=\"section\">\n\t\t\t\t\t\t<div class=\"elementor-container elementor-column-gap-default\">\n\t\t\t\t\t<div class=\"elementor-column elementor-col-100 elementor-top-column elementor-element elementor-element-8e5e691\" data-id=\"8e5e691\" data-element_type=\"column\">\n\t\t\t<div class=\"elementor-widget-wrap elementor-element-populated\">\n\t\t\t\t\t\t<div class=\"elementor-element elementor-element-cf4ab75 elementor-widget elementor-widget-spacer\" data-id=\"cf4ab75\" data-element_type=\"widget\" data-widget_type=\"spacer.default\">\n\t\t\t\t<div class=\"elementor-widget-container\">\n\t\t\t\t\t\t\t<div class=\"elementor-spacer\">\n\t\t\t<div class=\"elementor-spacer-inner\"><\/div>\n\t\t<\/div>\n\t\t\t\t\t\t<\/div>\n\t\t\t\t<\/div>\n\t\t\t\t<div class=\"elementor-element elementor-element-5ff9b30 elementor-widget elementor-widget-image\" data-id=\"5ff9b30\" data-element_type=\"widget\" data-widget_type=\"image.default\">\n\t\t\t\t<div class=\"elementor-widget-container\">\n\t\t\t\t\t\t\t\t\t\t\t\t\t\t\t<img decoding=\"async\" width=\"848\" height=\"441\" src=\"https:\/\/golzartea.com\/wp-content\/uploads\/2020\/07\/GTlogo.svg\" class=\"attachment-full size-full wp-image-1974\" alt=\"\" \/>\t\t\t\t\t\t\t\t\t\t\t\t\t\t\t<\/div>\n\t\t\t\t<\/div>\n\t\t\t\t\t<\/div>\n\t\t<\/div>\n\t\t\t\t\t<\/div>\n\t\t<\/section>\n\t\t\t\t<section class=\"elementor-section elementor-top-section elementor-element elementor-element-4cdc454 elementor-section-boxed elementor-section-height-default elementor-section-height-default\" data-id=\"4cdc454\" data-element_type=\"section\">\n\t\t\t\t\t\t<div class=\"elementor-container elementor-column-gap-default\">\n\t\t\t\t\t<div class=\"elementor-column elementor-col-100 elementor-top-column elementor-element elementor-element-fe9a51d\" data-id=\"fe9a51d\" data-element_type=\"column\">\n\t\t\t<div class=\"elementor-widget-wrap elementor-element-populated\">\n\t\t\t\t\t\t<div class=\"elementor-element elementor-element-45e0dde elementor-widget elementor-widget-spacer\" data-id=\"45e0dde\" data-element_type=\"widget\" data-widget_type=\"spacer.default\">\n\t\t\t\t<div class=\"elementor-widget-container\">\n\t\t\t\t\t\t\t<div class=\"elementor-spacer\">\n\t\t\t<div class=\"elementor-spacer-inner\"><\/div>\n\t\t<\/div>\n\t\t\t\t\t\t<\/div>\n\t\t\t\t<\/div>\n\t\t\t\t\t<\/div>\n\t\t<\/div>\n\t\t\t\t\t<\/div>\n\t\t<\/section>\n\t\t\t\t<section class=\"elementor-section elementor-top-section elementor-element elementor-element-f4db32c elementor-section-boxed elementor-section-height-default elementor-section-height-default\" data-id=\"f4db32c\" data-element_type=\"section\">\n\t\t\t\t\t\t<div class=\"elementor-container elementor-column-gap-default\">\n\t\t\t\t\t<div class=\"elementor-column elementor-col-25 elementor-top-column elementor-element elementor-element-6360385\" data-id=\"6360385\" data-element_type=\"column\">\n\t\t\t<div class=\"elementor-widget-wrap elementor-element-populated\">\n\t\t\t\t\t\t<div class=\"elementor-element elementor-element-262bed4 elementor-widget elementor-widget-image\" data-id=\"262bed4\" data-element_type=\"widget\" data-widget_type=\"image.default\">\n\t\t\t\t<div class=\"elementor-widget-container\">\n\t\t\t\t\t\t\t\t\t\t\t\t\t\t\t<img decoding=\"async\" width=\"400\" height=\"442\" src=\"https:\/\/golzartea.com\/wp-content\/uploads\/2021\/12\/gt-tea-plant.jpg\" class=\"attachment-full size-full wp-image-696\" alt=\"\" srcset=\"https:\/\/golzartea.com\/wp-content\/uploads\/2021\/12\/gt-tea-plant.jpg 400w, https:\/\/golzartea.com\/wp-content\/uploads\/2021\/12\/gt-tea-plant-271x300.jpg 271w, https:\/\/golzartea.com\/wp-content\/uploads\/2021\/12\/gt-tea-plant-11x12.jpg 11w, https:\/\/golzartea.com\/wp-content\/uploads\/2021\/12\/gt-tea-plant-132x146.jpg 132w, https:\/\/golzartea.com\/wp-content\/uploads\/2021\/12\/gt-tea-plant-45x50.jpg 45w, https:\/\/golzartea.com\/wp-content\/uploads\/2021\/12\/gt-tea-plant-68x75.jpg 68w\" sizes=\"(max-width:767px) 400px, 400px\" \/>\t\t\t\t\t\t\t\t\t\t\t\t\t\t\t<\/div>\n\t\t\t\t<\/div>\n\t\t\t\t\t<\/div>\n\t\t<\/div>\n\t\t\t\t<div class=\"elementor-column elementor-col-50 elementor-top-column elementor-element elementor-element-b70ac24\" data-id=\"b70ac24\" data-element_type=\"column\">\n\t\t\t<div class=\"elementor-widget-wrap elementor-element-populated\">\n\t\t\t\t\t\t<div class=\"elementor-element elementor-element-c415b36 elementor-widget elementor-widget-text-editor\" data-id=\"c415b36\" data-element_type=\"widget\" data-widget_type=\"text-editor.default\">\n\t\t\t\t<div class=\"elementor-widget-container\">\n\t\t\t\t\t\t\t\t\t<p>Hayatta bir\u00e7ok basit zevk vard\u0131r ve bunlardan biri lezzetli bir fincan \u00e7ay\u0131n tad\u0131n\u0131 \u00e7\u0131karmakt\u0131r.<\/p><p>1992'deki ilk ba\u015flang\u0131c\u0131m\u0131zdan bu yana, ailemiz en kaliteli \u00e7ay\u0131 sunmaktan gurur duymaktad\u0131r ve her hasatta sad\u0131k \u00e7ay i\u00e7icilerimizin Golzar Tea markam\u0131z alt\u0131nda en iyi tad\u0131 ve birinci s\u0131n\u0131f \u00e7ay\u0131 deneyimlemesini sa\u011flar.<\/p><p>Golzar Premium Tea, b\u00f6lgenin \u00f6nde gelen \u00e7ay \u00fcreticilerinden biriyle ortakla\u015fa Sri Lanka'n\u0131n da\u011fl\u0131k b\u00f6lgelerinden geliyor. Avrupa, Orta Do\u011fu ve Orta Asya \u00fclkelerinde faaliyet g\u00f6steren d\u00fcnya \u00e7ap\u0131nda bir markay\u0131z.<\/p><p>Golzar \u00c7ay\u0131 hakk\u0131nda daha fazla bilgi edinmek isterseniz, l\u00fctfen sosyal medya hesaplar\u0131m\u0131z\u0131 ziyaret edin:<\/p>\t\t\t\t\t\t\t\t<\/div>\n\t\t\t\t<\/div>\n\t\t\t\t<div class=\"elementor-element elementor-element-7c19d6c elementor-shape-circle elementor-grid-0 e-grid-align-center elementor-widget elementor-widget-social-icons\" data-id=\"7c19d6c\" data-element_type=\"widget\" data-widget_type=\"social-icons.default\">\n\t\t\t\t<div class=\"elementor-widget-container\">\n\t\t\t\t\t\t\t<div class=\"elementor-social-icons-wrapper elementor-grid\" role=\"list\">\n\t\t\t\t\t\t\t<span class=\"elementor-grid-item\" role=\"listitem\">\n\t\t\t\t\t<a class=\"elementor-icon elementor-social-icon elementor-social-icon-linkedin elementor-animation-push elementor-repeater-item-c30076a\" href=\"https:\/\/www.linkedin.com\/company\/golzar-tea\" target=\"_blank\">\n\t\t\t\t\t\t<span class=\"elementor-screen-only\">Linkedin<\/span>\n\t\t\t\t\t\t<i aria-hidden=\"true\" class=\"fab fa-linkedin\"><\/i>\t\t\t\t\t<\/a>\n\t\t\t\t<\/span>\n\t\t\t\t\t\t\t<span class=\"elementor-grid-item\" role=\"listitem\">\n\t\t\t\t\t<a class=\"elementor-icon elementor-social-icon elementor-social-icon-instagram elementor-animation-push elementor-repeater-item-ab18110\" href=\"https:\/\/www.instagram.com\/golzartea\/\" target=\"_blank\">\n\t\t\t\t\t\t<span class=\"elementor-screen-only\">Instagram<\/span>\n\t\t\t\t\t\t<i aria-hidden=\"true\" class=\"fab fa-instagram\"><\/i>\t\t\t\t\t<\/a>\n\t\t\t\t<\/span>\n\t\t\t\t\t\t\t<span class=\"elementor-grid-item\" role=\"listitem\">\n\t\t\t\t\t<a class=\"elementor-icon elementor-social-icon elementor-social-icon-facebook elementor-animation-push elementor-repeater-item-189f1df\" href=\"https:\/\/www.facebook.com\/golzartea\" target=\"_blank\">\n\t\t\t\t\t\t<span class=\"elementor-screen-only\">Facebook<\/span>\n\t\t\t\t\t\t<i aria-hidden=\"true\" class=\"fab fa-facebook\"><\/i>\t\t\t\t\t<\/a>\n\t\t\t\t<\/span>\n\t\t\t\t\t\t\t<span class=\"elementor-grid-item\" role=\"listitem\">\n\t\t\t\t\t<a class=\"elementor-icon elementor-social-icon elementor-social-icon- elementor-animation-push elementor-repeater-item-8fcae3d\" href=\"https:\/\/twitter.com\/golzartea\" target=\"_blank\">\n\t\t\t\t\t\t<span class=\"elementor-screen-only\"><\/span>\n\t\t\t\t\t\t<svg xmlns=\"http:\/\/www.w3.org\/2000\/svg\" viewbox=\"0 0 512 512\"><path d=\"M389.2 48h70.6L305.6 224.2 487 464H345L233.7 318.6 106.5 464H35.8L200.7 275.5 26.8 48H172.4L272.9 180.9 389.2 48zM364.4 421.8h39.1L151.1 88h-42L364.4 421.8z\"><\/path><\/svg>\t\t\t\t\t<\/a>\n\t\t\t\t<\/span>\n\t\t\t\t\t<\/div>\n\t\t\t\t\t\t<\/div>\n\t\t\t\t<\/div>\n\t\t\t\t\t<\/div>\n\t\t<\/div>\n\t\t\t\t<div class=\"elementor-column elementor-col-25 elementor-top-column elementor-element elementor-element-b485f7a\" data-id=\"b485f7a\" data-element_type=\"column\">\n\t\t\t<div class=\"elementor-widget-wrap elementor-element-populated\">\n\t\t\t\t\t\t<div class=\"elementor-element elementor-element-7f5f7fb elementor-widget elementor-widget-image\" data-id=\"7f5f7fb\" data-element_type=\"widget\" data-widget_type=\"image.default\">\n\t\t\t\t<div class=\"elementor-widget-container\">\n\t\t\t\t\t\t\t\t\t\t\t\t\t\t\t<img loading=\"lazy\" decoding=\"async\" width=\"400\" height=\"442\" src=\"https:\/\/golzartea.com\/wp-content\/uploads\/2021\/12\/gt-tea-drinking.jpg\" class=\"attachment-large size-large wp-image-732\" alt=\"\" srcset=\"https:\/\/golzartea.com\/wp-content\/uploads\/2021\/12\/gt-tea-drinking.jpg 400w, https:\/\/golzartea.com\/wp-content\/uploads\/2021\/12\/gt-tea-drinking-271x300.jpg 271w, https:\/\/golzartea.com\/wp-content\/uploads\/2021\/12\/gt-tea-drinking-11x12.jpg 11w, https:\/\/golzartea.com\/wp-content\/uploads\/2021\/12\/gt-tea-drinking-132x146.jpg 132w, https:\/\/golzartea.com\/wp-content\/uploads\/2021\/12\/gt-tea-drinking-45x50.jpg 45w, https:\/\/golzartea.com\/wp-content\/uploads\/2021\/12\/gt-tea-drinking-68x75.jpg 68w\" sizes=\"(max-width:767px) 400px, 400px\" \/>\t\t\t\t\t\t\t\t\t\t\t\t\t\t\t<\/div>\n\t\t\t\t<\/div>\n\t\t\t\t\t<\/div>\n\t\t<\/div>\n\t\t\t\t\t<\/div>\n\t\t<\/section>\n\t\t\t\t<section class=\"elementor-section elementor-top-section elementor-element elementor-element-2604cb0 elementor-section-boxed elementor-section-height-default elementor-section-height-default\" data-id=\"2604cb0\" data-element_type=\"section\">\n\t\t\t\t\t\t<div class=\"elementor-container elementor-column-gap-default\">\n\t\t\t\t\t<div class=\"elementor-column elementor-col-100 elementor-top-column elementor-element elementor-element-23a1a9a\" data-id=\"23a1a9a\" data-element_type=\"column\">\n\t\t\t<div class=\"elementor-widget-wrap elementor-element-populated\">\n\t\t\t\t\t\t<div class=\"elementor-element elementor-element-e08e95c elementor-widget elementor-widget-spacer\" data-id=\"e08e95c\" data-element_type=\"widget\" data-widget_type=\"spacer.default\">\n\t\t\t\t<div class=\"elementor-widget-container\">\n\t\t\t\t\t\t\t<div class=\"elementor-spacer\">\n\t\t\t<div class=\"elementor-spacer-inner\"><\/div>\n\t\t<\/div>\n\t\t\t\t\t\t<\/div>\n\t\t\t\t<\/div>\n\t\t\t\t\t<\/div>\n\t\t<\/div>\n\t\t\t\t\t<\/div>\n\t\t<\/section>\n\t\t\t\t<section class=\"elementor-section elementor-top-section elementor-element elementor-element-03e1d32 elementor-section-boxed elementor-section-height-default elementor-section-height-default\" data-id=\"03e1d32\" data-element_type=\"section\">\n\t\t\t\t\t\t<div class=\"elementor-container elementor-column-gap-default\">\n\t\t\t\t\t<div class=\"elementor-column elementor-col-100 elementor-top-column elementor-element elementor-element-41aaffe\" data-id=\"41aaffe\" data-element_type=\"column\">\n\t\t\t<div class=\"elementor-widget-wrap\">\n\t\t\t\t\t\t\t<\/div>\n\t\t<\/div>\n\t\t\t\t\t<\/div>\n\t\t<\/section>\n\t\t\t\t<\/div>","protected":false},"excerpt":{"rendered":"<p>Hayatta bir\u00e7ok basit zevk vard\u0131r ve bunlardan biri lezzetli bir fincan \u00e7ay\u0131n tad\u0131n\u0131 \u00e7\u0131karmakt\u0131r. 1992&#039;deki ilk ba\u015flang\u0131c\u0131m\u0131zdan beri, ailemiz<span class=\"excerpt-hellip\"> [\u2026]<\/span><\/p>","protected":false},"author":1,"featured_media":0,"parent":0,"menu_order":0,"comment_status":"closed","ping_status":"closed","template":"","meta":{"footnotes":""},"class_list":["post-36","page","type-page","status-publish","hentry"],"yoast_head":"<!-- This site is optimized with the Yoast SEO Premium plugin v21.2 (Yoast SEO v26.4) - https:\/\/yoast.com\/wordpress\/plugins\/seo\/ -->\n<title>Our Story - Golzar Tea<\/title>\n<meta name=\"robots\" content=\"index, follow, max-snippet:-1, max-image-preview:large, max-video-preview:-1\" \/>\n<link rel=\"canonical\" href=\"https:\/\/golzartea.com\/tr\/our-story\/\" \/>\n<meta property=\"og:locale\" content=\"tr_TR\" \/>\n<meta property=\"og:type\" content=\"article\" \/>\n<meta property=\"og:title\" content=\"Our Story\" \/>\n<meta property=\"og:description\" content=\"There&#8217;s lots of simple pleasures in life, and one of them is enjoying a delicious cup of tea. Since our early beginnings in 1992, our family [\u2026]\" \/>\n<meta property=\"og:url\" content=\"https:\/\/golzartea.com\/tr\/our-story\/\" \/>\n<meta property=\"og:site_name\" content=\"Golzar Tea\" \/>\n<meta property=\"article:publisher\" content=\"https:\/\/www.facebook.com\/golzartea\" \/>\n<meta property=\"article:modified_time\" content=\"2025-08-19T13:32:21+00:00\" \/>\n<meta property=\"og:image\" content=\"http:\/\/golzartea.com\/wp-content\/uploads\/2021\/12\/ourstory-en.jpg\" \/>\n<meta name=\"twitter:card\" content=\"summary_large_image\" \/>\n<meta name=\"twitter:site\" content=\"@golzartea\" \/>\n<script type=\"application\/ld+json\" class=\"yoast-schema-graph\">{\"@context\":\"https:\/\/schema.org\",\"@graph\":[{\"@type\":\"WebPage\",\"@id\":\"https:\/\/golzartea.com\/fa\/our-story\/\",\"url\":\"https:\/\/golzartea.com\/fa\/our-story\/\",\"name\":\"Our Story - Golzar Tea\",\"isPartOf\":{\"@id\":\"https:\/\/darkslategray-caribou-741384.hostingersite.com\/ar\/#website\"},\"primaryImageOfPage\":{\"@id\":\"https:\/\/golzartea.com\/fa\/our-story\/#primaryimage\"},\"image\":{\"@id\":\"https:\/\/golzartea.com\/fa\/our-story\/#primaryimage\"},\"thumbnailUrl\":\"http:\/\/golzartea.com\/wp-content\/uploads\/2021\/12\/ourstory-en.jpg\",\"datePublished\":\"2017-09-16T22:51:33+00:00\",\"dateModified\":\"2025-08-19T13:32:21+00:00\",\"breadcrumb\":{\"@id\":\"https:\/\/golzartea.com\/fa\/our-story\/#breadcrumb\"},\"inLanguage\":\"tr\",\"potentialAction\":[{\"@type\":\"ReadAction\",\"target\":[\"https:\/\/golzartea.com\/fa\/our-story\/\"]}]},{\"@type\":\"ImageObject\",\"inLanguage\":\"tr\",\"@id\":\"https:\/\/golzartea.com\/fa\/our-story\/#primaryimage\",\"url\":\"http:\/\/golzartea.com\/wp-content\/uploads\/2021\/12\/ourstory-en.jpg\",\"contentUrl\":\"http:\/\/golzartea.com\/wp-content\/uploads\/2021\/12\/ourstory-en.jpg\"},{\"@type\":\"BreadcrumbList\",\"@id\":\"https:\/\/golzartea.com\/fa\/our-story\/#breadcrumb\",\"itemListElement\":[{\"@type\":\"ListItem\",\"position\":1,\"name\":\"Home\",\"item\":\"https:\/\/darkslategray-caribou-741384.hostingersite.com\/ar\/\"},{\"@type\":\"ListItem\",\"position\":2,\"name\":\"Our Story\"}]},{\"@type\":\"WebSite\",\"@id\":\"https:\/\/darkslategray-caribou-741384.hostingersite.com\/ar\/#website\",\"url\":\"https:\/\/darkslategray-caribou-741384.hostingersite.com\/ar\/\",\"name\":\"Golzar Tea\",\"description\":\"Welcome to Golzar Tea. Premium tea that refreshes you.\",\"publisher\":{\"@id\":\"https:\/\/darkslategray-caribou-741384.hostingersite.com\/ar\/#organization\"},\"potentialAction\":[{\"@type\":\"SearchAction\",\"target\":{\"@type\":\"EntryPoint\",\"urlTemplate\":\"https:\/\/darkslategray-caribou-741384.hostingersite.com\/ar\/?s={search_term_string}\"},\"query-input\":{\"@type\":\"PropertyValueSpecification\",\"valueRequired\":true,\"valueName\":\"search_term_string\"}}],\"inLanguage\":\"tr\"},{\"@type\":\"Organization\",\"@id\":\"https:\/\/darkslategray-caribou-741384.hostingersite.com\/ar\/#organization\",\"name\":\"Golzar Premium Tea\",\"url\":\"https:\/\/darkslategray-caribou-741384.hostingersite.com\/ar\/\",\"logo\":{\"@type\":\"ImageObject\",\"inLanguage\":\"tr\",\"@id\":\"https:\/\/darkslategray-caribou-741384.hostingersite.com\/ar\/#\/schema\/logo\/image\/\",\"url\":\"http:\/\/golzartea.com\/wp-content\/uploads\/2020\/07\/GTlogo.svg\",\"contentUrl\":\"http:\/\/golzartea.com\/wp-content\/uploads\/2020\/07\/GTlogo.svg\",\"width\":848,\"height\":441,\"caption\":\"Golzar Premium Tea\"},\"image\":{\"@id\":\"https:\/\/darkslategray-caribou-741384.hostingersite.com\/ar\/#\/schema\/logo\/image\/\"},\"sameAs\":[\"https:\/\/www.facebook.com\/golzartea\",\"https:\/\/x.com\/golzartea\",\"https:\/\/www.instagram.com\/golzartea\/\",\"https:\/\/www.linkedin.com\/company\/golzar-tea\"]}]}<\/script>\n<!-- \/ Yoast SEO Premium plugin. -->","yoast_head_json":{"title":"Our Story - Golzar Tea","robots":{"index":"index","follow":"follow","max-snippet":"max-snippet:-1","max-image-preview":"max-image-preview:large","max-video-preview":"max-video-preview:-1"},"canonical":"https:\/\/golzartea.com\/tr\/our-story\/","og_locale":"tr_TR","og_type":"article","og_title":"Our Story","og_description":"There&#8217;s lots of simple pleasures in life, and one of them is enjoying a delicious cup of tea. Since our early beginnings in 1992, our family [\u2026]","og_url":"https:\/\/golzartea.com\/tr\/our-story\/","og_site_name":"Golzar Tea","article_publisher":"https:\/\/www.facebook.com\/golzartea","article_modified_time":"2025-08-19T13:32:21+00:00","og_image":[{"url":"http:\/\/golzartea.com\/wp-content\/uploads\/2021\/12\/ourstory-en.jpg","type":"","width":"","height":""}],"twitter_card":"summary_large_image","twitter_site":"@golzartea","schema":{"@context":"https:\/\/schema.org","@graph":[{"@type":"WebPage","@id":"https:\/\/golzartea.com\/fa\/our-story\/","url":"https:\/\/golzartea.com\/fa\/our-story\/","name":"Our Story - Golzar Tea","isPartOf":{"@id":"https:\/\/darkslategray-caribou-741384.hostingersite.com\/ar\/#website"},"primaryImageOfPage":{"@id":"https:\/\/golzartea.com\/fa\/our-story\/#primaryimage"},"image":{"@id":"https:\/\/golzartea.com\/fa\/our-story\/#primaryimage"},"thumbnailUrl":"http:\/\/golzartea.com\/wp-content\/uploads\/2021\/12\/ourstory-en.jpg","datePublished":"2017-09-16T22:51:33+00:00","dateModified":"2025-08-19T13:32:21+00:00","breadcrumb":{"@id":"https:\/\/golzartea.com\/fa\/our-story\/#breadcrumb"},"inLanguage":"tr","potentialAction":[{"@type":"ReadAction","target":["https:\/\/golzartea.com\/fa\/our-story\/"]}]},{"@type":"ImageObject","inLanguage":"tr","@id":"https:\/\/golzartea.com\/fa\/our-story\/#primaryimage","url":"http:\/\/golzartea.com\/wp-content\/uploads\/2021\/12\/ourstory-en.jpg","contentUrl":"http:\/\/golzartea.com\/wp-content\/uploads\/2021\/12\/ourstory-en.jpg"},{"@type":"BreadcrumbList","@id":"https:\/\/golzartea.com\/fa\/our-story\/#breadcrumb","itemListElement":[{"@type":"ListItem","position":1,"name":"Home","item":"https:\/\/darkslategray-caribou-741384.hostingersite.com\/ar\/"},{"@type":"ListItem","position":2,"name":"Our Story"}]},{"@type":"WebSite","@id":"https:\/\/darkslategray-caribou-741384.hostingersite.com\/ar\/#website","url":"https:\/\/darkslategray-caribou-741384.hostingersite.com\/ar\/","name":"Golzar Tea","description":"Welcome to Golzar Tea. Premium tea that refreshes you.","publisher":{"@id":"https:\/\/darkslategray-caribou-741384.hostingersite.com\/ar\/#organization"},"potentialAction":[{"@type":"SearchAction","target":{"@type":"EntryPoint","urlTemplate":"https:\/\/darkslategray-caribou-741384.hostingersite.com\/ar\/?s={search_term_string}"},"query-input":{"@type":"PropertyValueSpecification","valueRequired":true,"valueName":"search_term_string"}}],"inLanguage":"tr"},{"@type":"Organization","@id":"https:\/\/darkslategray-caribou-741384.hostingersite.com\/ar\/#organization","name":"Golzar Premium Tea","url":"https:\/\/darkslategray-caribou-741384.hostingersite.com\/ar\/","logo":{"@type":"ImageObject","inLanguage":"tr","@id":"https:\/\/darkslategray-caribou-741384.hostingersite.com\/ar\/#\/schema\/logo\/image\/","url":"http:\/\/golzartea.com\/wp-content\/uploads\/2020\/07\/GTlogo.svg","contentUrl":"http:\/\/golzartea.com\/wp-content\/uploads\/2020\/07\/GTlogo.svg","width":848,"height":441,"caption":"Golzar Premium Tea"},"image":{"@id":"https:\/\/darkslategray-caribou-741384.hostingersite.com\/ar\/#\/schema\/logo\/image\/"},"sameAs":["https:\/\/www.facebook.com\/golzartea","https:\/\/x.com\/golzartea","https:\/\/www.instagram.com\/golzartea\/","https:\/\/www.linkedin.com\/company\/golzar-tea"]}]}},"_hostinger_reach_plugin_has_subscription_block":false,"_hostinger_reach_plugin_is_elementor":false,"_links":{"self":[{"href":"https:\/\/golzartea.com\/tr\/wp-json\/wp\/v2\/pages\/36","targetHints":{"allow":["GET"]}}],"collection":[{"href":"https:\/\/golzartea.com\/tr\/wp-json\/wp\/v2\/pages"}],"about":[{"href":"https:\/\/golzartea.com\/tr\/wp-json\/wp\/v2\/types\/page"}],"author":[{"embeddable":true,"href":"https:\/\/golzartea.com\/tr\/wp-json\/wp\/v2\/users\/1"}],"replies":[{"embeddable":true,"href":"https:\/\/golzartea.com\/tr\/wp-json\/wp\/v2\/comments?post=36"}],"version-history":[{"count":6,"href":"https:\/\/golzartea.com\/tr\/wp-json\/wp\/v2\/pages\/36\/revisions"}],"predecessor-version":[{"id":2695,"href":"https:\/\/golzartea.com\/tr\/wp-json\/wp\/v2\/pages\/36\/revisions\/2695"}],"wp:attachment":[{"href":"https:\/\/golzartea.com\/tr\/wp-json\/wp\/v2\/media?parent=36"}],"curies":[{"name":"wp","href":"https:\/\/api.w.org\/{rel}","templated":true}]}}