{"id":2171,"date":"2022-01-08T22:02:43","date_gmt":"2022-01-08T22:02:43","guid":{"rendered":"https:\/\/darkslategray-caribou-741384.hostingersite.com\/?page_id=2171"},"modified":"2022-01-08T23:25:47","modified_gmt":"2022-01-08T23:25:47","slug":"golzar-green-tea","status":"publish","type":"page","link":"https:\/\/golzartea.com\/tr\/golzar-green-tea\/","title":{"rendered":"G\u00f6lzar Ye\u015fil \u00c7ay"},"content":{"rendered":"<div data-elementor-type=\"wp-page\" data-elementor-id=\"2171\" class=\"elementor elementor-2171\" data-elementor-post-type=\"page\">\n\t\t\t\t\t\t<section class=\"elementor-section elementor-top-section elementor-element elementor-element-ec2c78b elementor-section-full_width elementor-section-height-default elementor-section-height-default\" data-id=\"ec2c78b\" data-element_type=\"section\">\n\t\t\t\t\t\t<div class=\"elementor-container elementor-column-gap-default\">\n\t\t\t\t\t<div class=\"elementor-column elementor-col-100 elementor-top-column elementor-element elementor-element-da12e79\" data-id=\"da12e79\" data-element_type=\"column\">\n\t\t\t<div class=\"elementor-widget-wrap elementor-element-populated\">\n\t\t\t\t\t\t<div class=\"elementor-element elementor-element-aa32ac9 elementor-grid-3 elementor-grid-mobile-1 elementor-grid-tablet-3 elementor-products-grid elementor-wc-products elementor-widget elementor-widget-woocommerce-products\" data-id=\"aa32ac9\" data-element_type=\"widget\" data-widget_type=\"woocommerce-products.default\">\n\t\t\t\t<div class=\"elementor-widget-container\">\n\t\t\t\t\t<div class=\"woocommerce columns-3\">\n<div class=\"products_wrapper mfn-woo-products isotope_wrapper default-woo-loop lm_wrapper\">\n\t<ul class=\"products elementor-grid\">\n<li class=\"isotope-item align-center product type-product post-1456 status-publish first instock product_cat-green-tea product_tag-golzar-green-tea product_tag-green-tea has-post-thumbnail shipping-taxable product-type-simple\" >\n\n\t<div class=\"mfn-li-product-row mfn-li-product-row-image\"><div class=\"image_frame scale-with-grid product-loop-thumb\"><div class=\"image_wrapper\"><a href=\"https:\/\/golzartea.com\/tr\/urun\/green-tea\/\" aria-label=\"Ye\u015fil \u00c7ay\" tabindex=\"-1\"><div class=\"mask\"><\/div><img fetchpriority=\"high\" decoding=\"async\" width=\"800\" height=\"1055\" src=\"https:\/\/golzartea.com\/wp-content\/uploads\/2022\/01\/Golzar-Green-Tea-loose-leaf-800x1055.jpg\" class=\"attachment-woocommerce_thumbnail size-woocommerce_thumbnail\" alt=\"Ye\u015fil \u00c7ay\" srcset=\"https:\/\/golzartea.com\/wp-content\/uploads\/2022\/01\/Golzar-Green-Tea-loose-leaf-800x1055.jpg 800w, https:\/\/golzartea.com\/wp-content\/uploads\/2022\/01\/Golzar-Green-Tea-loose-leaf-10x12.jpg 10w\" sizes=\"(max-width:767px) 700px, (max-width:800px) 100vw, 800px\" \/><\/a><div class=\"image_links\"><a class=\"link\" tabindex=\"-1\" href=\"https:\/\/golzartea.com\/tr\/urun\/green-tea\/\"><svg viewbox=\"0 0 26 26\"><defs><style>.path{fill:none;stroke:#333;stroke-miterlimit:10;stroke-width:1.5px;}<\/style><\/defs><g><path d=\"M10.17,8.76l2.12-2.12a5,5,0,0,1,7.07,0h0a5,5,0,0,1,0,7.07l-2.12,2.12\" class=\"path\"\/><path d=\"M15.83,17.24l-2.12,2.12a5,5,0,0,1-7.07,0h0a5,5,0,0,1,0-7.07l2.12-2.12\" class=\"path\"\/><line x1=\"10.17\" y1=\"15.83\" x2=\"15.83\" y2=\"10.17\" class=\"path\"\/><\/g><\/svg><\/a><\/div><\/div><a href=\"https:\/\/golzartea.com\/tr\/urun\/green-tea\/\" aria-label=\"Ye\u015fil \u00c7ay\" tabindex=\"-1\"><span class=\"product-loading-icon added-cart\"><\/span><\/a><\/div><\/div>\n\t<div class=\"desc\">\n\n\t\t\n\t\t<h4 class=\"mfn-woo-product-title\"><a href=\"https:\/\/golzartea.com\/tr\/urun\/green-tea\/\">Ye\u015fil \u00c7ay<\/a><\/h4>\n\t\t<div class=\"excerpt excerpt-1\"><p><strong>\u00a0Saf Seylan \u00c7ay\u0131<\/strong><\/p>\n<\/div>\n<div class=\"mfn-li-product-row mfn-li-product-row-button hide-button\"><\/div>\n\t<\/div>\n\n<\/li>\n<li class=\"isotope-item align-center product type-product post-1475 status-publish instock product_cat-green-tea product_tag-golzar-green-tea product_tag-green-tea has-post-thumbnail shipping-taxable product-type-simple\" >\n\n\t<div class=\"mfn-li-product-row mfn-li-product-row-image\"><div class=\"image_frame scale-with-grid product-loop-thumb\"><div class=\"image_wrapper\"><a href=\"https:\/\/golzartea.com\/tr\/urun\/green-tea-bags\/\" aria-label=\"Ye\u015fil \u00c7ay\" tabindex=\"-1\"><div class=\"mask\"><\/div><img decoding=\"async\" width=\"800\" height=\"1055\" src=\"https:\/\/golzartea.com\/wp-content\/uploads\/2021\/12\/Golzar-Green-Tea-bag-25-800x1055.jpg\" class=\"attachment-woocommerce_thumbnail size-woocommerce_thumbnail\" alt=\"Ye\u015fil \u00c7ay\" srcset=\"https:\/\/golzartea.com\/wp-content\/uploads\/2021\/12\/Golzar-Green-Tea-bag-25-800x1055.jpg 800w, https:\/\/golzartea.com\/wp-content\/uploads\/2021\/12\/Golzar-Green-Tea-bag-25-10x12.jpg 10w\" sizes=\"(max-width:767px) 700px, (max-width:800px) 100vw, 800px\" \/><\/a><div class=\"image_links\"><a class=\"link\" tabindex=\"-1\" href=\"https:\/\/golzartea.com\/tr\/urun\/green-tea-bags\/\"><svg viewbox=\"0 0 26 26\"><defs><style>.path{fill:none;stroke:#333;stroke-miterlimit:10;stroke-width:1.5px;}<\/style><\/defs><g><path d=\"M10.17,8.76l2.12-2.12a5,5,0,0,1,7.07,0h0a5,5,0,0,1,0,7.07l-2.12,2.12\" class=\"path\"\/><path d=\"M15.83,17.24l-2.12,2.12a5,5,0,0,1-7.07,0h0a5,5,0,0,1,0-7.07l2.12-2.12\" class=\"path\"\/><line x1=\"10.17\" y1=\"15.83\" x2=\"15.83\" y2=\"10.17\" class=\"path\"\/><\/g><\/svg><\/a><\/div><\/div><a href=\"https:\/\/golzartea.com\/tr\/urun\/green-tea-bags\/\" aria-label=\"Ye\u015fil \u00c7ay\" tabindex=\"-1\"><span class=\"product-loading-icon added-cart\"><\/span><\/a><\/div><\/div>\n\t<div class=\"desc\">\n\n\t\t\n\t\t<h4 class=\"mfn-woo-product-title\"><a href=\"https:\/\/golzartea.com\/tr\/urun\/green-tea-bags\/\">Ye\u015fil \u00c7ay<\/a><\/h4>\n\t\t<div class=\"excerpt excerpt-1\"><p><strong>S\u00fczen Po\u015fet<\/strong><\/p>\n<\/div>\n<div class=\"mfn-li-product-row mfn-li-product-row-button hide-button\"><\/div>\n\t<\/div>\n\n<\/li>\n<li class=\"isotope-item align-center product type-product post-1805 status-publish last instock product_cat-green-tea product_tag-golzar-green-tea product_tag-green-tea has-post-thumbnail shipping-taxable product-type-simple\" >\n\n\t<div class=\"mfn-li-product-row mfn-li-product-row-image\"><div class=\"image_frame scale-with-grid product-loop-thumb\"><div class=\"image_wrapper\"><a href=\"https:\/\/golzartea.com\/tr\/urun\/green-tea-tin\/\" aria-label=\"Ye\u015fil \u00c7ay\" tabindex=\"-1\"><div class=\"mask\"><\/div><img decoding=\"async\" width=\"800\" height=\"1055\" src=\"https:\/\/golzartea.com\/wp-content\/uploads\/2022\/01\/Golzar-GreenTea-tins-200g-800x1055.jpg\" class=\"attachment-woocommerce_thumbnail size-woocommerce_thumbnail\" alt=\"Ye\u015fil \u00c7ay\" srcset=\"https:\/\/golzartea.com\/wp-content\/uploads\/2022\/01\/Golzar-GreenTea-tins-200g-800x1055.jpg 800w, https:\/\/golzartea.com\/wp-content\/uploads\/2022\/01\/Golzar-GreenTea-tins-200g-10x12.jpg 10w\" sizes=\"(max-width:767px) 700px, (max-width:800px) 100vw, 800px\" \/><\/a><div class=\"image_links\"><a class=\"link\" tabindex=\"-1\" href=\"https:\/\/golzartea.com\/tr\/urun\/green-tea-tin\/\"><svg viewbox=\"0 0 26 26\"><defs><style>.path{fill:none;stroke:#333;stroke-miterlimit:10;stroke-width:1.5px;}<\/style><\/defs><g><path d=\"M10.17,8.76l2.12-2.12a5,5,0,0,1,7.07,0h0a5,5,0,0,1,0,7.07l-2.12,2.12\" class=\"path\"\/><path d=\"M15.83,17.24l-2.12,2.12a5,5,0,0,1-7.07,0h0a5,5,0,0,1,0-7.07l2.12-2.12\" class=\"path\"\/><line x1=\"10.17\" y1=\"15.83\" x2=\"15.83\" y2=\"10.17\" class=\"path\"\/><\/g><\/svg><\/a><\/div><\/div><a href=\"https:\/\/golzartea.com\/tr\/urun\/green-tea-tin\/\" aria-label=\"Ye\u015fil \u00c7ay\" tabindex=\"-1\"><span class=\"product-loading-icon added-cart\"><\/span><\/a><\/div><\/div>\n\t<div class=\"desc\">\n\n\t\t\n\t\t<h4 class=\"mfn-woo-product-title\"><a href=\"https:\/\/golzartea.com\/tr\/urun\/green-tea-tin\/\">Ye\u015fil \u00c7ay<\/a><\/h4>\n\t\t<div class=\"excerpt excerpt-1\"><p><strong>\u00a0Gev\u015fek Siyah \u00c7ay Caddy<\/strong><\/p>\n<\/div>\n<div class=\"mfn-li-product-row mfn-li-product-row-button hide-button\"><\/div>\n\t<\/div>\n\n<\/li>\n\n\t<\/ul>\n<\/div><\/div>\t\t\t\t<\/div>\n\t\t\t\t<\/div>\n\t\t\t\t\t<\/div>\n\t\t<\/div>\n\t\t\t\t\t<\/div>\n\t\t<\/section>\n\t\t\t\t<section class=\"elementor-section elementor-top-section elementor-element elementor-element-52fd3e8 elementor-section-boxed elementor-section-height-default elementor-section-height-default\" data-id=\"52fd3e8\" data-element_type=\"section\">\n\t\t\t\t\t\t<div class=\"elementor-container elementor-column-gap-default\">\n\t\t\t\t\t<div class=\"elementor-column elementor-col-100 elementor-top-column elementor-element elementor-element-809fe03\" data-id=\"809fe03\" data-element_type=\"column\">\n\t\t\t<div class=\"elementor-widget-wrap elementor-element-populated\">\n\t\t\t\t\t\t<div class=\"elementor-element elementor-element-923cb32 elementor-widget elementor-widget-spacer\" data-id=\"923cb32\" data-element_type=\"widget\" data-widget_type=\"spacer.default\">\n\t\t\t\t<div class=\"elementor-widget-container\">\n\t\t\t\t\t\t\t<div class=\"elementor-spacer\">\n\t\t\t<div class=\"elementor-spacer-inner\"><\/div>\n\t\t<\/div>\n\t\t\t\t\t\t<\/div>\n\t\t\t\t<\/div>\n\t\t\t\t\t<\/div>\n\t\t<\/div>\n\t\t\t\t\t<\/div>\n\t\t<\/section>\n\t\t\t\t<\/div>","protected":false},"excerpt":{"rendered":"","protected":false},"author":1,"featured_media":0,"parent":0,"menu_order":0,"comment_status":"closed","ping_status":"closed","template":"","meta":{"footnotes":""},"class_list":["post-2171","page","type-page","status-publish","hentry"],"yoast_head":"<!-- This site is optimized with the Yoast SEO Premium plugin v21.2 (Yoast SEO v26.4) - https:\/\/yoast.com\/wordpress\/plugins\/seo\/ -->\n<title>Golzar Green Tea - Golzar Tea<\/title>\n<meta name=\"robots\" content=\"index, follow, max-snippet:-1, max-image-preview:large, max-video-preview:-1\" \/>\n<link rel=\"canonical\" href=\"https:\/\/golzartea.com\/tr\/golzar-green-tea\/\" \/>\n<meta property=\"og:locale\" content=\"tr_TR\" \/>\n<meta property=\"og:type\" content=\"article\" \/>\n<meta property=\"og:title\" content=\"Golzar Green Tea\" \/>\n<meta property=\"og:url\" content=\"https:\/\/golzartea.com\/tr\/golzar-green-tea\/\" \/>\n<meta property=\"og:site_name\" content=\"Golzar Tea\" \/>\n<meta property=\"article:publisher\" content=\"https:\/\/www.facebook.com\/golzartea\" \/>\n<meta property=\"article:modified_time\" content=\"2022-01-08T23:25:47+00:00\" \/>\n<meta property=\"og:image\" content=\"https:\/\/golzartea.com\/wp-content\/uploads\/2022\/01\/gtbanner02eng.jpg\" \/>\n\t<meta property=\"og:image:width\" content=\"1600\" \/>\n\t<meta property=\"og:image:height\" content=\"744\" \/>\n\t<meta property=\"og:image:type\" content=\"image\/jpeg\" \/>\n<meta name=\"twitter:card\" content=\"summary_large_image\" \/>\n<meta name=\"twitter:site\" content=\"@golzartea\" \/>\n<script type=\"application\/ld+json\" class=\"yoast-schema-graph\">{\"@context\":\"https:\/\/schema.org\",\"@graph\":[{\"@type\":\"WebPage\",\"@id\":\"https:\/\/golzartea.com\/en_gb\/golzar-green-tea\/\",\"url\":\"https:\/\/golzartea.com\/en_gb\/golzar-green-tea\/\",\"name\":\"Golzar Green Tea - Golzar Tea\",\"isPartOf\":{\"@id\":\"https:\/\/darkslategray-caribou-741384.hostingersite.com\/ar\/#website\"},\"datePublished\":\"2022-01-08T22:02:43+00:00\",\"dateModified\":\"2022-01-08T23:25:47+00:00\",\"breadcrumb\":{\"@id\":\"https:\/\/golzartea.com\/en_gb\/golzar-green-tea\/#breadcrumb\"},\"inLanguage\":\"tr\",\"potentialAction\":[{\"@type\":\"ReadAction\",\"target\":[\"https:\/\/golzartea.com\/en_gb\/golzar-green-tea\/\"]}]},{\"@type\":\"BreadcrumbList\",\"@id\":\"https:\/\/golzartea.com\/en_gb\/golzar-green-tea\/#breadcrumb\",\"itemListElement\":[{\"@type\":\"ListItem\",\"position\":1,\"name\":\"Home\",\"item\":\"https:\/\/darkslategray-caribou-741384.hostingersite.com\/ar\/\"},{\"@type\":\"ListItem\",\"position\":2,\"name\":\"Golzar Green Tea\"}]},{\"@type\":\"WebSite\",\"@id\":\"https:\/\/darkslategray-caribou-741384.hostingersite.com\/ar\/#website\",\"url\":\"https:\/\/darkslategray-caribou-741384.hostingersite.com\/ar\/\",\"name\":\"Golzar Tea\",\"description\":\"Welcome to Golzar Tea. Premium tea that refreshes you.\",\"publisher\":{\"@id\":\"https:\/\/darkslategray-caribou-741384.hostingersite.com\/ar\/#organization\"},\"potentialAction\":[{\"@type\":\"SearchAction\",\"target\":{\"@type\":\"EntryPoint\",\"urlTemplate\":\"https:\/\/darkslategray-caribou-741384.hostingersite.com\/ar\/?s={search_term_string}\"},\"query-input\":{\"@type\":\"PropertyValueSpecification\",\"valueRequired\":true,\"valueName\":\"search_term_string\"}}],\"inLanguage\":\"tr\"},{\"@type\":\"Organization\",\"@id\":\"https:\/\/darkslategray-caribou-741384.hostingersite.com\/ar\/#organization\",\"name\":\"Golzar Premium Tea\",\"url\":\"https:\/\/darkslategray-caribou-741384.hostingersite.com\/ar\/\",\"logo\":{\"@type\":\"ImageObject\",\"inLanguage\":\"tr\",\"@id\":\"https:\/\/darkslategray-caribou-741384.hostingersite.com\/ar\/#\/schema\/logo\/image\/\",\"url\":\"http:\/\/golzartea.com\/wp-content\/uploads\/2020\/07\/GTlogo.svg\",\"contentUrl\":\"http:\/\/golzartea.com\/wp-content\/uploads\/2020\/07\/GTlogo.svg\",\"width\":848,\"height\":441,\"caption\":\"Golzar Premium Tea\"},\"image\":{\"@id\":\"https:\/\/darkslategray-caribou-741384.hostingersite.com\/ar\/#\/schema\/logo\/image\/\"},\"sameAs\":[\"https:\/\/www.facebook.com\/golzartea\",\"https:\/\/x.com\/golzartea\",\"https:\/\/www.instagram.com\/golzartea\/\",\"https:\/\/www.linkedin.com\/company\/golzar-tea\"]}]}<\/script>\n<!-- \/ Yoast SEO Premium plugin. -->","yoast_head_json":{"title":"Golzar Green Tea - Golzar Tea","robots":{"index":"index","follow":"follow","max-snippet":"max-snippet:-1","max-image-preview":"max-image-preview:large","max-video-preview":"max-video-preview:-1"},"canonical":"https:\/\/golzartea.com\/tr\/golzar-green-tea\/","og_locale":"tr_TR","og_type":"article","og_title":"Golzar Green Tea","og_url":"https:\/\/golzartea.com\/tr\/golzar-green-tea\/","og_site_name":"Golzar Tea","article_publisher":"https:\/\/www.facebook.com\/golzartea","article_modified_time":"2022-01-08T23:25:47+00:00","og_image":[{"width":1600,"height":744,"url":"https:\/\/golzartea.com\/wp-content\/uploads\/2022\/01\/gtbanner02eng.jpg","type":"image\/jpeg"}],"twitter_card":"summary_large_image","twitter_site":"@golzartea","schema":{"@context":"https:\/\/schema.org","@graph":[{"@type":"WebPage","@id":"https:\/\/golzartea.com\/en_gb\/golzar-green-tea\/","url":"https:\/\/golzartea.com\/en_gb\/golzar-green-tea\/","name":"Golzar Green Tea - Golzar Tea","isPartOf":{"@id":"https:\/\/darkslategray-caribou-741384.hostingersite.com\/ar\/#website"},"datePublished":"2022-01-08T22:02:43+00:00","dateModified":"2022-01-08T23:25:47+00:00","breadcrumb":{"@id":"https:\/\/golzartea.com\/en_gb\/golzar-green-tea\/#breadcrumb"},"inLanguage":"tr","potentialAction":[{"@type":"ReadAction","target":["https:\/\/golzartea.com\/en_gb\/golzar-green-tea\/"]}]},{"@type":"BreadcrumbList","@id":"https:\/\/golzartea.com\/en_gb\/golzar-green-tea\/#breadcrumb","itemListElement":[{"@type":"ListItem","position":1,"name":"Home","item":"https:\/\/darkslategray-caribou-741384.hostingersite.com\/ar\/"},{"@type":"ListItem","position":2,"name":"Golzar Green Tea"}]},{"@type":"WebSite","@id":"https:\/\/darkslategray-caribou-741384.hostingersite.com\/ar\/#website","url":"https:\/\/darkslategray-caribou-741384.hostingersite.com\/ar\/","name":"Golzar Tea","description":"Welcome to Golzar Tea. Premium tea that refreshes you.","publisher":{"@id":"https:\/\/darkslategray-caribou-741384.hostingersite.com\/ar\/#organization"},"potentialAction":[{"@type":"SearchAction","target":{"@type":"EntryPoint","urlTemplate":"https:\/\/darkslategray-caribou-741384.hostingersite.com\/ar\/?s={search_term_string}"},"query-input":{"@type":"PropertyValueSpecification","valueRequired":true,"valueName":"search_term_string"}}],"inLanguage":"tr"},{"@type":"Organization","@id":"https:\/\/darkslategray-caribou-741384.hostingersite.com\/ar\/#organization","name":"Golzar Premium Tea","url":"https:\/\/darkslategray-caribou-741384.hostingersite.com\/ar\/","logo":{"@type":"ImageObject","inLanguage":"tr","@id":"https:\/\/darkslategray-caribou-741384.hostingersite.com\/ar\/#\/schema\/logo\/image\/","url":"http:\/\/golzartea.com\/wp-content\/uploads\/2020\/07\/GTlogo.svg","contentUrl":"http:\/\/golzartea.com\/wp-content\/uploads\/2020\/07\/GTlogo.svg","width":848,"height":441,"caption":"Golzar Premium Tea"},"image":{"@id":"https:\/\/darkslategray-caribou-741384.hostingersite.com\/ar\/#\/schema\/logo\/image\/"},"sameAs":["https:\/\/www.facebook.com\/golzartea","https:\/\/x.com\/golzartea","https:\/\/www.instagram.com\/golzartea\/","https:\/\/www.linkedin.com\/company\/golzar-tea"]}]}},"_hostinger_reach_plugin_has_subscription_block":false,"_hostinger_reach_plugin_is_elementor":false,"_links":{"self":[{"href":"https:\/\/golzartea.com\/tr\/wp-json\/wp\/v2\/pages\/2171","targetHints":{"allow":["GET"]}}],"collection":[{"href":"https:\/\/golzartea.com\/tr\/wp-json\/wp\/v2\/pages"}],"about":[{"href":"https:\/\/golzartea.com\/tr\/wp-json\/wp\/v2\/types\/page"}],"author":[{"embeddable":true,"href":"https:\/\/golzartea.com\/tr\/wp-json\/wp\/v2\/users\/1"}],"replies":[{"embeddable":true,"href":"https:\/\/golzartea.com\/tr\/wp-json\/wp\/v2\/comments?post=2171"}],"version-history":[{"count":0,"href":"https:\/\/golzartea.com\/tr\/wp-json\/wp\/v2\/pages\/2171\/revisions"}],"wp:attachment":[{"href":"https:\/\/golzartea.com\/tr\/wp-json\/wp\/v2\/media?parent=2171"}],"curies":[{"name":"wp","href":"https:\/\/api.w.org\/{rel}","templated":true}]}}