{"id":210,"date":"2020-09-21T18:36:16","date_gmt":"2020-09-21T17:36:16","guid":{"rendered":"https:\/\/darkslategray-caribou-741384.hostingersite.com\/?page_id=210"},"modified":"2023-09-27T22:11:09","modified_gmt":"2023-09-27T21:11:09","slug":"where-is-golzar-tea-from","status":"publish","type":"page","link":"https:\/\/golzartea.com\/tr\/where-is-golzar-tea-from\/","title":{"rendered":"Golzar \u00e7ay\u0131 nerelidir"},"content":{"rendered":"<div data-elementor-type=\"wp-page\" data-elementor-id=\"210\" class=\"elementor elementor-210\" data-elementor-post-type=\"page\">\n\t\t\t\t\t\t<section class=\"elementor-section elementor-top-section elementor-element elementor-element-e47ded7 elementor-section-full_width elementor-section-stretched elementor-section-height-default elementor-section-height-default\" data-id=\"e47ded7\" data-element_type=\"section\" data-settings=\"{&quot;stretch_section&quot;:&quot;section-stretched&quot;}\">\n\t\t\t\t\t\t<div class=\"elementor-container elementor-column-gap-no\">\n\t\t\t\t\t<div class=\"elementor-column elementor-col-100 elementor-top-column elementor-element elementor-element-923cc58\" data-id=\"923cc58\" data-element_type=\"column\">\n\t\t\t<div class=\"elementor-widget-wrap elementor-element-populated\">\n\t\t\t\t\t\t<div class=\"elementor-element elementor-element-7b1e589 elementor-widget elementor-widget-image\" data-id=\"7b1e589\" data-element_type=\"widget\" data-widget_type=\"image.default\">\n\t\t\t\t<div class=\"elementor-widget-container\">\n\t\t\t\t\t\t\t\t\t\t\t\t\t\t\t<img fetchpriority=\"high\" decoding=\"async\" width=\"1600\" height=\"744\" src=\"https:\/\/golzartea.com\/wp-content\/uploads\/2022\/01\/srilanka-gt.jpg\" class=\"attachment-full size-full wp-image-1503\" alt=\"\" srcset=\"https:\/\/golzartea.com\/wp-content\/uploads\/2022\/01\/srilanka-gt.jpg 1600w, https:\/\/golzartea.com\/wp-content\/uploads\/2022\/01\/srilanka-gt-800x372.jpg 800w, https:\/\/golzartea.com\/wp-content\/uploads\/2022\/01\/srilanka-gt-300x140.jpg 300w, https:\/\/golzartea.com\/wp-content\/uploads\/2022\/01\/srilanka-gt-1024x476.jpg 1024w, https:\/\/golzartea.com\/wp-content\/uploads\/2022\/01\/srilanka-gt-768x357.jpg 768w, https:\/\/golzartea.com\/wp-content\/uploads\/2022\/01\/srilanka-gt-1536x714.jpg 1536w, https:\/\/golzartea.com\/wp-content\/uploads\/2022\/01\/srilanka-gt-18x8.jpg 18w, https:\/\/golzartea.com\/wp-content\/uploads\/2022\/01\/srilanka-gt-260x121.jpg 260w, https:\/\/golzartea.com\/wp-content\/uploads\/2022\/01\/srilanka-gt-50x23.jpg 50w, https:\/\/golzartea.com\/wp-content\/uploads\/2022\/01\/srilanka-gt-150x70.jpg 150w\" sizes=\"(max-width:767px) 700px, (max-width:1600px) 100vw, 1600px\" \/>\t\t\t\t\t\t\t\t\t\t\t\t\t\t\t<\/div>\n\t\t\t\t<\/div>\n\t\t\t\t\t<\/div>\n\t\t<\/div>\n\t\t\t\t\t<\/div>\n\t\t<\/section>\n\t\t\t\t<section class=\"elementor-section elementor-top-section elementor-element elementor-element-83df42b elementor-section-boxed elementor-section-height-default elementor-section-height-default\" data-id=\"83df42b\" data-element_type=\"section\">\n\t\t\t\t\t\t<div class=\"elementor-container elementor-column-gap-default\">\n\t\t\t\t\t<div class=\"elementor-column elementor-col-100 elementor-top-column elementor-element elementor-element-47e6e1b\" data-id=\"47e6e1b\" data-element_type=\"column\">\n\t\t\t<div class=\"elementor-widget-wrap elementor-element-populated\">\n\t\t\t\t\t\t<div class=\"elementor-element elementor-element-0d0e099 elementor-widget elementor-widget-spacer\" data-id=\"0d0e099\" data-element_type=\"widget\" data-widget_type=\"spacer.default\">\n\t\t\t\t<div class=\"elementor-widget-container\">\n\t\t\t\t\t\t\t<div class=\"elementor-spacer\">\n\t\t\t<div class=\"elementor-spacer-inner\"><\/div>\n\t\t<\/div>\n\t\t\t\t\t\t<\/div>\n\t\t\t\t<\/div>\n\t\t\t\t\t<\/div>\n\t\t<\/div>\n\t\t\t\t\t<\/div>\n\t\t<\/section>\n\t\t\t\t<section class=\"elementor-section elementor-top-section elementor-element elementor-element-0af3118 elementor-section-full_width elementor-section-height-default elementor-section-height-default\" data-id=\"0af3118\" data-element_type=\"section\" data-settings=\"{&quot;background_background&quot;:&quot;classic&quot;,&quot;shape_divider_top&quot;:&quot;mountains&quot;}\">\n\t\t\t\t\t<div class=\"elementor-shape elementor-shape-top\" aria-hidden=\"true\" data-negative=\"false\">\n\t\t\t<svg xmlns=\"http:\/\/www.w3.org\/2000\/svg\" viewbox=\"0 0 1000 100\" preserveaspectratio=\"none\">\n\t<path class=\"elementor-shape-fill\" opacity=\"0.33\" d=\"M473,67.3c-203.9,88.3-263.1-34-320.3,0C66,119.1,0,59.7,0,59.7V0h1000v59.7 c0,0-62.1,26.1-94.9,29.3c-32.8,3.3-62.8-12.3-75.8-22.1C806,49.6,745.3,8.7,694.9,4.7S492.4,59,473,67.3z\"\/>\n\t<path class=\"elementor-shape-fill\" opacity=\"0.66\" d=\"M734,67.3c-45.5,0-77.2-23.2-129.1-39.1c-28.6-8.7-150.3-10.1-254,39.1 s-91.7-34.4-149.2,0C115.7,118.3,0,39.8,0,39.8V0h1000v36.5c0,0-28.2-18.5-92.1-18.5C810.2,18.1,775.7,67.3,734,67.3z\"\/>\n\t<path class=\"elementor-shape-fill\" d=\"M766.1,28.9c-200-57.5-266,65.5-395.1,19.5C242,1.8,242,5.4,184.8,20.6C128,35.8,132.3,44.9,89.9,52.5C28.6,63.7,0,0,0,0 h1000c0,0-9.9,40.9-83.6,48.1S829.6,47,766.1,28.9z\"\/>\n<\/svg>\t\t<\/div>\n\t\t\t\t\t<div class=\"elementor-container elementor-column-gap-default\">\n\t\t\t\t\t<div class=\"elementor-column elementor-col-100 elementor-top-column elementor-element elementor-element-d59ba26\" data-id=\"d59ba26\" data-element_type=\"column\">\n\t\t\t<div class=\"elementor-widget-wrap elementor-element-populated\">\n\t\t\t\t\t\t<div class=\"elementor-element elementor-element-92fb7d5 elementor-widget elementor-widget-image\" data-id=\"92fb7d5\" data-element_type=\"widget\" data-widget_type=\"image.default\">\n\t\t\t\t<div class=\"elementor-widget-container\">\n\t\t\t\t\t\t\t\t\t\t\t\t\t\t\t<img decoding=\"async\" width=\"250\" height=\"230\" src=\"https:\/\/golzartea.com\/wp-content\/uploads\/2021\/12\/ceylonwlogo.png\" class=\"attachment-large size-large wp-image-633\" alt=\"\" srcset=\"https:\/\/golzartea.com\/wp-content\/uploads\/2021\/12\/ceylonwlogo.png 250w, https:\/\/golzartea.com\/wp-content\/uploads\/2021\/12\/ceylonwlogo-13x12.png 13w, https:\/\/golzartea.com\/wp-content\/uploads\/2021\/12\/ceylonwlogo-159x146.png 159w, https:\/\/golzartea.com\/wp-content\/uploads\/2021\/12\/ceylonwlogo-50x46.png 50w, https:\/\/golzartea.com\/wp-content\/uploads\/2021\/12\/ceylonwlogo-82x75.png 82w\" sizes=\"(max-width:767px) 250px, 250px\" \/>\t\t\t\t\t\t\t\t\t\t\t\t\t\t\t<\/div>\n\t\t\t\t<\/div>\n\t\t\t\t<div class=\"elementor-element elementor-element-491eb4a elementor-widget elementor-widget-text-editor\" data-id=\"491eb4a\" data-element_type=\"widget\" data-widget_type=\"text-editor.default\">\n\t\t\t\t<div class=\"elementor-widget-container\">\n\t\t\t\t\t\t\t\t\t<div class=\"su-row\"><div class=\"su-column su-column-size-3-4\"><div class=\"su-column-inner su-clearfix\"><div class=\"su-animate fadeInLeft animated\" data-animation=\"fadeInLeft\">Ye\u015fil ve bereketli bir ada olan Sri Lanka ada cumhuriyeti, Hindistan'\u0131n g\u00fcneydo\u011fu ucunun hemen alt\u0131nda, Bengal K\u00f6rfezi'nde yer almaktad\u0131r. Sri Lanka eskiden Seylan olarak bilinen bir \u0130ngiliz kraliyet kolonisiydi ve ba\u011f\u0131ms\u0131zl\u0131ktan sonra yakla\u015f\u0131k \u00e7eyrek y\u00fczy\u0131l boyunca bu ismi korudu.<\/div><div class=\"su-animate fadeInLeft animated\" data-animation=\"fadeInLeft\">\u00a0<\/div><div class=\"su-animate fadeInLeft animated\" data-animation=\"fadeInLeft\">\u00c7ay\u0131n ilk kez burada yeti\u015ftirilmeye ve \u00fcretilmeye ba\u015flanmas\u0131 \u0130ngiliz d\u00f6nemindeydi. Seylan \u00e7ay\u0131 k\u0131sa s\u00fcrede d\u00fcnyan\u0131n en iyisi olma \u00fcn\u00fcn\u00fc kazand\u0131 ve \u00e7ay ihracat\u0131 s\u00f6m\u00fcrge ekonomisinin temel dayana\u011f\u0131 haline geldi. D\u00fcnyan\u0131n d\u00f6rt bir yan\u0131ndaki ev kad\u0131nlar\u0131 ve lokantac\u0131lar, bir teneke veya paket \u00fczerindeki g\u00f6r\u00fcn\u00fcm\u00fcn\u00fcn i\u00e7erideki \u00e7ay\u0131n kalitesini g\u00fcvenilir bir \u015fekilde garanti etti\u011fini \u00f6\u011frenerek, \u00fclkenin ad\u0131na a\u015fina oldular. Ba\u011f\u0131ms\u0131zl\u0131k yeni pazarlar getirdi ve \u00fcretim artmaya devam etti. 1965 y\u0131l\u0131nda Seylan ilk kez d\u00fcnyan\u0131n en b\u00fcy\u00fck \u00e7ay ihracat\u00e7\u0131s\u0131 oldu.<\/div><div class=\"su-animate fadeInLeft animated\" data-animation=\"fadeInLeft\">\u00a0<\/div><\/div><\/div><\/div><div class=\"su-row\"><div class=\"su-column su-column-size-full\"><div class=\"su-column-inner su-clearfix\"><div class=\"su-animate fadeInLeft animated\" data-animation=\"fadeInLeft\"><p>\u00dclke 1972'de ad\u0131n\u0131 Sri Lanka olarak de\u011fi\u015ftirdi\u011finde, \u00f6nde gelen end\u00fcstrisi d\u00fc\u011f\u00fcml\u00fc bir sorunla kar\u015f\u0131 kar\u015f\u0131ya kald\u0131. Seylan, \u00fclkenin sadece eski ad\u0131 de\u011fildi; ayn\u0131 zamanda, end\u00fcstrinin 1930'lar\u0131n ba\u015f\u0131ndan beri aktif olarak tan\u0131tt\u0131\u011f\u0131 ve yat\u0131r\u0131m yapt\u0131\u011f\u0131 bir marka olan Virginia'dan Vladivostok'a kadar t\u00fcketicilerin a\u015fina oldu\u011fu, d\u00fcnyan\u0131n \u00f6nde gelen markalar\u0131ndan biriydi. Onu terk etmek, kolay bir iyile\u015fmenin m\u00fcmk\u00fcn olmad\u0131\u011f\u0131 bir gerileme getirecekti. Ve tan\u0131d\u0131k olmayan yeni bir marka olan 'Sri Lanka \u00c7ay\u0131'n\u0131 tan\u0131tman\u0131n ve kurman\u0131n maliyeti y\u0131k\u0131c\u0131 olacakt\u0131r.<\/p><p>S\u00f6m\u00fcrge ge\u00e7mi\u015fiyle tam bir kopu\u015f ve \u00fclke i\u00e7in yeni bir ba\u015flang\u0131\u00e7 talep eden baz\u0131lar\u0131n\u0131n kar\u015f\u0131 \u00e7\u0131kmas\u0131na ra\u011fmen, end\u00fcstri liderleri o s\u0131rada iktidarda olan sosyalist h\u00fck\u00fcmeti \u00fclkenin en \u00fcnl\u00fc \u00fcr\u00fcn\u00fcne at\u0131fta bulunmak i\u00e7in Seylan ad\u0131n\u0131n s\u00fcrekli kullan\u0131lmas\u0131na izin vermeye ikna etmeyi ba\u015fard\u0131lar. Sri Lanka'dan gelen \u00e7ay hala Seylan \u00c7ay\u0131 olarak pazarlanacakt\u0131; paha bi\u00e7ilmez bir d\u00fcnya markas\u0131 kurtulmu\u015ftu.<\/p><p>kaynak: <a href=\"http:\/\/www.srilankateaboard.lk\/\" target=\"_blank\" rel=\"noopener\">Sri Lanka \u00c7ay Tahtas\u0131<\/a><\/p><p><a href=\"http:\/\/www.srilankateaboard.lk\/\" target=\"_blank\" rel=\"noopener\"><img decoding=\"async\" class=\"alignnone size-full wp-image-628\" src=\"http:\/\/golzartea.com\/wp-content\/uploads\/2021\/12\/ceylontea_logo.png\" alt=\"\" width=\"180\" height=\"132\" srcset=\"https:\/\/golzartea.com\/wp-content\/uploads\/2021\/12\/ceylontea_logo.png 180w, https:\/\/golzartea.com\/wp-content\/uploads\/2021\/12\/ceylontea_logo-16x12.png 16w, https:\/\/golzartea.com\/wp-content\/uploads\/2021\/12\/ceylontea_logo-50x37.png 50w, https:\/\/golzartea.com\/wp-content\/uploads\/2021\/12\/ceylontea_logo-102x75.png 102w\" sizes=\"(max-width:767px) 180px, 180px\" \/><\/a><\/p><\/div><\/div><\/div><\/div>\t\t\t\t\t\t\t\t<\/div>\n\t\t\t\t<\/div>\n\t\t\t\t\t<\/div>\n\t\t<\/div>\n\t\t\t\t\t<\/div>\n\t\t<\/section>\n\t\t\t\t<section class=\"elementor-section elementor-top-section elementor-element elementor-element-ff6e476 elementor-section-full_width elementor-section-height-default elementor-section-height-default\" data-id=\"ff6e476\" data-element_type=\"section\">\n\t\t\t\t\t\t<div class=\"elementor-container elementor-column-gap-default\">\n\t\t\t\t\t<div class=\"elementor-column elementor-col-100 elementor-top-column elementor-element elementor-element-10cbe7c\" data-id=\"10cbe7c\" data-element_type=\"column\">\n\t\t\t<div class=\"elementor-widget-wrap elementor-element-populated\">\n\t\t\t\t\t\t<div class=\"elementor-element elementor-element-5c83e5f elementor-widget elementor-widget-video\" data-id=\"5c83e5f\" data-element_type=\"widget\" data-settings=\"{&quot;youtube_url&quot;:&quot;https:\\\/\\\/youtu.be\\\/YMJOr9-xJaY&quot;,&quot;video_type&quot;:&quot;youtube&quot;,&quot;controls&quot;:&quot;yes&quot;}\" data-widget_type=\"video.default\">\n\t\t\t\t<div class=\"elementor-widget-container\">\n\t\t\t\t\t\t\t<div class=\"elementor-wrapper elementor-open-inline\">\n\t\t\t<div class=\"elementor-video\"><\/div>\t\t<\/div>\n\t\t\t\t\t\t<\/div>\n\t\t\t\t<\/div>\n\t\t\t\t\t<\/div>\n\t\t<\/div>\n\t\t\t\t\t<\/div>\n\t\t<\/section>\n\t\t\t\t<section class=\"elementor-section elementor-top-section elementor-element elementor-element-69cef61 elementor-section-boxed elementor-section-height-default elementor-section-height-default\" data-id=\"69cef61\" data-element_type=\"section\">\n\t\t\t\t\t\t<div class=\"elementor-container elementor-column-gap-default\">\n\t\t\t\t\t<div class=\"elementor-column elementor-col-100 elementor-top-column elementor-element elementor-element-36bd575\" data-id=\"36bd575\" data-element_type=\"column\">\n\t\t\t<div class=\"elementor-widget-wrap elementor-element-populated\">\n\t\t\t\t\t\t<div class=\"elementor-element elementor-element-f00baf5 elementor-widget-divider--view-line elementor-widget elementor-widget-global elementor-global-236 elementor-widget-divider\" data-id=\"f00baf5\" data-element_type=\"widget\" data-widget_type=\"divider.default\">\n\t\t\t\t<div class=\"elementor-widget-container\">\n\t\t\t\t\t\t\t<div class=\"elementor-divider\">\n\t\t\t<span class=\"elementor-divider-separator\">\n\t\t\t\t\t\t<\/span>\n\t\t<\/div>\n\t\t\t\t\t\t<\/div>\n\t\t\t\t<\/div>\n\t\t\t\t\t<\/div>\n\t\t<\/div>\n\t\t\t\t\t<\/div>\n\t\t<\/section>\n\t\t\t\t<\/div>","protected":false},"excerpt":{"rendered":"<p>Ye\u015fil ve bereketli bir ada olan Sri Lanka ada cumhuriyeti, Hindistan&#039;\u0131n g\u00fcneydo\u011fu ucunun hemen alt\u0131nda, Bengal K\u00f6rfezi&#039;nde yer almaktad\u0131r. Sri Lanka<span class=\"excerpt-hellip\"> [\u2026]<\/span><\/p>","protected":false},"author":1,"featured_media":0,"parent":0,"menu_order":0,"comment_status":"closed","ping_status":"closed","template":"","meta":{"footnotes":""},"class_list":["post-210","page","type-page","status-publish","hentry"],"yoast_head":"<!-- This site is optimized with the Yoast SEO Premium plugin v21.2 (Yoast SEO v26.4) - https:\/\/yoast.com\/wordpress\/plugins\/seo\/ -->\n<title>Where is Golzar Tea from - Golzar Tea<\/title>\n<meta name=\"robots\" content=\"index, follow, max-snippet:-1, max-image-preview:large, max-video-preview:-1\" \/>\n<link rel=\"canonical\" href=\"https:\/\/golzartea.com\/tr\/where-is-golzar-tea-from\/\" \/>\n<meta property=\"og:locale\" content=\"tr_TR\" \/>\n<meta property=\"og:type\" content=\"article\" \/>\n<meta property=\"og:title\" content=\"Where is Golzar Tea from\" \/>\n<meta property=\"og:description\" content=\"Green and lushly fertile, the island republic of Sri Lanka lies in the Bay of Bengal, just below the southeastern tip of India. Sri Lanka was [\u2026]\" \/>\n<meta property=\"og:url\" content=\"https:\/\/golzartea.com\/tr\/where-is-golzar-tea-from\/\" \/>\n<meta property=\"og:site_name\" content=\"Golzar Tea\" \/>\n<meta property=\"article:publisher\" content=\"https:\/\/www.facebook.com\/golzartea\" \/>\n<meta property=\"article:modified_time\" content=\"2023-09-27T21:11:09+00:00\" \/>\n<meta property=\"og:image\" content=\"http:\/\/golzartea.com\/wp-content\/uploads\/2022\/01\/srilanka-gt.jpg\" \/>\n<meta name=\"twitter:card\" content=\"summary_large_image\" \/>\n<meta name=\"twitter:site\" content=\"@golzartea\" \/>\n<script type=\"application\/ld+json\" class=\"yoast-schema-graph\">{\"@context\":\"https:\/\/schema.org\",\"@graph\":[{\"@type\":\"WebPage\",\"@id\":\"https:\/\/golzartea.com\/en_gb\/where-is-golzar-tea-from\/\",\"url\":\"https:\/\/golzartea.com\/en_gb\/where-is-golzar-tea-from\/\",\"name\":\"Where is Golzar Tea from - Golzar Tea\",\"isPartOf\":{\"@id\":\"https:\/\/darkslategray-caribou-741384.hostingersite.com\/ar\/#website\"},\"primaryImageOfPage\":{\"@id\":\"https:\/\/golzartea.com\/en_gb\/where-is-golzar-tea-from\/#primaryimage\"},\"image\":{\"@id\":\"https:\/\/golzartea.com\/en_gb\/where-is-golzar-tea-from\/#primaryimage\"},\"thumbnailUrl\":\"http:\/\/golzartea.com\/wp-content\/uploads\/2022\/01\/srilanka-gt.jpg\",\"datePublished\":\"2020-09-21T17:36:16+00:00\",\"dateModified\":\"2023-09-27T21:11:09+00:00\",\"breadcrumb\":{\"@id\":\"https:\/\/golzartea.com\/en_gb\/where-is-golzar-tea-from\/#breadcrumb\"},\"inLanguage\":\"tr\",\"potentialAction\":[{\"@type\":\"ReadAction\",\"target\":[\"https:\/\/golzartea.com\/en_gb\/where-is-golzar-tea-from\/\"]}]},{\"@type\":\"ImageObject\",\"inLanguage\":\"tr\",\"@id\":\"https:\/\/golzartea.com\/en_gb\/where-is-golzar-tea-from\/#primaryimage\",\"url\":\"http:\/\/golzartea.com\/wp-content\/uploads\/2022\/01\/srilanka-gt.jpg\",\"contentUrl\":\"http:\/\/golzartea.com\/wp-content\/uploads\/2022\/01\/srilanka-gt.jpg\"},{\"@type\":\"BreadcrumbList\",\"@id\":\"https:\/\/golzartea.com\/en_gb\/where-is-golzar-tea-from\/#breadcrumb\",\"itemListElement\":[{\"@type\":\"ListItem\",\"position\":1,\"name\":\"Home\",\"item\":\"https:\/\/darkslategray-caribou-741384.hostingersite.com\/ar\/\"},{\"@type\":\"ListItem\",\"position\":2,\"name\":\"Where is Golzar Tea from\"}]},{\"@type\":\"WebSite\",\"@id\":\"https:\/\/darkslategray-caribou-741384.hostingersite.com\/ar\/#website\",\"url\":\"https:\/\/darkslategray-caribou-741384.hostingersite.com\/ar\/\",\"name\":\"Golzar Tea\",\"description\":\"Welcome to Golzar Tea. Premium tea that refreshes you.\",\"publisher\":{\"@id\":\"https:\/\/darkslategray-caribou-741384.hostingersite.com\/ar\/#organization\"},\"potentialAction\":[{\"@type\":\"SearchAction\",\"target\":{\"@type\":\"EntryPoint\",\"urlTemplate\":\"https:\/\/darkslategray-caribou-741384.hostingersite.com\/ar\/?s={search_term_string}\"},\"query-input\":{\"@type\":\"PropertyValueSpecification\",\"valueRequired\":true,\"valueName\":\"search_term_string\"}}],\"inLanguage\":\"tr\"},{\"@type\":\"Organization\",\"@id\":\"https:\/\/darkslategray-caribou-741384.hostingersite.com\/ar\/#organization\",\"name\":\"Golzar Premium Tea\",\"url\":\"https:\/\/darkslategray-caribou-741384.hostingersite.com\/ar\/\",\"logo\":{\"@type\":\"ImageObject\",\"inLanguage\":\"tr\",\"@id\":\"https:\/\/darkslategray-caribou-741384.hostingersite.com\/ar\/#\/schema\/logo\/image\/\",\"url\":\"http:\/\/golzartea.com\/wp-content\/uploads\/2020\/07\/GTlogo.svg\",\"contentUrl\":\"http:\/\/golzartea.com\/wp-content\/uploads\/2020\/07\/GTlogo.svg\",\"width\":848,\"height\":441,\"caption\":\"Golzar Premium Tea\"},\"image\":{\"@id\":\"https:\/\/darkslategray-caribou-741384.hostingersite.com\/ar\/#\/schema\/logo\/image\/\"},\"sameAs\":[\"https:\/\/www.facebook.com\/golzartea\",\"https:\/\/x.com\/golzartea\",\"https:\/\/www.instagram.com\/golzartea\/\",\"https:\/\/www.linkedin.com\/company\/golzar-tea\"]}]}<\/script>\n<!-- \/ Yoast SEO Premium plugin. -->","yoast_head_json":{"title":"Where is Golzar Tea from - Golzar Tea","robots":{"index":"index","follow":"follow","max-snippet":"max-snippet:-1","max-image-preview":"max-image-preview:large","max-video-preview":"max-video-preview:-1"},"canonical":"https:\/\/golzartea.com\/tr\/where-is-golzar-tea-from\/","og_locale":"tr_TR","og_type":"article","og_title":"Where is Golzar Tea from","og_description":"Green and lushly fertile, the island republic of Sri Lanka lies in the Bay of Bengal, just below the southeastern tip of India. Sri Lanka was [\u2026]","og_url":"https:\/\/golzartea.com\/tr\/where-is-golzar-tea-from\/","og_site_name":"Golzar Tea","article_publisher":"https:\/\/www.facebook.com\/golzartea","article_modified_time":"2023-09-27T21:11:09+00:00","og_image":[{"url":"http:\/\/golzartea.com\/wp-content\/uploads\/2022\/01\/srilanka-gt.jpg","type":"","width":"","height":""}],"twitter_card":"summary_large_image","twitter_site":"@golzartea","schema":{"@context":"https:\/\/schema.org","@graph":[{"@type":"WebPage","@id":"https:\/\/golzartea.com\/en_gb\/where-is-golzar-tea-from\/","url":"https:\/\/golzartea.com\/en_gb\/where-is-golzar-tea-from\/","name":"Where is Golzar Tea from - Golzar Tea","isPartOf":{"@id":"https:\/\/darkslategray-caribou-741384.hostingersite.com\/ar\/#website"},"primaryImageOfPage":{"@id":"https:\/\/golzartea.com\/en_gb\/where-is-golzar-tea-from\/#primaryimage"},"image":{"@id":"https:\/\/golzartea.com\/en_gb\/where-is-golzar-tea-from\/#primaryimage"},"thumbnailUrl":"http:\/\/golzartea.com\/wp-content\/uploads\/2022\/01\/srilanka-gt.jpg","datePublished":"2020-09-21T17:36:16+00:00","dateModified":"2023-09-27T21:11:09+00:00","breadcrumb":{"@id":"https:\/\/golzartea.com\/en_gb\/where-is-golzar-tea-from\/#breadcrumb"},"inLanguage":"tr","potentialAction":[{"@type":"ReadAction","target":["https:\/\/golzartea.com\/en_gb\/where-is-golzar-tea-from\/"]}]},{"@type":"ImageObject","inLanguage":"tr","@id":"https:\/\/golzartea.com\/en_gb\/where-is-golzar-tea-from\/#primaryimage","url":"http:\/\/golzartea.com\/wp-content\/uploads\/2022\/01\/srilanka-gt.jpg","contentUrl":"http:\/\/golzartea.com\/wp-content\/uploads\/2022\/01\/srilanka-gt.jpg"},{"@type":"BreadcrumbList","@id":"https:\/\/golzartea.com\/en_gb\/where-is-golzar-tea-from\/#breadcrumb","itemListElement":[{"@type":"ListItem","position":1,"name":"Home","item":"https:\/\/darkslategray-caribou-741384.hostingersite.com\/ar\/"},{"@type":"ListItem","position":2,"name":"Where is Golzar Tea from"}]},{"@type":"WebSite","@id":"https:\/\/darkslategray-caribou-741384.hostingersite.com\/ar\/#website","url":"https:\/\/darkslategray-caribou-741384.hostingersite.com\/ar\/","name":"Golzar Tea","description":"Welcome to Golzar Tea. Premium tea that refreshes you.","publisher":{"@id":"https:\/\/darkslategray-caribou-741384.hostingersite.com\/ar\/#organization"},"potentialAction":[{"@type":"SearchAction","target":{"@type":"EntryPoint","urlTemplate":"https:\/\/darkslategray-caribou-741384.hostingersite.com\/ar\/?s={search_term_string}"},"query-input":{"@type":"PropertyValueSpecification","valueRequired":true,"valueName":"search_term_string"}}],"inLanguage":"tr"},{"@type":"Organization","@id":"https:\/\/darkslategray-caribou-741384.hostingersite.com\/ar\/#organization","name":"Golzar Premium Tea","url":"https:\/\/darkslategray-caribou-741384.hostingersite.com\/ar\/","logo":{"@type":"ImageObject","inLanguage":"tr","@id":"https:\/\/darkslategray-caribou-741384.hostingersite.com\/ar\/#\/schema\/logo\/image\/","url":"http:\/\/golzartea.com\/wp-content\/uploads\/2020\/07\/GTlogo.svg","contentUrl":"http:\/\/golzartea.com\/wp-content\/uploads\/2020\/07\/GTlogo.svg","width":848,"height":441,"caption":"Golzar Premium Tea"},"image":{"@id":"https:\/\/darkslategray-caribou-741384.hostingersite.com\/ar\/#\/schema\/logo\/image\/"},"sameAs":["https:\/\/www.facebook.com\/golzartea","https:\/\/x.com\/golzartea","https:\/\/www.instagram.com\/golzartea\/","https:\/\/www.linkedin.com\/company\/golzar-tea"]}]}},"_hostinger_reach_plugin_has_subscription_block":false,"_hostinger_reach_plugin_is_elementor":false,"_links":{"self":[{"href":"https:\/\/golzartea.com\/tr\/wp-json\/wp\/v2\/pages\/210","targetHints":{"allow":["GET"]}}],"collection":[{"href":"https:\/\/golzartea.com\/tr\/wp-json\/wp\/v2\/pages"}],"about":[{"href":"https:\/\/golzartea.com\/tr\/wp-json\/wp\/v2\/types\/page"}],"author":[{"embeddable":true,"href":"https:\/\/golzartea.com\/tr\/wp-json\/wp\/v2\/users\/1"}],"replies":[{"embeddable":true,"href":"https:\/\/golzartea.com\/tr\/wp-json\/wp\/v2\/comments?post=210"}],"version-history":[{"count":0,"href":"https:\/\/golzartea.com\/tr\/wp-json\/wp\/v2\/pages\/210\/revisions"}],"wp:attachment":[{"href":"https:\/\/golzartea.com\/tr\/wp-json\/wp\/v2\/media?parent=210"}],"curies":[{"name":"wp","href":"https:\/\/api.w.org\/{rel}","templated":true}]}}