{"id":424,"date":"2022-01-01T09:01:24","date_gmt":"2022-01-01T09:01:24","guid":{"rendered":"https:\/\/darkslategray-caribou-741384.hostingersite.com\/?post_type=product&#038;p=424"},"modified":"2024-01-16T12:13:25","modified_gmt":"2024-01-16T12:13:25","slug":"classic","status":"publish","type":"product","link":"https:\/\/golzartea.com\/az\/product\/classic\/","title":{"rendered":"Klassik \u00c7ay"},"content":{"rendered":"<div data-elementor-type=\"product-post\" data-elementor-id=\"424\" class=\"elementor elementor-424\" data-elementor-post-type=\"product\">\n\t\t\t\t\t\t<section class=\"elementor-section elementor-top-section elementor-element elementor-element-102a7828 elementor-section-boxed elementor-section-height-default elementor-section-height-default\" data-id=\"102a7828\" data-element_type=\"section\">\n\t\t\t\t\t\t<div class=\"elementor-container elementor-column-gap-default\">\n\t\t\t\t\t<div class=\"elementor-column elementor-col-100 elementor-top-column elementor-element elementor-element-63c6c7d4\" data-id=\"63c6c7d4\" data-element_type=\"column\">\n\t\t\t<div class=\"elementor-widget-wrap elementor-element-populated\">\n\t\t\t\t\t\t<div class=\"elementor-element elementor-element-48ec9a7 elementor-widget elementor-widget-elementskit-header-info\" data-id=\"48ec9a7\" data-element_type=\"widget\" data-widget_type=\"elementskit-header-info.default\">\n\t\t\t\t<div class=\"elementor-widget-container\">\n\t\t\t\t\t<div class=\"ekit-wid-con\" >        <ul class=\"ekit-header-info\">\n                                    <li>\n                            <a > \n                                <svg xmlns=\"http:\/\/www.w3.org\/2000\/svg\" xmlns:xlink=\"http:\/\/www.w3.org\/1999\/xlink\" id=\"Layer_1\" x=\"0px\" y=\"0px\" viewbox=\"0 0 1000 799.7\" style=\"enable-background:new 0 0 1000 799.7;\" xml:space=\"preserve\"><path d=\"M123,653.5l369.3,130.8l0,0c0.8,0,1.5,0.8,2.3,0.8c1.5,0.8,3.8,0.8,5.4,0.8s2.3,0,3.8,0l0,0c0,0,0,0,0.8,0s2.3-0.8,3.1-0.8 l0,0L877,654.3c9.2-3.1,15.4-12.3,15.4-21.5V373.5l76.9-26.9c6.2-2.3,11.5-7.7,13.8-13.8c2.3-6.2,1.5-13.8-2.3-20l-92.3-153.9 l-0.8-0.8c0-0.8-0.8-0.8-0.8-1.5l0,0c0-0.8-0.8-0.8-0.8-1.5c0,0,0,0,0-0.8c-0.8-0.8-0.8-0.8-1.5-1.5l-0.8-0.8l-0.8-0.8h-0.8 l-0.8-0.8c-0.8-0.8-1.5-0.8-2.3-0.8c-0.8,0-0.8-0.8-1.5-0.8l0,0l0,0L508.5,18c0,0,0,0-0.8,0h-0.8h-0.8c-0.8,0-0.8,0-1.5,0l0,0l0,0 c-0.8,0-0.8,0-1.5,0s-0.8,0-1.5,0c-0.8,0-1.5,0-3.1,0c-0.8,0-0.8,0-1.5,0c-1.5,0-3.1,0.8-3.8,0.8L123.7,149.6 c-1.5,0.8-2.3,0.8-3.8,1.5l-0.8,0.8c-0.8,0.8-1.5,0.8-2.3,1.5l-0.8,0.8c-0.8,0.8-1.5,0.8-1.5,1.5l-0.8,0.8c-0.8,0.8-0.8,1.5-1.5,1.5 c0,0,0,0.8-0.8,0.8L19.1,312.7c-5.4,8.5-4.6,19.2,1.5,26.2c4.6,5.4,10.8,8.5,17.7,8.5c2.3,0,5.4-0.8,7.7-1.5l61.6-21.5V632 C107.6,642,113.7,650.5,123,653.5z M927,311.9L602.3,427.3l-68.5-113.9L858.6,198L927,311.9z M523.1,71.9l277,98.5l-277,98.5V71.9z  M523.1,384.2l49.2,82.3c4.6,7.7,12.3,11.5,20,11.5c2.3,0,5.4-0.8,7.7-1.5l246.2-86.9v226.2L523.1,730.5V384.2z M153.8,202.7 l323.2,114.6v412.4L153.8,615.1V202.7z\"><\/path><\/svg>                                M\u00f6vcuddur: 100g, 250g, 500g                            <\/a>\n                        <\/li>\n\n                            <\/ul>\n        <\/div>\t\t\t\t<\/div>\n\t\t\t\t<\/div>\n\t\t\t\t<div class=\"elementor-element elementor-element-3a55dbb7 elementor-widget elementor-widget-text-editor\" data-id=\"3a55dbb7\" data-element_type=\"widget\" data-widget_type=\"text-editor.default\">\n\t\t\t\t<div class=\"elementor-widget-container\">\n\t\t\t\t\t\t\t\t\t\n<div class=\"wp-block-woobuilder-tpl relative\">\n<div class=\"relative woobuilder-tpl\" style=\"grid-template-columns: repeat(12, 1fr); padding: 5px;\" data-tablet-css=\"padding-left:1em;padding-right:1em;\" data-mobile-css=\"padding-left:1em;padding-right:1em;\">\n<div class=\"wp-block-caxton-grid relative\">\n<div class=\"relative caxton-columns caxton-grid-block\" style=\"grid-template-columns: repeat(12, 1fr); padding: 0;\" data-tablet-css=\"padding-left:em;padding-right:em;\" data-mobile-css=\"padding-left:em;padding-right:em;\">\n<div class=\"wp-block-caxton-section relative\" style=\"grid-area: span 1\/span 6;\">\n<div class=\"relative caxton-section-block\" style=\"padding: 5px;\" data-mobile-css=\"padding-left:1em;padding-right:1em;\" data-tablet-css=\"padding-left:1em;padding-right:1em;\">\n<p>Porta\u011fal Pekoe kimi d\u0259 tan\u0131nan Klassik \u00c7ay\u0131m\u0131z \u015eri-Lanka da\u011flar\u0131nda yerl\u0259\u015f\u0259n \u00e7ay rayonundan g\u0259tirilib, f\u0259rqli Seylon l\u0259zz\u0259ti il\u0259 doludur. \u0130nc\u0259 dad\u0131 olan q\u0131rm\u0131z\u0131-q\u0131z\u0131l r\u0259ng.<\/p>\n<\/div>\n<\/div>\n<!-- \/wp:caxton\/section --><\/div>\n<\/div>\n<!-- \/wp:caxton\/grid --><\/div>\n<\/div>\n<!-- \/wp:woobuilder\/tpl --><!-- wp:paragraph -->\n<p>\u00a0<\/p>\n<!-- \/wp:paragraph --><!-- wp:woobuilder\/tabs {\"desc\":\"\",\"font\":\"\",\"font_size\":\"14\",\"text_color\":\"\"} \/-->\t\t\t\t\t\t\t\t<\/div>\n\t\t\t\t<\/div>\n\t\t\t\t\t<\/div>\n\t\t<\/div>\n\t\t\t\t\t<\/div>\n\t\t<\/section>\n\t\t\t\t<section class=\"elementor-section elementor-top-section elementor-element elementor-element-42f86fc elementor-section-boxed elementor-section-height-default elementor-section-height-default\" data-id=\"42f86fc\" data-element_type=\"section\">\n\t\t\t\t\t\t<div class=\"elementor-container elementor-column-gap-default\">\n\t\t\t\t\t<div class=\"elementor-column elementor-col-100 elementor-top-column elementor-element elementor-element-4fb703e\" data-id=\"4fb703e\" data-element_type=\"column\">\n\t\t\t<div class=\"elementor-widget-wrap elementor-element-populated\">\n\t\t\t\t\t\t<div class=\"elementor-element elementor-element-c805c52 elementor-tabs-view-horizontal elementor-widget elementor-widget-tabs\" data-id=\"c805c52\" data-element_type=\"widget\" data-widget_type=\"tabs.default\">\n\t\t\t\t<div class=\"elementor-widget-container\">\n\t\t\t\t\t\t\t<div class=\"elementor-tabs\">\n\t\t\t<div class=\"elementor-tabs-wrapper\" role=\"tablist\" >\n\t\t\t\t\t\t\t\t\t<div id=\"elementor-tab-title-2091\" class=\"elementor-tab-title elementor-tab-desktop-title\" aria-selected=\"true\" data-tab=\"1\" role=\"tab\" tabindex=\"0\" aria-controls=\"elementor-tab-content-2091\" aria-expanded=\"false\">\u0130NQRED\u0130ENTL\u018fR<\/div>\n\t\t\t\t\t\t\t\t\t<div id=\"elementor-tab-title-2092\" class=\"elementor-tab-title elementor-tab-desktop-title\" aria-selected=\"false\" data-tab=\"2\" role=\"tab\" tabindex=\"-1\" aria-controls=\"elementor-tab-content-2092\" aria-expanded=\"false\">NEC\u018f X\u0130DM\u018fT ETM\u018fK<\/div>\n\t\t\t\t\t\t\t<\/div>\n\t\t\t<div class=\"elementor-tabs-content-wrapper\" role=\"tablist\" aria-orientation=\"vertical\">\n\t\t\t\t\t\t\t\t\t<div class=\"elementor-tab-title elementor-tab-mobile-title\" aria-selected=\"true\" data-tab=\"1\" role=\"tab\" tabindex=\"0\" aria-controls=\"elementor-tab-content-2091\" aria-expanded=\"false\">\u0130NQRED\u0130ENTL\u018fR<\/div>\n\t\t\t\t\t<div id=\"elementor-tab-content-2091\" class=\"elementor-tab-content elementor-clearfix\" data-tab=\"1\" role=\"tabpanel\" aria-labelledby=\"elementor-tab-title-2091\" tabindex=\"0\" hidden=\"false\"><p>Qara \u00c7ay - FBOP<\/p>\n<p>Saf Seylon Qara \u00e7ay\u0131, qatq\u0131s\u0131 yoxdur<\/p><\/div>\n\t\t\t\t\t\t\t\t\t<div class=\"elementor-tab-title elementor-tab-mobile-title\" aria-selected=\"false\" data-tab=\"2\" role=\"tab\" tabindex=\"-1\" aria-controls=\"elementor-tab-content-2092\" aria-expanded=\"false\">NEC\u018f X\u0130DM\u018fT ETM\u018fK<\/div>\n\t\t\t\t\t<div id=\"elementor-tab-content-2092\" class=\"elementor-tab-content elementor-clearfix\" data-tab=\"2\" role=\"tabpanel\" aria-labelledby=\"elementor-tab-title-2092\" tabindex=\"0\" hidden=\"hidden\"><p><strong>\u00c7ay n\u00f6v\u00fc<\/strong><\/p>\n<p>Qara<\/p>\n<p><b>Temperatur<\/b><\/p>\n<p>95 il\u0259 100 d\u0259r\u0259c\u0259 \u00baC<\/p>\n<p><strong>Vaxt<\/strong><\/p>\n<p>3 il\u0259 5 d\u0259qiq\u0259<\/p>\n<p><strong>\u00c7ay\u0131 nec\u0259 d\u0259ml\u0259m\u0259k olar<\/strong><\/p>\n<p>\u00c7ay\u0131n nec\u0259 d\u0259ml\u0259ndiyi heyr\u0259tamiz \u00e7ay t\u0259cr\u00fcb\u0259si il\u0259 qeyri-adi bir \u00e7ay aras\u0131ndak\u0131 b\u00fct\u00fcn f\u0259rqi yarada bil\u0259r. Bel\u0259likl\u0259, n\u00f6vb\u0259ti st\u0259kan \u00e7ay\u0131n\u0131z\u0131 d\u0259ml\u0259m\u0259k ist\u0259diyiniz zaman n\u0259l\u0259r\u0259 diqq\u0259t etm\u0259lisiniz.<\/p>\n<p>N\u0259z\u0259r\u0259 al\u0131n ki, h\u0259r bir \u00e7ay n\u00f6v\u00fc bir az f\u0259rqli d\u0259ml\u0259m\u0259 texnikas\u0131 t\u0259l\u0259b edir. \u018fn yax\u015f\u0131 fincan \u00fc\u00e7\u00fcn \u00e7ay paketind\u0259 g\u00f6st\u0259ril\u0259n t\u00f6vsiy\u0259 olunan \u00f6l\u00e7\u00fcl\u0259r\u0259, suyun temperaturuna v\u0259 d\u0259ml\u0259m\u0259 m\u00fcdd\u0259tin\u0259 \u0259m\u0259l edin. M\u00fcxt\u0259lif miqdarda \u00e7ay v\u0259 ya d\u0259ml\u0259m\u0259 m\u00fcdd\u0259tl\u0259ri il\u0259 s\u0131naqdan ke\u00e7irin.<\/p>\n<p><strong>Su<\/strong><\/p>\n<p>Birinci qayda, qaynama prosesini s\u00fcr\u0259tl\u0259ndirm\u0259k \u00fc\u00e7\u00fcn he\u00e7 vaxt isti kran suyundan istifad\u0259 etm\u0259yin, \u00e7\u00fcnki bu, evinizin su q\u0131zd\u0131r\u0131c\u0131s\u0131ndan \u0259lav\u0259 \u00e7irkl\u0259ri \u0259lav\u0259 edir.<\/p>\n<p>\u00c7ay\u0131n\u0131z\u0131n \u00fcz\u0259rin\u0259 qaynar su t\u00f6km\u0259zd\u0259n \u0259vv\u0259l d\u0259ml\u0259diyiniz \u00e7ay\u0131n n\u00f6v\u00fcn\u00fc n\u0259z\u0259r\u0259 al\u0131n. F\u0259rqli \u00e7ay n\u00f6vl\u0259rinin f\u0259rqli ideal d\u0259ml\u0259m\u0259 temperaturlar\u0131 v\u0259 d\u0259ml\u0259m\u0259 vaxtlar\u0131 var ki, bu da x\u00fcsusi \u00e7aydan \u0259n yax\u015f\u0131 l\u0259zz\u0259ti ver\u0259c\u0259kdir. \u018fvv\u0259ll\u0259r qaynad\u0131lm\u0131\u015f sudan istifad\u0259 etm\u0259yin, \u00e7\u00fcnki o, oksigensizl\u0259\u015fmi\u015f olacaq. Bulaq suyuna kran suyuna \u00fcst\u00fcnl\u00fck verilir.\u00a0<\/p><\/div>\n\t\t\t\t\t\t\t<\/div>\n\t\t<\/div>\n\t\t\t\t\t\t<\/div>\n\t\t\t\t<\/div>\n\t\t\t\t\t<\/div>\n\t\t<\/div>\n\t\t\t\t\t<\/div>\n\t\t<\/section>\n\t\t\t\t<\/div>","protected":false},"excerpt":{"rendered":"<p><strong>\u00a0Qara \u00e7ay<\/strong><\/p>","protected":false},"featured_media":2086,"comment_status":"closed","ping_status":"closed","template":"","meta":[],"product_brand":[],"product_cat":[31],"product_tag":[33,32],"class_list":{"0":"post-424","1":"product","2":"type-product","3":"status-publish","4":"has-post-thumbnail","6":"product_cat-classic","7":"product_tag-black-tea","8":"product_tag-golzar-classic-tea","10":"first","11":"instock","12":"shipping-taxable","13":"product-type-simple"},"yoast_head":"<!-- This site is optimized with the Yoast SEO Premium plugin v21.2 (Yoast SEO v26.4) - https:\/\/yoast.com\/wordpress\/plugins\/seo\/ -->\n<title>Classic Tea - Golzar Tea<\/title>\n<meta name=\"robots\" content=\"index, follow, max-snippet:-1, max-image-preview:large, max-video-preview:-1\" \/>\n<link rel=\"canonical\" href=\"https:\/\/golzartea.com\/az\/product\/classic\/\" \/>\n<meta property=\"og:locale\" content=\"az_AZ\" \/>\n<meta property=\"og:type\" content=\"article\" \/>\n<meta property=\"og:title\" content=\"Classic Tea\" \/>\n<meta property=\"og:description\" content=\"\u00a0Loose Black Tea\" \/>\n<meta property=\"og:url\" content=\"https:\/\/golzartea.com\/az\/product\/classic\/\" \/>\n<meta property=\"og:site_name\" content=\"Golzar Tea\" \/>\n<meta property=\"article:publisher\" content=\"https:\/\/www.facebook.com\/golzartea\" \/>\n<meta property=\"article:modified_time\" content=\"2024-01-16T12:13:25+00:00\" \/>\n<meta property=\"og:image\" content=\"https:\/\/golzartea.com\/wp-content\/uploads\/2022\/01\/Golzar-Classic-Tea-loose-leaf.jpg\" \/>\n\t<meta property=\"og:image:width\" content=\"900\" \/>\n\t<meta property=\"og:image:height\" content=\"1055\" \/>\n\t<meta property=\"og:image:type\" content=\"image\/jpeg\" \/>\n<meta name=\"twitter:card\" content=\"summary_large_image\" \/>\n<meta name=\"twitter:site\" content=\"@golzartea\" \/>\n<script type=\"application\/ld+json\" class=\"yoast-schema-graph\">{\"@context\":\"https:\/\/schema.org\",\"@graph\":[{\"@type\":\"WebPage\",\"@id\":\"https:\/\/golzartea.com\/fa\/product\/classic\/\",\"url\":\"https:\/\/golzartea.com\/fa\/product\/classic\/\",\"name\":\"Classic Tea - Golzar Tea\",\"isPartOf\":{\"@id\":\"https:\/\/darkslategray-caribou-741384.hostingersite.com\/ar\/#website\"},\"primaryImageOfPage\":{\"@id\":\"https:\/\/golzartea.com\/fa\/product\/classic\/#primaryimage\"},\"image\":{\"@id\":\"https:\/\/golzartea.com\/fa\/product\/classic\/#primaryimage\"},\"thumbnailUrl\":\"https:\/\/golzartea.com\/wp-content\/uploads\/2022\/01\/Golzar-Classic-Tea-loose-leaf.jpg\",\"datePublished\":\"2022-01-01T09:01:24+00:00\",\"dateModified\":\"2024-01-16T12:13:25+00:00\",\"breadcrumb\":{\"@id\":\"https:\/\/golzartea.com\/fa\/product\/classic\/#breadcrumb\"},\"inLanguage\":\"az\",\"potentialAction\":[{\"@type\":\"ReadAction\",\"target\":[\"https:\/\/golzartea.com\/fa\/product\/classic\/\"]}]},{\"@type\":\"ImageObject\",\"inLanguage\":\"az\",\"@id\":\"https:\/\/golzartea.com\/fa\/product\/classic\/#primaryimage\",\"url\":\"https:\/\/golzartea.com\/wp-content\/uploads\/2022\/01\/Golzar-Classic-Tea-loose-leaf.jpg\",\"contentUrl\":\"https:\/\/golzartea.com\/wp-content\/uploads\/2022\/01\/Golzar-Classic-Tea-loose-leaf.jpg\",\"width\":900,\"height\":1055},{\"@type\":\"BreadcrumbList\",\"@id\":\"https:\/\/golzartea.com\/fa\/product\/classic\/#breadcrumb\",\"itemListElement\":[{\"@type\":\"ListItem\",\"position\":1,\"name\":\"Home\",\"item\":\"https:\/\/darkslategray-caribou-741384.hostingersite.com\/ar\/\"},{\"@type\":\"ListItem\",\"position\":2,\"name\":\"Shop\",\"item\":\"https:\/\/golzartea.com\/fa\/shop\/\"},{\"@type\":\"ListItem\",\"position\":3,\"name\":\"Classic Tea\"}]},{\"@type\":\"WebSite\",\"@id\":\"https:\/\/darkslategray-caribou-741384.hostingersite.com\/ar\/#website\",\"url\":\"https:\/\/darkslategray-caribou-741384.hostingersite.com\/ar\/\",\"name\":\"Golzar Tea\",\"description\":\"Welcome to Golzar Tea. Premium tea that refreshes you.\",\"publisher\":{\"@id\":\"https:\/\/darkslategray-caribou-741384.hostingersite.com\/ar\/#organization\"},\"potentialAction\":[{\"@type\":\"SearchAction\",\"target\":{\"@type\":\"EntryPoint\",\"urlTemplate\":\"https:\/\/darkslategray-caribou-741384.hostingersite.com\/ar\/?s={search_term_string}\"},\"query-input\":{\"@type\":\"PropertyValueSpecification\",\"valueRequired\":true,\"valueName\":\"search_term_string\"}}],\"inLanguage\":\"az\"},{\"@type\":\"Organization\",\"@id\":\"https:\/\/darkslategray-caribou-741384.hostingersite.com\/ar\/#organization\",\"name\":\"Golzar Premium Tea\",\"url\":\"https:\/\/darkslategray-caribou-741384.hostingersite.com\/ar\/\",\"logo\":{\"@type\":\"ImageObject\",\"inLanguage\":\"az\",\"@id\":\"https:\/\/darkslategray-caribou-741384.hostingersite.com\/ar\/#\/schema\/logo\/image\/\",\"url\":\"http:\/\/golzartea.com\/wp-content\/uploads\/2020\/07\/GTlogo.svg\",\"contentUrl\":\"http:\/\/golzartea.com\/wp-content\/uploads\/2020\/07\/GTlogo.svg\",\"width\":848,\"height\":441,\"caption\":\"Golzar Premium Tea\"},\"image\":{\"@id\":\"https:\/\/darkslategray-caribou-741384.hostingersite.com\/ar\/#\/schema\/logo\/image\/\"},\"sameAs\":[\"https:\/\/www.facebook.com\/golzartea\",\"https:\/\/x.com\/golzartea\",\"https:\/\/www.instagram.com\/golzartea\/\",\"https:\/\/www.linkedin.com\/company\/golzar-tea\"]}]}<\/script>\n<!-- \/ Yoast SEO Premium plugin. -->","yoast_head_json":{"title":"Classic Tea - Golzar Tea","robots":{"index":"index","follow":"follow","max-snippet":"max-snippet:-1","max-image-preview":"max-image-preview:large","max-video-preview":"max-video-preview:-1"},"canonical":"https:\/\/golzartea.com\/az\/product\/classic\/","og_locale":"az_AZ","og_type":"article","og_title":"Classic Tea","og_description":"\u00a0Loose Black Tea","og_url":"https:\/\/golzartea.com\/az\/product\/classic\/","og_site_name":"Golzar Tea","article_publisher":"https:\/\/www.facebook.com\/golzartea","article_modified_time":"2024-01-16T12:13:25+00:00","og_image":[{"width":900,"height":1055,"url":"https:\/\/golzartea.com\/wp-content\/uploads\/2022\/01\/Golzar-Classic-Tea-loose-leaf.jpg","type":"image\/jpeg"}],"twitter_card":"summary_large_image","twitter_site":"@golzartea","schema":{"@context":"https:\/\/schema.org","@graph":[{"@type":"WebPage","@id":"https:\/\/golzartea.com\/fa\/product\/classic\/","url":"https:\/\/golzartea.com\/fa\/product\/classic\/","name":"Classic Tea - Golzar Tea","isPartOf":{"@id":"https:\/\/darkslategray-caribou-741384.hostingersite.com\/ar\/#website"},"primaryImageOfPage":{"@id":"https:\/\/golzartea.com\/fa\/product\/classic\/#primaryimage"},"image":{"@id":"https:\/\/golzartea.com\/fa\/product\/classic\/#primaryimage"},"thumbnailUrl":"https:\/\/golzartea.com\/wp-content\/uploads\/2022\/01\/Golzar-Classic-Tea-loose-leaf.jpg","datePublished":"2022-01-01T09:01:24+00:00","dateModified":"2024-01-16T12:13:25+00:00","breadcrumb":{"@id":"https:\/\/golzartea.com\/fa\/product\/classic\/#breadcrumb"},"inLanguage":"az","potentialAction":[{"@type":"ReadAction","target":["https:\/\/golzartea.com\/fa\/product\/classic\/"]}]},{"@type":"ImageObject","inLanguage":"az","@id":"https:\/\/golzartea.com\/fa\/product\/classic\/#primaryimage","url":"https:\/\/golzartea.com\/wp-content\/uploads\/2022\/01\/Golzar-Classic-Tea-loose-leaf.jpg","contentUrl":"https:\/\/golzartea.com\/wp-content\/uploads\/2022\/01\/Golzar-Classic-Tea-loose-leaf.jpg","width":900,"height":1055},{"@type":"BreadcrumbList","@id":"https:\/\/golzartea.com\/fa\/product\/classic\/#breadcrumb","itemListElement":[{"@type":"ListItem","position":1,"name":"Home","item":"https:\/\/darkslategray-caribou-741384.hostingersite.com\/ar\/"},{"@type":"ListItem","position":2,"name":"Shop","item":"https:\/\/golzartea.com\/fa\/shop\/"},{"@type":"ListItem","position":3,"name":"Classic Tea"}]},{"@type":"WebSite","@id":"https:\/\/darkslategray-caribou-741384.hostingersite.com\/ar\/#website","url":"https:\/\/darkslategray-caribou-741384.hostingersite.com\/ar\/","name":"Golzar Tea","description":"Welcome to Golzar Tea. Premium tea that refreshes you.","publisher":{"@id":"https:\/\/darkslategray-caribou-741384.hostingersite.com\/ar\/#organization"},"potentialAction":[{"@type":"SearchAction","target":{"@type":"EntryPoint","urlTemplate":"https:\/\/darkslategray-caribou-741384.hostingersite.com\/ar\/?s={search_term_string}"},"query-input":{"@type":"PropertyValueSpecification","valueRequired":true,"valueName":"search_term_string"}}],"inLanguage":"az"},{"@type":"Organization","@id":"https:\/\/darkslategray-caribou-741384.hostingersite.com\/ar\/#organization","name":"Golzar Premium Tea","url":"https:\/\/darkslategray-caribou-741384.hostingersite.com\/ar\/","logo":{"@type":"ImageObject","inLanguage":"az","@id":"https:\/\/darkslategray-caribou-741384.hostingersite.com\/ar\/#\/schema\/logo\/image\/","url":"http:\/\/golzartea.com\/wp-content\/uploads\/2020\/07\/GTlogo.svg","contentUrl":"http:\/\/golzartea.com\/wp-content\/uploads\/2020\/07\/GTlogo.svg","width":848,"height":441,"caption":"Golzar Premium Tea"},"image":{"@id":"https:\/\/darkslategray-caribou-741384.hostingersite.com\/ar\/#\/schema\/logo\/image\/"},"sameAs":["https:\/\/www.facebook.com\/golzartea","https:\/\/x.com\/golzartea","https:\/\/www.instagram.com\/golzartea\/","https:\/\/www.linkedin.com\/company\/golzar-tea"]}]}},"_links":{"self":[{"href":"https:\/\/golzartea.com\/az\/wp-json\/wp\/v2\/product\/424","targetHints":{"allow":["GET"]}}],"collection":[{"href":"https:\/\/golzartea.com\/az\/wp-json\/wp\/v2\/product"}],"about":[{"href":"https:\/\/golzartea.com\/az\/wp-json\/wp\/v2\/types\/product"}],"replies":[{"embeddable":true,"href":"https:\/\/golzartea.com\/az\/wp-json\/wp\/v2\/comments?post=424"}],"version-history":[{"count":3,"href":"https:\/\/golzartea.com\/az\/wp-json\/wp\/v2\/product\/424\/revisions"}],"predecessor-version":[{"id":2674,"href":"https:\/\/golzartea.com\/az\/wp-json\/wp\/v2\/product\/424\/revisions\/2674"}],"wp:featuredmedia":[{"embeddable":true,"href":"https:\/\/golzartea.com\/az\/wp-json\/wp\/v2\/media\/2086"}],"wp:attachment":[{"href":"https:\/\/golzartea.com\/az\/wp-json\/wp\/v2\/media?parent=424"}],"wp:term":[{"taxonomy":"product_brand","embeddable":true,"href":"https:\/\/golzartea.com\/az\/wp-json\/wp\/v2\/product_brand?post=424"},{"taxonomy":"product_cat","embeddable":true,"href":"https:\/\/golzartea.com\/az\/wp-json\/wp\/v2\/product_cat?post=424"},{"taxonomy":"product_tag","embeddable":true,"href":"https:\/\/golzartea.com\/az\/wp-json\/wp\/v2\/product_tag?post=424"}],"curies":[{"name":"wp","href":"https:\/\/api.w.org\/{rel}","templated":true}]}}