{"id":1456,"date":"2022-01-01T09:10:13","date_gmt":"2022-01-01T09:10:13","guid":{"rendered":"https:\/\/darkslategray-caribou-741384.hostingersite.com\/?post_type=product&#038;p=1456"},"modified":"2023-09-27T21:59:09","modified_gmt":"2023-09-27T20:59:09","slug":"green-tea","status":"publish","type":"product","link":"https:\/\/golzartea.com\/az\/product\/green-tea\/","title":{"rendered":"Ya\u015f\u0131l \u00c7ay"},"content":{"rendered":"<div data-elementor-type=\"product-post\" data-elementor-id=\"1456\" class=\"elementor elementor-1456\" data-elementor-post-type=\"product\">\n\t\t\t\t\t\t<section class=\"elementor-section elementor-top-section elementor-element elementor-element-102a7828 elementor-section-boxed elementor-section-height-default elementor-section-height-default\" data-id=\"102a7828\" data-element_type=\"section\">\n\t\t\t\t\t\t<div class=\"elementor-container elementor-column-gap-default\">\n\t\t\t\t\t<div class=\"elementor-column elementor-col-100 elementor-top-column elementor-element elementor-element-63c6c7d4\" data-id=\"63c6c7d4\" data-element_type=\"column\">\n\t\t\t<div class=\"elementor-widget-wrap elementor-element-populated\">\n\t\t\t\t\t\t<div class=\"elementor-element elementor-element-48ec9a7 elementor-widget elementor-widget-elementskit-header-info\" data-id=\"48ec9a7\" data-element_type=\"widget\" data-widget_type=\"elementskit-header-info.default\">\n\t\t\t\t<div class=\"elementor-widget-container\">\n\t\t\t\t\t<div class=\"ekit-wid-con\" >        <ul class=\"ekit-header-info\">\n                                    <li>\n                            <a > \n                                <svg xmlns=\"http:\/\/www.w3.org\/2000\/svg\" xmlns:xlink=\"http:\/\/www.w3.org\/1999\/xlink\" id=\"Layer_1\" x=\"0px\" y=\"0px\" viewbox=\"0 0 1000 799.7\" style=\"enable-background:new 0 0 1000 799.7;\" xml:space=\"preserve\"><path d=\"M123,653.5l369.3,130.8l0,0c0.8,0,1.5,0.8,2.3,0.8c1.5,0.8,3.8,0.8,5.4,0.8s2.3,0,3.8,0l0,0c0,0,0,0,0.8,0s2.3-0.8,3.1-0.8 l0,0L877,654.3c9.2-3.1,15.4-12.3,15.4-21.5V373.5l76.9-26.9c6.2-2.3,11.5-7.7,13.8-13.8c2.3-6.2,1.5-13.8-2.3-20l-92.3-153.9 l-0.8-0.8c0-0.8-0.8-0.8-0.8-1.5l0,0c0-0.8-0.8-0.8-0.8-1.5c0,0,0,0,0-0.8c-0.8-0.8-0.8-0.8-1.5-1.5l-0.8-0.8l-0.8-0.8h-0.8 l-0.8-0.8c-0.8-0.8-1.5-0.8-2.3-0.8c-0.8,0-0.8-0.8-1.5-0.8l0,0l0,0L508.5,18c0,0,0,0-0.8,0h-0.8h-0.8c-0.8,0-0.8,0-1.5,0l0,0l0,0 c-0.8,0-0.8,0-1.5,0s-0.8,0-1.5,0c-0.8,0-1.5,0-3.1,0c-0.8,0-0.8,0-1.5,0c-1.5,0-3.1,0.8-3.8,0.8L123.7,149.6 c-1.5,0.8-2.3,0.8-3.8,1.5l-0.8,0.8c-0.8,0.8-1.5,0.8-2.3,1.5l-0.8,0.8c-0.8,0.8-1.5,0.8-1.5,1.5l-0.8,0.8c-0.8,0.8-0.8,1.5-1.5,1.5 c0,0,0,0.8-0.8,0.8L19.1,312.7c-5.4,8.5-4.6,19.2,1.5,26.2c4.6,5.4,10.8,8.5,17.7,8.5c2.3,0,5.4-0.8,7.7-1.5l61.6-21.5V632 C107.6,642,113.7,650.5,123,653.5z M927,311.9L602.3,427.3l-68.5-113.9L858.6,198L927,311.9z M523.1,71.9l277,98.5l-277,98.5V71.9z  M523.1,384.2l49.2,82.3c4.6,7.7,12.3,11.5,20,11.5c2.3,0,5.4-0.8,7.7-1.5l246.2-86.9v226.2L523.1,730.5V384.2z M153.8,202.7 l323.2,114.6v412.4L153.8,615.1V202.7z\"><\/path><\/svg>                                M\u00f6vcud \u00d6l\u00e7\u00fcl\u0259r: 100g, 250g, 500g                            <\/a>\n                        <\/li>\n\n                            <\/ul>\n        <\/div>\t\t\t\t<\/div>\n\t\t\t\t<\/div>\n\t\t\t\t<div class=\"elementor-element elementor-element-00986ea elementor-widget elementor-widget-text-editor\" data-id=\"00986ea\" data-element_type=\"widget\" data-widget_type=\"text-editor.default\">\n\t\t\t\t<div class=\"elementor-widget-container\">\n\t\t\t\t\t\t\t\t\t<p>B\u0259d\u0259nin t\u0259bii m\u00fcdafi\u0259 sistemini d\u0259st\u0259kl\u0259y\u0259n antioksidant \u00e7ay. Ya\u015f\u0131l \u00c7ay\u0131m\u0131z\u0131n g\u00f6z\u0259l dad\u0131 v\u0259 inc\u0259 aromas\u0131 var. \u015eri Lankan\u0131n \u0259n yax\u015f\u0131 \u00e7ay yeti\u015fdirici rayonlar\u0131n\u0131n orta \u00f6lk\u0259 t\u0259p\u0259l\u0259rind\u0259n se\u00e7ilmi\u015fdir.<\/p>\t\t\t\t\t\t\t\t<\/div>\n\t\t\t\t<\/div>\n\t\t\t\t\t<\/div>\n\t\t<\/div>\n\t\t\t\t\t<\/div>\n\t\t<\/section>\n\t\t\t\t<section class=\"elementor-section elementor-top-section elementor-element elementor-element-42f86fc elementor-section-boxed elementor-section-height-default elementor-section-height-default\" data-id=\"42f86fc\" data-element_type=\"section\">\n\t\t\t\t\t\t<div class=\"elementor-container elementor-column-gap-default\">\n\t\t\t\t\t<div class=\"elementor-column elementor-col-100 elementor-top-column elementor-element elementor-element-4fb703e\" data-id=\"4fb703e\" data-element_type=\"column\">\n\t\t\t<div class=\"elementor-widget-wrap elementor-element-populated\">\n\t\t\t\t\t\t<div class=\"elementor-element elementor-element-46d274b elementor-tabs-view-horizontal elementor-widget elementor-widget-tabs\" data-id=\"46d274b\" data-element_type=\"widget\" data-widget_type=\"tabs.default\">\n\t\t\t\t<div class=\"elementor-widget-container\">\n\t\t\t\t\t\t\t<div class=\"elementor-tabs\">\n\t\t\t<div class=\"elementor-tabs-wrapper\" role=\"tablist\" >\n\t\t\t\t\t\t\t\t\t<div id=\"elementor-tab-title-7421\" class=\"elementor-tab-title elementor-tab-desktop-title\" aria-selected=\"true\" data-tab=\"1\" role=\"tab\" tabindex=\"0\" aria-controls=\"elementor-tab-content-7421\" aria-expanded=\"false\">\u0130NQRED\u0130ENTL\u018fR<\/div>\n\t\t\t\t\t\t\t\t\t<div id=\"elementor-tab-title-7422\" class=\"elementor-tab-title elementor-tab-desktop-title\" aria-selected=\"false\" data-tab=\"2\" role=\"tab\" tabindex=\"-1\" aria-controls=\"elementor-tab-content-7422\" aria-expanded=\"false\">NEC\u018f X\u0130DM\u018fT ETM\u018fK<\/div>\n\t\t\t\t\t\t\t<\/div>\n\t\t\t<div class=\"elementor-tabs-content-wrapper\" role=\"tablist\" aria-orientation=\"vertical\">\n\t\t\t\t\t\t\t\t\t<div class=\"elementor-tab-title elementor-tab-mobile-title\" aria-selected=\"true\" data-tab=\"1\" role=\"tab\" tabindex=\"0\" aria-controls=\"elementor-tab-content-7421\" aria-expanded=\"false\">\u0130NQRED\u0130ENTL\u018fR<\/div>\n\t\t\t\t\t<div id=\"elementor-tab-content-7421\" class=\"elementor-tab-content elementor-clearfix\" data-tab=\"1\" role=\"tabpanel\" aria-labelledby=\"elementor-tab-title-7421\" tabindex=\"0\" hidden=\"false\"><p>100% Ya\u015f\u0131l \u00c7ay \u2013 FBOP<\/p><p>\u00a0<\/p><\/div>\n\t\t\t\t\t\t\t\t\t<div class=\"elementor-tab-title elementor-tab-mobile-title\" aria-selected=\"false\" data-tab=\"2\" role=\"tab\" tabindex=\"-1\" aria-controls=\"elementor-tab-content-7422\" aria-expanded=\"false\">NEC\u018f X\u0130DM\u018fT ETM\u018fK<\/div>\n\t\t\t\t\t<div id=\"elementor-tab-content-7422\" class=\"elementor-tab-content elementor-clearfix\" data-tab=\"2\" role=\"tabpanel\" aria-labelledby=\"elementor-tab-title-7422\" tabindex=\"0\" hidden=\"hidden\"><p><strong>\u00c7ay n\u00f6v\u00fc<\/strong><\/p><p>Ya\u015f\u0131l<\/p><p><b>Temperatur<\/b><\/p><p>70-85 d\u0259r\u0259c\u0259 \u00baC<\/p><p><strong>Vaxt<\/strong><\/p><p>1 il\u0259 3 d\u0259qiq\u0259<\/p><p><strong>\u00c7ay\u0131 nec\u0259 d\u0259ml\u0259m\u0259k olar<\/strong><\/p><p>\u00c7ay\u0131n nec\u0259 d\u0259ml\u0259ndiyi heyr\u0259tamiz \u00e7ay t\u0259cr\u00fcb\u0259si il\u0259 qeyri-adi bir \u00e7ay aras\u0131ndak\u0131 b\u00fct\u00fcn f\u0259rqi yarada bil\u0259r. Bel\u0259likl\u0259, n\u00f6vb\u0259ti st\u0259kan \u00e7ay\u0131n\u0131z\u0131 d\u0259ml\u0259m\u0259k ist\u0259diyiniz zaman n\u0259l\u0259r\u0259 diqq\u0259t etm\u0259lisiniz.<\/p><p>N\u0259z\u0259r\u0259 al\u0131n ki, h\u0259r bir \u00e7ay n\u00f6v\u00fc bir az f\u0259rqli d\u0259ml\u0259m\u0259 texnikas\u0131 t\u0259l\u0259b edir. \u018fn yax\u015f\u0131 fincan \u00fc\u00e7\u00fcn \u00e7ay paketind\u0259 g\u00f6st\u0259ril\u0259n t\u00f6vsiy\u0259 olunan \u00f6l\u00e7\u00fcl\u0259r\u0259, suyun temperaturuna v\u0259 d\u0259ml\u0259m\u0259 m\u00fcdd\u0259tin\u0259 \u0259m\u0259l edin. M\u00fcxt\u0259lif miqdarda \u00e7ay v\u0259 ya d\u0259ml\u0259m\u0259 m\u00fcdd\u0259tl\u0259ri il\u0259 s\u0131naqdan ke\u00e7irin.<\/p><p><strong>Su<\/strong><\/p><p>Birinci qayda, qaynama prosesini s\u00fcr\u0259tl\u0259ndirm\u0259k \u00fc\u00e7\u00fcn he\u00e7 vaxt isti kran suyundan istifad\u0259 etm\u0259yin, \u00e7\u00fcnki bu, evinizin su q\u0131zd\u0131r\u0131c\u0131s\u0131ndan \u0259lav\u0259 \u00e7irkl\u0259ri \u0259lav\u0259 edir.<\/p><p>\u00c7ay\u0131n\u0131z\u0131n \u00fcz\u0259rin\u0259 qaynar su t\u00f6km\u0259zd\u0259n \u0259vv\u0259l d\u0259ml\u0259diyiniz \u00e7ay\u0131n n\u00f6v\u00fcn\u00fc n\u0259z\u0259r\u0259 al\u0131n. F\u0259rqli \u00e7ay n\u00f6vl\u0259rinin f\u0259rqli ideal d\u0259ml\u0259m\u0259 temperaturlar\u0131 v\u0259 d\u0259ml\u0259m\u0259 vaxtlar\u0131 var ki, bu da x\u00fcsusi \u00e7aydan \u0259n yax\u015f\u0131 l\u0259zz\u0259ti ver\u0259c\u0259kdir. \u018fvv\u0259ll\u0259r qaynad\u0131lm\u0131\u015f sudan istifad\u0259 etm\u0259yin, \u00e7\u00fcnki o, oksigensizl\u0259\u015fmi\u015f olacaq. Bulaq suyuna kran suyuna \u00fcst\u00fcnl\u00fck verilir.\u00a0<\/p><\/div>\n\t\t\t\t\t\t\t<\/div>\n\t\t<\/div>\n\t\t\t\t\t\t<\/div>\n\t\t\t\t<\/div>\n\t\t\t\t\t<\/div>\n\t\t<\/div>\n\t\t\t\t\t<\/div>\n\t\t<\/section>\n\t\t\t\t<\/div>","protected":false},"excerpt":{"rendered":"<p><strong>\u00a0Saf Seylon \u00c7ay\u0131<\/strong><\/p>","protected":false},"featured_media":2101,"comment_status":"closed","ping_status":"closed","template":"","meta":[],"product_brand":[],"product_cat":[43],"product_tag":[44,45],"class_list":{"0":"post-1456","1":"product","2":"type-product","3":"status-publish","4":"has-post-thumbnail","6":"product_cat-green-tea","7":"product_tag-golzar-green-tea","8":"product_tag-green-tea","10":"first","11":"instock","12":"shipping-taxable","13":"product-type-simple"},"yoast_head":"<!-- This site is optimized with the Yoast SEO Premium plugin v21.2 (Yoast SEO v26.4) - https:\/\/yoast.com\/wordpress\/plugins\/seo\/ -->\n<title>Green Tea - Golzar Tea<\/title>\n<meta name=\"robots\" content=\"index, follow, max-snippet:-1, max-image-preview:large, max-video-preview:-1\" \/>\n<link rel=\"canonical\" href=\"https:\/\/golzartea.com\/az\/urun\/green-tea\/\" \/>\n<meta property=\"og:locale\" content=\"az_AZ\" \/>\n<meta property=\"og:type\" content=\"article\" \/>\n<meta property=\"og:title\" content=\"Green Tea\" \/>\n<meta property=\"og:description\" content=\"\u00a0Loose Tea\" \/>\n<meta property=\"og:url\" content=\"https:\/\/golzartea.com\/az\/urun\/green-tea\/\" \/>\n<meta property=\"og:site_name\" content=\"Golzar Tea\" \/>\n<meta property=\"article:publisher\" content=\"https:\/\/www.facebook.com\/golzartea\" \/>\n<meta property=\"article:modified_time\" content=\"2023-09-27T20:59:09+00:00\" \/>\n<meta property=\"og:image\" content=\"https:\/\/golzartea.com\/wp-content\/uploads\/2022\/01\/Golzar-Green-Tea-loose-leaf.jpg\" \/>\n\t<meta property=\"og:image:width\" content=\"900\" \/>\n\t<meta property=\"og:image:height\" content=\"1055\" \/>\n\t<meta property=\"og:image:type\" content=\"image\/jpeg\" \/>\n<meta name=\"twitter:card\" content=\"summary_large_image\" \/>\n<meta name=\"twitter:site\" content=\"@golzartea\" \/>\n<script type=\"application\/ld+json\" class=\"yoast-schema-graph\">{\"@context\":\"https:\/\/schema.org\",\"@graph\":[{\"@type\":\"WebPage\",\"@id\":\"https:\/\/golzartea.com\/tr\/urun\/green-tea\/\",\"url\":\"https:\/\/golzartea.com\/tr\/urun\/green-tea\/\",\"name\":\"Green Tea - Golzar Tea\",\"isPartOf\":{\"@id\":\"https:\/\/darkslategray-caribou-741384.hostingersite.com\/ar\/#website\"},\"primaryImageOfPage\":{\"@id\":\"https:\/\/golzartea.com\/tr\/urun\/green-tea\/#primaryimage\"},\"image\":{\"@id\":\"https:\/\/golzartea.com\/tr\/urun\/green-tea\/#primaryimage\"},\"thumbnailUrl\":\"https:\/\/golzartea.com\/wp-content\/uploads\/2022\/01\/Golzar-Green-Tea-loose-leaf.jpg\",\"datePublished\":\"2022-01-01T09:10:13+00:00\",\"dateModified\":\"2023-09-27T20:59:09+00:00\",\"breadcrumb\":{\"@id\":\"https:\/\/golzartea.com\/tr\/urun\/green-tea\/#breadcrumb\"},\"inLanguage\":\"az\",\"potentialAction\":[{\"@type\":\"ReadAction\",\"target\":[\"https:\/\/golzartea.com\/tr\/urun\/green-tea\/\"]}]},{\"@type\":\"ImageObject\",\"inLanguage\":\"az\",\"@id\":\"https:\/\/golzartea.com\/tr\/urun\/green-tea\/#primaryimage\",\"url\":\"https:\/\/golzartea.com\/wp-content\/uploads\/2022\/01\/Golzar-Green-Tea-loose-leaf.jpg\",\"contentUrl\":\"https:\/\/golzartea.com\/wp-content\/uploads\/2022\/01\/Golzar-Green-Tea-loose-leaf.jpg\",\"width\":900,\"height\":1055},{\"@type\":\"BreadcrumbList\",\"@id\":\"https:\/\/golzartea.com\/tr\/urun\/green-tea\/#breadcrumb\",\"itemListElement\":[{\"@type\":\"ListItem\",\"position\":1,\"name\":\"Home\",\"item\":\"https:\/\/darkslategray-caribou-741384.hostingersite.com\/ar\/\"},{\"@type\":\"ListItem\",\"position\":2,\"name\":\"Shop\",\"item\":\"https:\/\/golzartea.com\/fa\/shop\/\"},{\"@type\":\"ListItem\",\"position\":3,\"name\":\"Green Tea\"}]},{\"@type\":\"WebSite\",\"@id\":\"https:\/\/darkslategray-caribou-741384.hostingersite.com\/ar\/#website\",\"url\":\"https:\/\/darkslategray-caribou-741384.hostingersite.com\/ar\/\",\"name\":\"Golzar Tea\",\"description\":\"Welcome to Golzar Tea. Premium tea that refreshes you.\",\"publisher\":{\"@id\":\"https:\/\/darkslategray-caribou-741384.hostingersite.com\/ar\/#organization\"},\"potentialAction\":[{\"@type\":\"SearchAction\",\"target\":{\"@type\":\"EntryPoint\",\"urlTemplate\":\"https:\/\/darkslategray-caribou-741384.hostingersite.com\/ar\/?s={search_term_string}\"},\"query-input\":{\"@type\":\"PropertyValueSpecification\",\"valueRequired\":true,\"valueName\":\"search_term_string\"}}],\"inLanguage\":\"az\"},{\"@type\":\"Organization\",\"@id\":\"https:\/\/darkslategray-caribou-741384.hostingersite.com\/ar\/#organization\",\"name\":\"Golzar Premium Tea\",\"url\":\"https:\/\/darkslategray-caribou-741384.hostingersite.com\/ar\/\",\"logo\":{\"@type\":\"ImageObject\",\"inLanguage\":\"az\",\"@id\":\"https:\/\/darkslategray-caribou-741384.hostingersite.com\/ar\/#\/schema\/logo\/image\/\",\"url\":\"http:\/\/golzartea.com\/wp-content\/uploads\/2020\/07\/GTlogo.svg\",\"contentUrl\":\"http:\/\/golzartea.com\/wp-content\/uploads\/2020\/07\/GTlogo.svg\",\"width\":848,\"height\":441,\"caption\":\"Golzar Premium Tea\"},\"image\":{\"@id\":\"https:\/\/darkslategray-caribou-741384.hostingersite.com\/ar\/#\/schema\/logo\/image\/\"},\"sameAs\":[\"https:\/\/www.facebook.com\/golzartea\",\"https:\/\/x.com\/golzartea\",\"https:\/\/www.instagram.com\/golzartea\/\",\"https:\/\/www.linkedin.com\/company\/golzar-tea\"]}]}<\/script>\n<!-- \/ Yoast SEO Premium plugin. -->","yoast_head_json":{"title":"Green Tea - Golzar Tea","robots":{"index":"index","follow":"follow","max-snippet":"max-snippet:-1","max-image-preview":"max-image-preview:large","max-video-preview":"max-video-preview:-1"},"canonical":"https:\/\/golzartea.com\/az\/urun\/green-tea\/","og_locale":"az_AZ","og_type":"article","og_title":"Green Tea","og_description":"\u00a0Loose Tea","og_url":"https:\/\/golzartea.com\/az\/urun\/green-tea\/","og_site_name":"Golzar Tea","article_publisher":"https:\/\/www.facebook.com\/golzartea","article_modified_time":"2023-09-27T20:59:09+00:00","og_image":[{"width":900,"height":1055,"url":"https:\/\/golzartea.com\/wp-content\/uploads\/2022\/01\/Golzar-Green-Tea-loose-leaf.jpg","type":"image\/jpeg"}],"twitter_card":"summary_large_image","twitter_site":"@golzartea","schema":{"@context":"https:\/\/schema.org","@graph":[{"@type":"WebPage","@id":"https:\/\/golzartea.com\/tr\/urun\/green-tea\/","url":"https:\/\/golzartea.com\/tr\/urun\/green-tea\/","name":"Green Tea - Golzar Tea","isPartOf":{"@id":"https:\/\/darkslategray-caribou-741384.hostingersite.com\/ar\/#website"},"primaryImageOfPage":{"@id":"https:\/\/golzartea.com\/tr\/urun\/green-tea\/#primaryimage"},"image":{"@id":"https:\/\/golzartea.com\/tr\/urun\/green-tea\/#primaryimage"},"thumbnailUrl":"https:\/\/golzartea.com\/wp-content\/uploads\/2022\/01\/Golzar-Green-Tea-loose-leaf.jpg","datePublished":"2022-01-01T09:10:13+00:00","dateModified":"2023-09-27T20:59:09+00:00","breadcrumb":{"@id":"https:\/\/golzartea.com\/tr\/urun\/green-tea\/#breadcrumb"},"inLanguage":"az","potentialAction":[{"@type":"ReadAction","target":["https:\/\/golzartea.com\/tr\/urun\/green-tea\/"]}]},{"@type":"ImageObject","inLanguage":"az","@id":"https:\/\/golzartea.com\/tr\/urun\/green-tea\/#primaryimage","url":"https:\/\/golzartea.com\/wp-content\/uploads\/2022\/01\/Golzar-Green-Tea-loose-leaf.jpg","contentUrl":"https:\/\/golzartea.com\/wp-content\/uploads\/2022\/01\/Golzar-Green-Tea-loose-leaf.jpg","width":900,"height":1055},{"@type":"BreadcrumbList","@id":"https:\/\/golzartea.com\/tr\/urun\/green-tea\/#breadcrumb","itemListElement":[{"@type":"ListItem","position":1,"name":"Home","item":"https:\/\/darkslategray-caribou-741384.hostingersite.com\/ar\/"},{"@type":"ListItem","position":2,"name":"Shop","item":"https:\/\/golzartea.com\/fa\/shop\/"},{"@type":"ListItem","position":3,"name":"Green Tea"}]},{"@type":"WebSite","@id":"https:\/\/darkslategray-caribou-741384.hostingersite.com\/ar\/#website","url":"https:\/\/darkslategray-caribou-741384.hostingersite.com\/ar\/","name":"Golzar Tea","description":"Welcome to Golzar Tea. Premium tea that refreshes you.","publisher":{"@id":"https:\/\/darkslategray-caribou-741384.hostingersite.com\/ar\/#organization"},"potentialAction":[{"@type":"SearchAction","target":{"@type":"EntryPoint","urlTemplate":"https:\/\/darkslategray-caribou-741384.hostingersite.com\/ar\/?s={search_term_string}"},"query-input":{"@type":"PropertyValueSpecification","valueRequired":true,"valueName":"search_term_string"}}],"inLanguage":"az"},{"@type":"Organization","@id":"https:\/\/darkslategray-caribou-741384.hostingersite.com\/ar\/#organization","name":"Golzar Premium Tea","url":"https:\/\/darkslategray-caribou-741384.hostingersite.com\/ar\/","logo":{"@type":"ImageObject","inLanguage":"az","@id":"https:\/\/darkslategray-caribou-741384.hostingersite.com\/ar\/#\/schema\/logo\/image\/","url":"http:\/\/golzartea.com\/wp-content\/uploads\/2020\/07\/GTlogo.svg","contentUrl":"http:\/\/golzartea.com\/wp-content\/uploads\/2020\/07\/GTlogo.svg","width":848,"height":441,"caption":"Golzar Premium Tea"},"image":{"@id":"https:\/\/darkslategray-caribou-741384.hostingersite.com\/ar\/#\/schema\/logo\/image\/"},"sameAs":["https:\/\/www.facebook.com\/golzartea","https:\/\/x.com\/golzartea","https:\/\/www.instagram.com\/golzartea\/","https:\/\/www.linkedin.com\/company\/golzar-tea"]}]}},"_links":{"self":[{"href":"https:\/\/golzartea.com\/az\/wp-json\/wp\/v2\/product\/1456","targetHints":{"allow":["GET"]}}],"collection":[{"href":"https:\/\/golzartea.com\/az\/wp-json\/wp\/v2\/product"}],"about":[{"href":"https:\/\/golzartea.com\/az\/wp-json\/wp\/v2\/types\/product"}],"replies":[{"embeddable":true,"href":"https:\/\/golzartea.com\/az\/wp-json\/wp\/v2\/comments?post=1456"}],"version-history":[{"count":0,"href":"https:\/\/golzartea.com\/az\/wp-json\/wp\/v2\/product\/1456\/revisions"}],"wp:featuredmedia":[{"embeddable":true,"href":"https:\/\/golzartea.com\/az\/wp-json\/wp\/v2\/media\/2101"}],"wp:attachment":[{"href":"https:\/\/golzartea.com\/az\/wp-json\/wp\/v2\/media?parent=1456"}],"wp:term":[{"taxonomy":"product_brand","embeddable":true,"href":"https:\/\/golzartea.com\/az\/wp-json\/wp\/v2\/product_brand?post=1456"},{"taxonomy":"product_cat","embeddable":true,"href":"https:\/\/golzartea.com\/az\/wp-json\/wp\/v2\/product_cat?post=1456"},{"taxonomy":"product_tag","embeddable":true,"href":"https:\/\/golzartea.com\/az\/wp-json\/wp\/v2\/product_tag?post=1456"}],"curies":[{"name":"wp","href":"https:\/\/api.w.org\/{rel}","templated":true}]}}