{"id":1450,"date":"2022-01-01T09:08:12","date_gmt":"2022-01-01T09:08:12","guid":{"rendered":"https:\/\/darkslategray-caribou-741384.hostingersite.com\/?post_type=product&#038;p=1450"},"modified":"2023-09-27T22:02:16","modified_gmt":"2023-09-27T21:02:16","slug":"english-breakfast-teabag","status":"publish","type":"product","link":"https:\/\/golzartea.com\/az\/product\/english-breakfast-teabag\/","title":{"rendered":"English Breakfast"},"content":{"rendered":"<div data-elementor-type=\"product-post\" data-elementor-id=\"1450\" class=\"elementor elementor-1450\" data-elementor-post-type=\"product\">\n\t\t\t\t\t\t<section class=\"elementor-section elementor-top-section elementor-element elementor-element-102a7828 elementor-section-boxed elementor-section-height-default elementor-section-height-default\" data-id=\"102a7828\" data-element_type=\"section\">\n\t\t\t\t\t\t<div class=\"elementor-container elementor-column-gap-default\">\n\t\t\t\t\t<div class=\"elementor-column elementor-col-100 elementor-top-column elementor-element elementor-element-63c6c7d4\" data-id=\"63c6c7d4\" data-element_type=\"column\">\n\t\t\t<div class=\"elementor-widget-wrap elementor-element-populated\">\n\t\t\t\t\t\t<div class=\"elementor-element elementor-element-c994ced elementor-widget elementor-widget-elementskit-header-info\" data-id=\"c994ced\" data-element_type=\"widget\" data-widget_type=\"elementskit-header-info.default\">\n\t\t\t\t<div class=\"elementor-widget-container\">\n\t\t\t\t\t<div class=\"ekit-wid-con\" >        <ul class=\"ekit-header-info\">\n                                    <li>\n                            <a > \n                                <svg xmlns=\"http:\/\/www.w3.org\/2000\/svg\" xmlns:xlink=\"http:\/\/www.w3.org\/1999\/xlink\" x=\"0px\" y=\"0px\" viewbox=\"0 0 1000 1000\" xml:space=\"preserve\"><metadata> Svg Vektor Ni\u015fanlar\u0131: http:\/\/www.onlinewebfonts.com\/icon <\/metadata><g><g transform=\"translate(0.000000,511.000000) scale(0.100000,-0.100000)\"><path d=\"M4723.8,4849.8c-283.4-30.6-606.9-124.4-842.4-243.1c-664.4-335.1-1141.1-1091.3-1277-2033.3l-23-162.7h-516.9h-518.9l-721.8-723.7L100,965v-2753.2v-2753.2l47.9-46l45.9-47.9h2510h2510l46,47.9l47.9,46v2753.2V965L4584,1686.9l-721.8,723.7h-484.4c-407.8,0-482.5,3.8-482.5,26.8c0,78.5,86.2,461.4,143.6,633.7c164.7,503.5,421.2,882.6,765.8,1131.5c329.3,239.3,829,371.4,1311.5,346.5c287.2-15.3,501.6-68.9,737.1-185.7c553.3-275.7,915.2-813.7,1058.8-1579.5c23-128.3,30.7-275.7,30.7-574.4c0-348.5-7.7-448-55.5-746.7c-49.8-306.3-55.5-394.4-55.5-775.4c0-365.7,5.8-469.1,44.1-679.7c49.8-281.5,139.8-595.4,237.4-827.1l67-158.9l-402.1-250.8c-275.7-174.2-413.5-269.9-438.4-312.1c-53.6-88.1-65.1-176.2-32.5-256.5c38.3-93.8,1269.4-2065.9,1332.6-2132.9c61.3-67,158.9-99.6,254.6-86.2c51.7,7.7,321.7,164.7,968.8,568.7c492.1,308.2,919,582.1,947.7,608.8c67,61.3,99.6,158.9,86.2,254.6c-7.7,51.7-183.8,352.3-645.2,1093.2c-350.4,561-664.4,1049.2-696.9,1083.7c-68.9,72.7-172.3,109.1-266.1,91.9c-36.4-7.7-241.3-120.6-453.8-252.7c-212.5-132.1-388.7-237.4-390.6-233.6c-24.9,24.9-155.1,392.5-191.5,538c-90,346.5-116.8,568.6-114.9,980.3c1.9,315.9,11.5,442.3,53.6,718c158.9,1028.1,26.8,1849.5-398.3,2489c-315.9,471-752.4,769.7-1303.8,892.2C5359.4,4845.9,4880.8,4865.1,4723.8,4849.8z M2550.7,1951.1v-153.2h-181.9c-168.5,0-187.6-3.8-229.8-47.9c-63.2-61.3-63.2-149.3,0-210.6l45.9-47.9h518.9h518.9l45.9,47.9c63.2,61.3,63.2,149.3,0,210.6c-42.1,44-61.3,47.9-229.8,47.9H2857v153.2v153.2h444.2h446.1l626.1-626.1l628-628v-2588.6v-2590.4H2703.9H406.3v2588.6V850.2l626.1,626.1l628,628h444.2h446.1V1951.1z M8979.9-1638.8c329.3-526.5,599.3-965,601.2-976.4c1.9-9.6-384.9-262.3-857.7-557.1c-643.3-404-865.4-534.2-880.7-516.9c-32.6,30.6-1233,1956.7-1233,1975.8c0,9.6,160.8,118.7,359.9,241.3c306.3,193.4,359.9,222.1,377.2,195.3c80.4-130.2,208.7-277.6,248.9-287.2c70.8-17.2,155.1,24.9,183.8,91.9c26.8,65.1,7.7,111-107.2,271.9c-38.3,51.7-65.1,103.4-61.3,114.9c3.8,9.6,168.5,120.6,367.6,245.1c325.5,202.9,363.8,222.1,382.9,191.5C8373-666.2,8652.5-1112.3,8979.9-1638.8z\"><\/path><path d=\"M712.7-2797.2v-1225.3h1991.2H4695v1225.3v1225.4H2703.9H712.7V-2797.2z\"><\/path><\/g><\/g><\/svg>                                25,50,100 \u00e7ay paketind\u0259 m\u00f6vcuddur                            <\/a>\n                        <\/li>\n\n                            <\/ul>\n        <\/div>\t\t\t\t<\/div>\n\t\t\t\t<\/div>\n\t\t\t\t<div class=\"elementor-element elementor-element-00986ea elementor-widget elementor-widget-text-editor\" data-id=\"00986ea\" data-element_type=\"widget\" data-widget_type=\"text-editor.default\">\n\t\t\t\t<div class=\"elementor-widget-container\">\n\t\t\t\t\t\t\t\t\t\n<div class=\"wp-block-woobuilder-tpl relative\">\n<div class=\"relative woobuilder-tpl\" style=\"grid-template-columns: repeat(12, 1fr); padding: 5px;\" data-tablet-css=\"padding-left:1em;padding-right:1em;\" data-mobile-css=\"padding-left:1em;padding-right:1em;\">\n<div class=\"wp-block-caxton-grid relative\">\n<div class=\"relative caxton-columns caxton-grid-block\" style=\"grid-template-columns: repeat(12, 1fr); padding: 0;\" data-tablet-css=\"padding-left:em;padding-right:em;\" data-mobile-css=\"padding-left:em;padding-right:em;\">\n<div class=\"wp-block-caxton-section relative\" style=\"grid-area: span 1\/span 6;\">\n<div class=\"relative caxton-section-block\" style=\"padding: 5px;\" data-mobile-css=\"padding-left:1em;padding-right:1em;\" data-tablet-css=\"padding-left:1em;padding-right:1em;\">\n<p>Bizim m\u0259\u015fhur \u0130ngilis s\u0259h\u0259r yem\u0259yi \u00e7ay\u0131m\u0131z, \u0259n m\u0259\u015fhur qar\u0131\u015f\u0131q \u00e7aylardan biri v\u0259 Britaniya m\u0259d\u0259niyy\u0259tinin \u0259sas t\u0259rkib hiss\u0259sidir. Y\u00fcks\u0259k da\u011fl\u0131q \u0259razil\u0259rd\u0259n se\u00e7ilmi\u015f s\u0259h\u0259r yem\u0259yi \u00e7ay\u0131m\u0131z s\u00fcd v\u0259 \u015f\u0259k\u0259rl\u0259 m\u00fck\u0259mm\u0259l uy\u011funla\u015fan dol\u011fun, m\u00f6hk\u0259m, z\u0259ngin qara \u00e7ayd\u0131r \u2013 g\u00fcn\u0259 ba\u015flamaq \u00fc\u00e7\u00fcn m\u00fck\u0259mm\u0259l \u00fcsuldur.<\/p>\n<\/div>\n<\/div>\n<!-- \/wp:caxton\/section --><\/div>\n<\/div>\n<!-- \/wp:caxton\/grid --><\/div>\n<\/div>\n<!-- \/wp:woobuilder\/tpl --><!-- wp:paragraph -->\n<p>\u00a0<\/p>\n<!-- \/wp:paragraph --><!-- wp:woobuilder\/tabs {\"desc\":\"\",\"font\":\"\",\"font_size\":\"14\",\"text_color\":\"\"} \/-->\t\t\t\t\t\t\t\t<\/div>\n\t\t\t\t<\/div>\n\t\t\t\t\t<\/div>\n\t\t<\/div>\n\t\t\t\t\t<\/div>\n\t\t<\/section>\n\t\t\t\t<section class=\"elementor-section elementor-top-section elementor-element elementor-element-42f86fc elementor-section-boxed elementor-section-height-default elementor-section-height-default\" data-id=\"42f86fc\" data-element_type=\"section\">\n\t\t\t\t\t\t<div class=\"elementor-container elementor-column-gap-default\">\n\t\t\t\t\t<div class=\"elementor-column elementor-col-100 elementor-top-column elementor-element elementor-element-4fb703e\" data-id=\"4fb703e\" data-element_type=\"column\">\n\t\t\t<div class=\"elementor-widget-wrap elementor-element-populated\">\n\t\t\t\t\t\t<div class=\"elementor-element elementor-element-46d274b elementor-tabs-view-horizontal elementor-widget elementor-widget-tabs\" data-id=\"46d274b\" data-element_type=\"widget\" data-widget_type=\"tabs.default\">\n\t\t\t\t<div class=\"elementor-widget-container\">\n\t\t\t\t\t\t\t<div class=\"elementor-tabs\">\n\t\t\t<div class=\"elementor-tabs-wrapper\" role=\"tablist\" >\n\t\t\t\t\t\t\t\t\t<div id=\"elementor-tab-title-7421\" class=\"elementor-tab-title elementor-tab-desktop-title\" aria-selected=\"true\" data-tab=\"1\" role=\"tab\" tabindex=\"0\" aria-controls=\"elementor-tab-content-7421\" aria-expanded=\"false\">\u0130NQRED\u0130ENTL\u018fR<\/div>\n\t\t\t\t\t\t\t\t\t<div id=\"elementor-tab-title-7422\" class=\"elementor-tab-title elementor-tab-desktop-title\" aria-selected=\"false\" data-tab=\"2\" role=\"tab\" tabindex=\"-1\" aria-controls=\"elementor-tab-content-7422\" aria-expanded=\"false\">NEC\u018f X\u0130DM\u018fT ETM\u018fK<\/div>\n\t\t\t\t\t\t\t<\/div>\n\t\t\t<div class=\"elementor-tabs-content-wrapper\" role=\"tablist\" aria-orientation=\"vertical\">\n\t\t\t\t\t\t\t\t\t<div class=\"elementor-tab-title elementor-tab-mobile-title\" aria-selected=\"true\" data-tab=\"1\" role=\"tab\" tabindex=\"0\" aria-controls=\"elementor-tab-content-7421\" aria-expanded=\"false\">\u0130NQRED\u0130ENTL\u018fR<\/div>\n\t\t\t\t\t<div id=\"elementor-tab-content-7421\" class=\"elementor-tab-content elementor-clearfix\" data-tab=\"1\" role=\"tabpanel\" aria-labelledby=\"elementor-tab-title-7421\" tabindex=\"0\" hidden=\"false\"><p>Qara \u00c7ay - FBOP<\/p>\n<p>S\u00fcd v\u0259 \u015f\u0259k\u0259rl\u0259 m\u00fck\u0259mm\u0259l uy\u011funla\u015fan z\u0259ngin qara \u00e7ay<\/p><\/div>\n\t\t\t\t\t\t\t\t\t<div class=\"elementor-tab-title elementor-tab-mobile-title\" aria-selected=\"false\" data-tab=\"2\" role=\"tab\" tabindex=\"-1\" aria-controls=\"elementor-tab-content-7422\" aria-expanded=\"false\">NEC\u018f X\u0130DM\u018fT ETM\u018fK<\/div>\n\t\t\t\t\t<div id=\"elementor-tab-content-7422\" class=\"elementor-tab-content elementor-clearfix\" data-tab=\"2\" role=\"tabpanel\" aria-labelledby=\"elementor-tab-title-7422\" tabindex=\"0\" hidden=\"hidden\"><p><strong>\u00c7ay n\u00f6v\u00fc<\/strong><\/p>\n<p>Qara<\/p>\n<p><b>Temperatur<\/b><\/p>\n<p>95 il\u0259 100 d\u0259r\u0259c\u0259 \u00baC<\/p>\n<p><strong>Vaxt<\/strong><\/p>\n<p>3 il\u0259 5 d\u0259qiq\u0259<\/p>\n<p><strong>\u00c7ay\u0131 nec\u0259 d\u0259ml\u0259m\u0259k olar<\/strong><\/p>\n<p>\u00c7ay\u0131n nec\u0259 d\u0259ml\u0259ndiyi heyr\u0259tamiz \u00e7ay t\u0259cr\u00fcb\u0259si il\u0259 qeyri-adi bir \u00e7ay aras\u0131ndak\u0131 b\u00fct\u00fcn f\u0259rqi yarada bil\u0259r. Bel\u0259likl\u0259, n\u00f6vb\u0259ti st\u0259kan \u00e7ay\u0131n\u0131z\u0131 d\u0259ml\u0259m\u0259k ist\u0259diyiniz zaman n\u0259l\u0259r\u0259 diqq\u0259t etm\u0259lisiniz.<\/p>\n<p>N\u0259z\u0259r\u0259 al\u0131n ki, h\u0259r bir \u00e7ay n\u00f6v\u00fc bir az f\u0259rqli d\u0259ml\u0259m\u0259 texnikas\u0131 t\u0259l\u0259b edir. \u018fn yax\u015f\u0131 fincan \u00fc\u00e7\u00fcn \u00e7ay paketind\u0259 g\u00f6st\u0259ril\u0259n t\u00f6vsiy\u0259 olunan \u00f6l\u00e7\u00fcl\u0259r\u0259, suyun temperaturuna v\u0259 d\u0259ml\u0259m\u0259 m\u00fcdd\u0259tin\u0259 \u0259m\u0259l edin. M\u00fcxt\u0259lif miqdarda \u00e7ay v\u0259 ya d\u0259ml\u0259m\u0259 m\u00fcdd\u0259tl\u0259ri il\u0259 s\u0131naqdan ke\u00e7irin.<\/p>\n<p><strong>Su<\/strong><\/p>\n<p>Birinci qayda, qaynama prosesini s\u00fcr\u0259tl\u0259ndirm\u0259k \u00fc\u00e7\u00fcn he\u00e7 vaxt isti kran suyundan istifad\u0259 etm\u0259yin, \u00e7\u00fcnki bu, evinizin su q\u0131zd\u0131r\u0131c\u0131s\u0131ndan \u0259lav\u0259 \u00e7irkl\u0259ri \u0259lav\u0259 edir.<\/p>\n<p>\u00c7ay\u0131n\u0131z\u0131n \u00fcz\u0259rin\u0259 qaynar su t\u00f6km\u0259zd\u0259n \u0259vv\u0259l d\u0259ml\u0259diyiniz \u00e7ay\u0131n n\u00f6v\u00fcn\u00fc n\u0259z\u0259r\u0259 al\u0131n. F\u0259rqli \u00e7ay n\u00f6vl\u0259rinin f\u0259rqli ideal d\u0259ml\u0259m\u0259 temperaturlar\u0131 v\u0259 d\u0259ml\u0259m\u0259 vaxtlar\u0131 var ki, bu da x\u00fcsusi \u00e7aydan \u0259n yax\u015f\u0131 l\u0259zz\u0259ti ver\u0259c\u0259kdir. \u018fvv\u0259ll\u0259r qaynad\u0131lm\u0131\u015f sudan istifad\u0259 etm\u0259yin, \u00e7\u00fcnki o, oksigensizl\u0259\u015fmi\u015f olacaq. Bulaq suyuna kran suyuna \u00fcst\u00fcnl\u00fck verilir.\u00a0<\/p><\/div>\n\t\t\t\t\t\t\t<\/div>\n\t\t<\/div>\n\t\t\t\t\t\t<\/div>\n\t\t\t\t<\/div>\n\t\t\t\t\t<\/div>\n\t\t<\/div>\n\t\t\t\t\t<\/div>\n\t\t<\/section>\n\t\t\t\t<\/div>","protected":false},"excerpt":{"rendered":"<p><strong>\u00c7ay paketi<\/strong><\/p>","protected":false},"featured_media":1351,"comment_status":"closed","ping_status":"closed","template":"","meta":[],"product_brand":[],"product_cat":[40],"product_tag":[42,41],"class_list":{"0":"post-1450","1":"product","2":"type-product","3":"status-publish","4":"has-post-thumbnail","6":"product_cat-english-breakfast","7":"product_tag-english-breakfast","8":"product_tag-golzar-english-breakfast","10":"first","11":"instock","12":"shipping-taxable","13":"product-type-simple"},"yoast_head":"<!-- This site is optimized with the Yoast SEO Premium plugin v21.2 (Yoast SEO v26.4) - https:\/\/yoast.com\/wordpress\/plugins\/seo\/ -->\n<title>English Breakfast - Golzar Tea<\/title>\n<meta name=\"robots\" content=\"index, follow, max-snippet:-1, max-image-preview:large, max-video-preview:-1\" \/>\n<link rel=\"canonical\" href=\"https:\/\/golzartea.com\/az\/product\/english-breakfast-teabag\/\" \/>\n<meta property=\"og:locale\" content=\"az_AZ\" \/>\n<meta property=\"og:type\" content=\"article\" \/>\n<meta property=\"og:title\" content=\"English Breakfast\" \/>\n<meta property=\"og:description\" content=\"Tea Bag\" \/>\n<meta property=\"og:url\" content=\"https:\/\/golzartea.com\/az\/product\/english-breakfast-teabag\/\" \/>\n<meta property=\"og:site_name\" content=\"Golzar Tea\" \/>\n<meta property=\"article:publisher\" content=\"https:\/\/www.facebook.com\/golzartea\" \/>\n<meta property=\"article:modified_time\" content=\"2023-09-27T21:02:16+00:00\" \/>\n<meta property=\"og:image\" content=\"https:\/\/golzartea.com\/wp-content\/uploads\/2021\/12\/Golzar-English-breakfast-Tea-bag-25.jpg\" \/>\n\t<meta property=\"og:image:width\" content=\"900\" \/>\n\t<meta property=\"og:image:height\" content=\"1055\" \/>\n\t<meta property=\"og:image:type\" content=\"image\/jpeg\" \/>\n<meta name=\"twitter:card\" content=\"summary_large_image\" \/>\n<meta name=\"twitter:site\" content=\"@golzartea\" \/>\n<script type=\"application\/ld+json\" class=\"yoast-schema-graph\">{\"@context\":\"https:\/\/schema.org\",\"@graph\":[{\"@type\":\"WebPage\",\"@id\":\"https:\/\/golzartea.com\/az\/product\/english-breakfast-teabag\/\",\"url\":\"https:\/\/golzartea.com\/az\/product\/english-breakfast-teabag\/\",\"name\":\"English Breakfast - Golzar Tea\",\"isPartOf\":{\"@id\":\"https:\/\/darkslategray-caribou-741384.hostingersite.com\/ar\/#website\"},\"primaryImageOfPage\":{\"@id\":\"https:\/\/golzartea.com\/az\/product\/english-breakfast-teabag\/#primaryimage\"},\"image\":{\"@id\":\"https:\/\/golzartea.com\/az\/product\/english-breakfast-teabag\/#primaryimage\"},\"thumbnailUrl\":\"https:\/\/golzartea.com\/wp-content\/uploads\/2021\/12\/Golzar-English-breakfast-Tea-bag-25.jpg\",\"datePublished\":\"2022-01-01T09:08:12+00:00\",\"dateModified\":\"2023-09-27T21:02:16+00:00\",\"breadcrumb\":{\"@id\":\"https:\/\/golzartea.com\/az\/product\/english-breakfast-teabag\/#breadcrumb\"},\"inLanguage\":\"az\",\"potentialAction\":[{\"@type\":\"ReadAction\",\"target\":[\"https:\/\/golzartea.com\/az\/product\/english-breakfast-teabag\/\"]}]},{\"@type\":\"ImageObject\",\"inLanguage\":\"az\",\"@id\":\"https:\/\/golzartea.com\/az\/product\/english-breakfast-teabag\/#primaryimage\",\"url\":\"https:\/\/golzartea.com\/wp-content\/uploads\/2021\/12\/Golzar-English-breakfast-Tea-bag-25.jpg\",\"contentUrl\":\"https:\/\/golzartea.com\/wp-content\/uploads\/2021\/12\/Golzar-English-breakfast-Tea-bag-25.jpg\",\"width\":900,\"height\":1055},{\"@type\":\"BreadcrumbList\",\"@id\":\"https:\/\/golzartea.com\/az\/product\/english-breakfast-teabag\/#breadcrumb\",\"itemListElement\":[{\"@type\":\"ListItem\",\"position\":1,\"name\":\"Home\",\"item\":\"https:\/\/darkslategray-caribou-741384.hostingersite.com\/ar\/\"},{\"@type\":\"ListItem\",\"position\":2,\"name\":\"Shop\",\"item\":\"https:\/\/golzartea.com\/fa\/shop\/\"},{\"@type\":\"ListItem\",\"position\":3,\"name\":\"English Breakfast\"}]},{\"@type\":\"WebSite\",\"@id\":\"https:\/\/darkslategray-caribou-741384.hostingersite.com\/ar\/#website\",\"url\":\"https:\/\/darkslategray-caribou-741384.hostingersite.com\/ar\/\",\"name\":\"Golzar Tea\",\"description\":\"Welcome to Golzar Tea. Premium tea that refreshes you.\",\"publisher\":{\"@id\":\"https:\/\/darkslategray-caribou-741384.hostingersite.com\/ar\/#organization\"},\"potentialAction\":[{\"@type\":\"SearchAction\",\"target\":{\"@type\":\"EntryPoint\",\"urlTemplate\":\"https:\/\/darkslategray-caribou-741384.hostingersite.com\/ar\/?s={search_term_string}\"},\"query-input\":{\"@type\":\"PropertyValueSpecification\",\"valueRequired\":true,\"valueName\":\"search_term_string\"}}],\"inLanguage\":\"az\"},{\"@type\":\"Organization\",\"@id\":\"https:\/\/darkslategray-caribou-741384.hostingersite.com\/ar\/#organization\",\"name\":\"Golzar Premium Tea\",\"url\":\"https:\/\/darkslategray-caribou-741384.hostingersite.com\/ar\/\",\"logo\":{\"@type\":\"ImageObject\",\"inLanguage\":\"az\",\"@id\":\"https:\/\/darkslategray-caribou-741384.hostingersite.com\/ar\/#\/schema\/logo\/image\/\",\"url\":\"http:\/\/golzartea.com\/wp-content\/uploads\/2020\/07\/GTlogo.svg\",\"contentUrl\":\"http:\/\/golzartea.com\/wp-content\/uploads\/2020\/07\/GTlogo.svg\",\"width\":848,\"height\":441,\"caption\":\"Golzar Premium Tea\"},\"image\":{\"@id\":\"https:\/\/darkslategray-caribou-741384.hostingersite.com\/ar\/#\/schema\/logo\/image\/\"},\"sameAs\":[\"https:\/\/www.facebook.com\/golzartea\",\"https:\/\/x.com\/golzartea\",\"https:\/\/www.instagram.com\/golzartea\/\",\"https:\/\/www.linkedin.com\/company\/golzar-tea\"]}]}<\/script>\n<!-- \/ Yoast SEO Premium plugin. -->","yoast_head_json":{"title":"English Breakfast - Golzar Tea","robots":{"index":"index","follow":"follow","max-snippet":"max-snippet:-1","max-image-preview":"max-image-preview:large","max-video-preview":"max-video-preview:-1"},"canonical":"https:\/\/golzartea.com\/az\/product\/english-breakfast-teabag\/","og_locale":"az_AZ","og_type":"article","og_title":"English Breakfast","og_description":"Tea Bag","og_url":"https:\/\/golzartea.com\/az\/product\/english-breakfast-teabag\/","og_site_name":"Golzar Tea","article_publisher":"https:\/\/www.facebook.com\/golzartea","article_modified_time":"2023-09-27T21:02:16+00:00","og_image":[{"width":900,"height":1055,"url":"https:\/\/golzartea.com\/wp-content\/uploads\/2021\/12\/Golzar-English-breakfast-Tea-bag-25.jpg","type":"image\/jpeg"}],"twitter_card":"summary_large_image","twitter_site":"@golzartea","schema":{"@context":"https:\/\/schema.org","@graph":[{"@type":"WebPage","@id":"https:\/\/golzartea.com\/az\/product\/english-breakfast-teabag\/","url":"https:\/\/golzartea.com\/az\/product\/english-breakfast-teabag\/","name":"English Breakfast - Golzar Tea","isPartOf":{"@id":"https:\/\/darkslategray-caribou-741384.hostingersite.com\/ar\/#website"},"primaryImageOfPage":{"@id":"https:\/\/golzartea.com\/az\/product\/english-breakfast-teabag\/#primaryimage"},"image":{"@id":"https:\/\/golzartea.com\/az\/product\/english-breakfast-teabag\/#primaryimage"},"thumbnailUrl":"https:\/\/golzartea.com\/wp-content\/uploads\/2021\/12\/Golzar-English-breakfast-Tea-bag-25.jpg","datePublished":"2022-01-01T09:08:12+00:00","dateModified":"2023-09-27T21:02:16+00:00","breadcrumb":{"@id":"https:\/\/golzartea.com\/az\/product\/english-breakfast-teabag\/#breadcrumb"},"inLanguage":"az","potentialAction":[{"@type":"ReadAction","target":["https:\/\/golzartea.com\/az\/product\/english-breakfast-teabag\/"]}]},{"@type":"ImageObject","inLanguage":"az","@id":"https:\/\/golzartea.com\/az\/product\/english-breakfast-teabag\/#primaryimage","url":"https:\/\/golzartea.com\/wp-content\/uploads\/2021\/12\/Golzar-English-breakfast-Tea-bag-25.jpg","contentUrl":"https:\/\/golzartea.com\/wp-content\/uploads\/2021\/12\/Golzar-English-breakfast-Tea-bag-25.jpg","width":900,"height":1055},{"@type":"BreadcrumbList","@id":"https:\/\/golzartea.com\/az\/product\/english-breakfast-teabag\/#breadcrumb","itemListElement":[{"@type":"ListItem","position":1,"name":"Home","item":"https:\/\/darkslategray-caribou-741384.hostingersite.com\/ar\/"},{"@type":"ListItem","position":2,"name":"Shop","item":"https:\/\/golzartea.com\/fa\/shop\/"},{"@type":"ListItem","position":3,"name":"English Breakfast"}]},{"@type":"WebSite","@id":"https:\/\/darkslategray-caribou-741384.hostingersite.com\/ar\/#website","url":"https:\/\/darkslategray-caribou-741384.hostingersite.com\/ar\/","name":"Golzar Tea","description":"Welcome to Golzar Tea. Premium tea that refreshes you.","publisher":{"@id":"https:\/\/darkslategray-caribou-741384.hostingersite.com\/ar\/#organization"},"potentialAction":[{"@type":"SearchAction","target":{"@type":"EntryPoint","urlTemplate":"https:\/\/darkslategray-caribou-741384.hostingersite.com\/ar\/?s={search_term_string}"},"query-input":{"@type":"PropertyValueSpecification","valueRequired":true,"valueName":"search_term_string"}}],"inLanguage":"az"},{"@type":"Organization","@id":"https:\/\/darkslategray-caribou-741384.hostingersite.com\/ar\/#organization","name":"Golzar Premium Tea","url":"https:\/\/darkslategray-caribou-741384.hostingersite.com\/ar\/","logo":{"@type":"ImageObject","inLanguage":"az","@id":"https:\/\/darkslategray-caribou-741384.hostingersite.com\/ar\/#\/schema\/logo\/image\/","url":"http:\/\/golzartea.com\/wp-content\/uploads\/2020\/07\/GTlogo.svg","contentUrl":"http:\/\/golzartea.com\/wp-content\/uploads\/2020\/07\/GTlogo.svg","width":848,"height":441,"caption":"Golzar Premium Tea"},"image":{"@id":"https:\/\/darkslategray-caribou-741384.hostingersite.com\/ar\/#\/schema\/logo\/image\/"},"sameAs":["https:\/\/www.facebook.com\/golzartea","https:\/\/x.com\/golzartea","https:\/\/www.instagram.com\/golzartea\/","https:\/\/www.linkedin.com\/company\/golzar-tea"]}]}},"_links":{"self":[{"href":"https:\/\/golzartea.com\/az\/wp-json\/wp\/v2\/product\/1450","targetHints":{"allow":["GET"]}}],"collection":[{"href":"https:\/\/golzartea.com\/az\/wp-json\/wp\/v2\/product"}],"about":[{"href":"https:\/\/golzartea.com\/az\/wp-json\/wp\/v2\/types\/product"}],"replies":[{"embeddable":true,"href":"https:\/\/golzartea.com\/az\/wp-json\/wp\/v2\/comments?post=1450"}],"version-history":[{"count":0,"href":"https:\/\/golzartea.com\/az\/wp-json\/wp\/v2\/product\/1450\/revisions"}],"wp:featuredmedia":[{"embeddable":true,"href":"https:\/\/golzartea.com\/az\/wp-json\/wp\/v2\/media\/1351"}],"wp:attachment":[{"href":"https:\/\/golzartea.com\/az\/wp-json\/wp\/v2\/media?parent=1450"}],"wp:term":[{"taxonomy":"product_brand","embeddable":true,"href":"https:\/\/golzartea.com\/az\/wp-json\/wp\/v2\/product_brand?post=1450"},{"taxonomy":"product_cat","embeddable":true,"href":"https:\/\/golzartea.com\/az\/wp-json\/wp\/v2\/product_cat?post=1450"},{"taxonomy":"product_tag","embeddable":true,"href":"https:\/\/golzartea.com\/az\/wp-json\/wp\/v2\/product_tag?post=1450"}],"curies":[{"name":"wp","href":"https:\/\/api.w.org\/{rel}","templated":true}]}}