{"id":776,"date":"2021-12-07T21:35:59","date_gmt":"2021-12-07T21:35:59","guid":{"rendered":"https:\/\/darkslategray-caribou-741384.hostingersite.com\/?page_id=776"},"modified":"2022-01-11T16:17:23","modified_gmt":"2022-01-11T16:17:23","slug":"faqs","status":"publish","type":"page","link":"https:\/\/golzartea.com\/az\/faqs\/","title":{"rendered":"Tez-tez veril\u0259n suallar"},"content":{"rendered":"<div data-elementor-type=\"wp-page\" data-elementor-id=\"776\" class=\"elementor elementor-776\" data-elementor-post-type=\"page\">\n\t\t\t\t\t\t<section class=\"elementor-section elementor-top-section elementor-element elementor-element-8a1bb30 elementor-section-boxed elementor-section-height-default elementor-section-height-default\" data-id=\"8a1bb30\" data-element_type=\"section\">\n\t\t\t\t\t\t<div class=\"elementor-container elementor-column-gap-default\">\n\t\t\t\t\t<div class=\"elementor-column elementor-col-100 elementor-top-column elementor-element elementor-element-afb07f0\" data-id=\"afb07f0\" data-element_type=\"column\">\n\t\t\t<div class=\"elementor-widget-wrap elementor-element-populated\">\n\t\t\t\t\t\t<div class=\"elementor-element elementor-element-b0af49b elementor-widget elementor-widget-image\" data-id=\"b0af49b\" data-element_type=\"widget\" data-widget_type=\"image.default\">\n\t\t\t\t<div class=\"elementor-widget-container\">\n\t\t\t\t\t\t\t\t\t\t\t\t\t\t\t<img fetchpriority=\"high\" decoding=\"async\" width=\"1145\" height=\"171\" src=\"https:\/\/golzartea.com\/wp-content\/uploads\/2022\/01\/GTfaq.jpg\" class=\"attachment-full size-full wp-image-1565\" alt=\"\" srcset=\"https:\/\/golzartea.com\/wp-content\/uploads\/2022\/01\/GTfaq.jpg 1145w, https:\/\/golzartea.com\/wp-content\/uploads\/2022\/01\/GTfaq-800x119.jpg 800w, https:\/\/golzartea.com\/wp-content\/uploads\/2022\/01\/GTfaq-300x45.jpg 300w, https:\/\/golzartea.com\/wp-content\/uploads\/2022\/01\/GTfaq-1024x153.jpg 1024w, https:\/\/golzartea.com\/wp-content\/uploads\/2022\/01\/GTfaq-768x115.jpg 768w, https:\/\/golzartea.com\/wp-content\/uploads\/2022\/01\/GTfaq-18x3.jpg 18w, https:\/\/golzartea.com\/wp-content\/uploads\/2022\/01\/GTfaq-260x39.jpg 260w, https:\/\/golzartea.com\/wp-content\/uploads\/2022\/01\/GTfaq-50x7.jpg 50w, https:\/\/golzartea.com\/wp-content\/uploads\/2022\/01\/GTfaq-150x22.jpg 150w\" sizes=\"(max-width:767px) 700px, (max-width:1145px) 100vw, 1145px\" \/>\t\t\t\t\t\t\t\t\t\t\t\t\t\t\t<\/div>\n\t\t\t\t<\/div>\n\t\t\t\t\t<\/div>\n\t\t<\/div>\n\t\t\t\t\t<\/div>\n\t\t<\/section>\n\t\t\t\t<section class=\"elementor-section elementor-top-section elementor-element elementor-element-7be17c8 elementor-section-boxed elementor-section-height-default elementor-section-height-default\" data-id=\"7be17c8\" data-element_type=\"section\">\n\t\t\t\t\t\t<div class=\"elementor-container elementor-column-gap-default\">\n\t\t\t\t\t<div class=\"elementor-column elementor-col-100 elementor-top-column elementor-element elementor-element-6632544\" data-id=\"6632544\" data-element_type=\"column\">\n\t\t\t<div class=\"elementor-widget-wrap elementor-element-populated\">\n\t\t\t\t\t\t<div class=\"elementor-element elementor-element-ce66492 elementor-widget elementor-widget-mfn_faq\" data-id=\"ce66492\" data-element_type=\"widget\" data-widget_type=\"mfn_faq.default\">\n\t\t\t\t<div class=\"elementor-widget-container\">\n\t\t\t\t\t<div class=\"faq\"><div class=\"mfn-acc faq_wrapper\"><div class=\"question\" tabindex=\"0\" role=\"button\"><div class=\"title\"><span class=\"num\">1<\/span><i class=\"icon-plus acc-icon-plus\" aria-hidden=\"true\"><\/i><i class=\"icon-minus acc-icon-minus\" aria-hidden=\"true\"><\/i>Hans\u0131 n\u00f6v \u00e7aylar\u0131n\u0131z var?<\/div><div class=\"answer\"><p>Haz\u0131rda Golzar Tea klassik, Earl Grey, ingilis s\u0259h\u0259r yem\u0259yi v\u0259 ya\u015f\u0131l \u00e7ay t\u0259klif edir. Tezlikl\u0259 meyv\u0259 v\u0259 bitki \u00e7aylar\u0131n\u0131 da t\u0259qdim ed\u0259c\u0259yik!\u00a0 \u00a0<\/p><\/div><\/div>\n<div class=\"question\" tabindex=\"0\" role=\"button\"><div class=\"title\"><span class=\"num\">2<\/span><i class=\"icon-plus acc-icon-plus\" aria-hidden=\"true\"><\/i><i class=\"icon-minus acc-icon-minus\" aria-hidden=\"true\"><\/i>\u00c7aylar\u0131n\u0131z haradan g\u0259lir?<\/div><div class=\"answer\"><p>Ya\u015f\u0131l v\u0259 sulu b\u0259r\u0259k\u0259tli, ada respublikas\u0131 \u015eri Lanka Hindistan\u0131n c\u0259nub-\u015f\u0259rq ucunda, Benqal k\u00f6rf\u0259zind\u0259 yerl\u0259\u015fir. \u015eri Lanka \u0259vv\u0259ll\u0259r Seylon kimi tan\u0131nan Britaniya tac koloniyas\u0131 idi, m\u00fcst\u0259qillik \u0259ld\u0259 etdikd\u0259n sonra t\u0259xmin\u0259n d\u00f6rdd\u0259 bir \u0259sr bu ad\u0131 saxlad\u0131.<\/p><\/div><\/div>\n<div class=\"question\" tabindex=\"0\" role=\"button\"><div class=\"title\"><span class=\"num\">3<\/span><i class=\"icon-plus acc-icon-plus\" aria-hidden=\"true\"><\/i><i class=\"icon-minus acc-icon-minus\" aria-hidden=\"true\"><\/i>\u00c7aylar\u0131n\u0131zda kofein varm\u0131?<\/div><div class=\"answer\"><p>Qara v\u0259 ya\u015f\u0131l \u00e7aylarda kofein var, lakin meyv\u0259 v\u0259 bitki \u00e7aylar\u0131nda kofein yoxdur.\u00a0\u00a0<\/p><\/div><\/div>\n<div class=\"question\" tabindex=\"0\" role=\"button\"><div class=\"title\"><span class=\"num\">4<\/span><i class=\"icon-plus acc-icon-plus\" aria-hidden=\"true\"><\/i><i class=\"icon-minus acc-icon-minus\" aria-hidden=\"true\"><\/i>\u00c7ay saxlama\u011f\u0131n \u0259n yax\u015f\u0131 yolu n\u0259dir?<\/div><div class=\"answer\"><p>\u00c7ay s\u0259rin quru yerd\u0259 saxlanmal\u0131d\u0131r. Yax\u015f\u0131 olar ki, i\u015f\u0131qdan uzaq olsun. Uzun m\u00fcdd\u0259t saxlan\u0131l\u0131rsa, konserv qutusunda saxlay\u0131n.<\/p><\/div><\/div>\n<div class=\"question\" tabindex=\"0\" role=\"button\"><div class=\"title\"><span class=\"num\">5<\/span><i class=\"icon-plus acc-icon-plus\" aria-hidden=\"true\"><\/i><i class=\"icon-minus acc-icon-minus\" aria-hidden=\"true\"><\/i>\u00c7ay\u0131n sa\u011flaml\u0131\u011fa faydalar\u0131 n\u0259l\u0259rdir?<\/div><div class=\"answer\"><p>\u00c7ay\u0131n t\u0259rkibind\u0259 antioksidantlar var v\u0259 insult v\u0259 infarkt riskinizi azalda bil\u0259r.<\/p><p>\u00c7ayda q\u0259hv\u0259d\u0259n daha az kofein var.<\/p><\/div><\/div>\n<div class=\"question\" tabindex=\"0\" role=\"button\"><div class=\"title\"><span class=\"num\">6<\/span><i class=\"icon-plus acc-icon-plus\" aria-hidden=\"true\"><\/i><i class=\"icon-minus acc-icon-minus\" aria-hidden=\"true\"><\/i>Golzar \u00e7ay\u0131n\u0131 n\u0259 q\u0259d\u0259r saxlaya bil\u0259r\u0259m?<\/div><div class=\"answer\"><p>\u00c7ay\u0131m\u0131z\u0131 qabla\u015fd\u0131rmada yaz\u0131lan son istifad\u0259 m\u00fcdd\u0259tind\u0259n \u0259vv\u0259l i\u00e7\u0259 bil\u0259rsiniz.<\/p><\/div><\/div>\n<div class=\"question\" tabindex=\"0\" role=\"button\"><div class=\"title\"><span class=\"num\">7<\/span><i class=\"icon-plus acc-icon-plus\" aria-hidden=\"true\"><\/i><i class=\"icon-minus acc-icon-minus\" aria-hidden=\"true\"><\/i>\u00c7ay paketl\u0259rini yenid\u0259n istifad\u0259 etm\u0259k olarm\u0131?<\/div><div class=\"answer\"><p>\u00c7ay paketi yaln\u0131z bir d\u0259f\u0259 istifad\u0259 edilm\u0259lidir.<\/p><\/div><\/div>\n<div class=\"question\" tabindex=\"0\" role=\"button\"><div class=\"title\"><span class=\"num\">8<\/span><i class=\"icon-plus acc-icon-plus\" aria-hidden=\"true\"><\/i><i class=\"icon-minus acc-icon-minus\" aria-hidden=\"true\"><\/i>T\u0259z\u0259 d\u0259ml\u0259nmi\u015f \u00e7ayda haz\u0131r \u00e7aydan daha \u00e7ox antioksidan varm\u0131?<\/div><div class=\"answer\"><p>\u018fn \u00e7ox antioksidantlar\u0131 t\u0259z\u0259 d\u0259ml\u0259nmi\u015f \u00e7aydan al\u0131rs\u0131n\u0131z; bu birl\u0259\u015fm\u0259l\u0259r ani \u00e7ayda, kofeinsiz \u00e7ayda v\u0259 \u015f\u00fc\u015f\u0259 \u00e7ayda azal\u0131r.<\/p><\/div><\/div>\n<div class=\"question\" tabindex=\"0\" role=\"button\"><div class=\"title\"><span class=\"num\">9<\/span><i class=\"icon-plus acc-icon-plus\" aria-hidden=\"true\"><\/i><i class=\"icon-minus acc-icon-minus\" aria-hidden=\"true\"><\/i>Bo\u015f yarpaql\u0131 \u00e7ay\u0131n d\u0259ml\u0259nm\u0259si \u00fc\u00e7\u00fcn paketl\u0259rd\u0259n daha \u00e7ox vaxt laz\u0131md\u0131r?<\/div><div class=\"answer\"><p>Cavab b\u0259li! Bo\u015f yarpaq \u00e7ay\u0131 \u00fcmumiyy\u0259tl\u0259 daha b\u00f6y\u00fck yarpaq \u00f6l\u00e7\u00fcs\u00fcn\u0259 malik oldu\u011fundan, \u00e7ay daha yava\u015f d\u0259ml\u0259nir v\u0259 i\u00e7kiy\u0259 tam l\u0259zz\u0259t \u0259lav\u0259 edir.<\/p><p>\u00c7ay paketl\u0259rind\u0259ki ki\u00e7ik yarpaq \u00f6l\u00e7\u00fcs\u00fc o dem\u0259kdir ki, \u00e7ay ac\u0131 olmadan \u00e7ox uzun m\u00fcdd\u0259t d\u0259ml\u0259nm\u0259y\u0259c\u0259k.<\/p><\/div><\/div>\n<\/div><\/div>\n\t\t\t\t<\/div>\n\t\t\t\t<\/div>\n\t\t\t\t\t<\/div>\n\t\t<\/div>\n\t\t\t\t\t<\/div>\n\t\t<\/section>\n\t\t\t\t<section class=\"elementor-section elementor-top-section elementor-element elementor-element-17c5105 elementor-section-boxed elementor-section-height-default elementor-section-height-default\" data-id=\"17c5105\" data-element_type=\"section\">\n\t\t\t\t\t\t<div class=\"elementor-container elementor-column-gap-default\">\n\t\t\t\t\t<div class=\"elementor-column elementor-col-100 elementor-top-column elementor-element elementor-element-dbe3a53\" data-id=\"dbe3a53\" data-element_type=\"column\">\n\t\t\t<div class=\"elementor-widget-wrap elementor-element-populated\">\n\t\t\t\t\t\t<div class=\"elementor-element elementor-element-958c020 elementor-widget elementor-widget-spacer\" data-id=\"958c020\" data-element_type=\"widget\" data-widget_type=\"spacer.default\">\n\t\t\t\t<div class=\"elementor-widget-container\">\n\t\t\t\t\t\t\t<div class=\"elementor-spacer\">\n\t\t\t<div class=\"elementor-spacer-inner\"><\/div>\n\t\t<\/div>\n\t\t\t\t\t\t<\/div>\n\t\t\t\t<\/div>\n\t\t\t\t\t<\/div>\n\t\t<\/div>\n\t\t\t\t\t<\/div>\n\t\t<\/section>\n\t\t\t\t<\/div>","protected":false},"excerpt":{"rendered":"<p>1 Hans\u0131 n\u00f6v \u00e7aylar\u0131n\u0131z var? Haz\u0131rda Golzar Tea klassik, Earl Grey, ingilis s\u0259h\u0259r yem\u0259yi v\u0259 ya\u015f\u0131l \u00e7ay t\u0259klif edir. Biz d\u0259 olaca\u011f\u0131q<span class=\"excerpt-hellip\"> [\u2026]<\/span><\/p>","protected":false},"author":1,"featured_media":0,"parent":0,"menu_order":0,"comment_status":"closed","ping_status":"closed","template":"","meta":{"footnotes":""},"class_list":["post-776","page","type-page","status-publish","hentry"],"yoast_head":"<!-- This site is optimized with the Yoast SEO Premium plugin v21.2 (Yoast SEO v26.4) - https:\/\/yoast.com\/wordpress\/plugins\/seo\/ -->\n<title>FAQs - Golzar Tea<\/title>\n<meta name=\"robots\" content=\"index, follow, max-snippet:-1, max-image-preview:large, max-video-preview:-1\" \/>\n<link rel=\"canonical\" href=\"https:\/\/golzartea.com\/az\/faqs\/\" \/>\n<meta property=\"og:locale\" content=\"az_AZ\" \/>\n<meta property=\"og:type\" content=\"article\" \/>\n<meta property=\"og:title\" content=\"FAQs\" \/>\n<meta property=\"og:description\" content=\"1What type of teas do you have? At the present time, Golzar Tea offers Classic, Earl Grey, English Breakfast and Green Tea. We will also be [\u2026]\" \/>\n<meta property=\"og:url\" content=\"https:\/\/golzartea.com\/az\/faqs\/\" \/>\n<meta property=\"og:site_name\" content=\"Golzar Tea\" \/>\n<meta property=\"article:publisher\" content=\"https:\/\/www.facebook.com\/golzartea\" \/>\n<meta property=\"article:modified_time\" content=\"2022-01-11T16:17:23+00:00\" \/>\n<meta property=\"og:image\" content=\"http:\/\/golzartea.com\/wp-content\/uploads\/2022\/01\/GTfaq.jpg\" \/>\n<meta name=\"twitter:card\" content=\"summary_large_image\" \/>\n<meta name=\"twitter:site\" content=\"@golzartea\" \/>\n<script type=\"application\/ld+json\" class=\"yoast-schema-graph\">{\"@context\":\"https:\/\/schema.org\",\"@graph\":[{\"@type\":\"WebPage\",\"@id\":\"https:\/\/golzartea.com\/az\/faqs\/\",\"url\":\"https:\/\/golzartea.com\/az\/faqs\/\",\"name\":\"FAQs - Golzar Tea\",\"isPartOf\":{\"@id\":\"https:\/\/darkslategray-caribou-741384.hostingersite.com\/ar\/#website\"},\"primaryImageOfPage\":{\"@id\":\"https:\/\/golzartea.com\/az\/faqs\/#primaryimage\"},\"image\":{\"@id\":\"https:\/\/golzartea.com\/az\/faqs\/#primaryimage\"},\"thumbnailUrl\":\"http:\/\/golzartea.com\/wp-content\/uploads\/2022\/01\/GTfaq.jpg\",\"datePublished\":\"2021-12-07T21:35:59+00:00\",\"dateModified\":\"2022-01-11T16:17:23+00:00\",\"breadcrumb\":{\"@id\":\"https:\/\/golzartea.com\/az\/faqs\/#breadcrumb\"},\"inLanguage\":\"az\",\"potentialAction\":[{\"@type\":\"ReadAction\",\"target\":[\"https:\/\/golzartea.com\/az\/faqs\/\"]}]},{\"@type\":\"ImageObject\",\"inLanguage\":\"az\",\"@id\":\"https:\/\/golzartea.com\/az\/faqs\/#primaryimage\",\"url\":\"http:\/\/golzartea.com\/wp-content\/uploads\/2022\/01\/GTfaq.jpg\",\"contentUrl\":\"http:\/\/golzartea.com\/wp-content\/uploads\/2022\/01\/GTfaq.jpg\"},{\"@type\":\"BreadcrumbList\",\"@id\":\"https:\/\/golzartea.com\/az\/faqs\/#breadcrumb\",\"itemListElement\":[{\"@type\":\"ListItem\",\"position\":1,\"name\":\"Home\",\"item\":\"https:\/\/darkslategray-caribou-741384.hostingersite.com\/ar\/\"},{\"@type\":\"ListItem\",\"position\":2,\"name\":\"FAQs\"}]},{\"@type\":\"WebSite\",\"@id\":\"https:\/\/darkslategray-caribou-741384.hostingersite.com\/ar\/#website\",\"url\":\"https:\/\/darkslategray-caribou-741384.hostingersite.com\/ar\/\",\"name\":\"Golzar Tea\",\"description\":\"Welcome to Golzar Tea. Premium tea that refreshes you.\",\"publisher\":{\"@id\":\"https:\/\/darkslategray-caribou-741384.hostingersite.com\/ar\/#organization\"},\"potentialAction\":[{\"@type\":\"SearchAction\",\"target\":{\"@type\":\"EntryPoint\",\"urlTemplate\":\"https:\/\/darkslategray-caribou-741384.hostingersite.com\/ar\/?s={search_term_string}\"},\"query-input\":{\"@type\":\"PropertyValueSpecification\",\"valueRequired\":true,\"valueName\":\"search_term_string\"}}],\"inLanguage\":\"az\"},{\"@type\":\"Organization\",\"@id\":\"https:\/\/darkslategray-caribou-741384.hostingersite.com\/ar\/#organization\",\"name\":\"Golzar Premium Tea\",\"url\":\"https:\/\/darkslategray-caribou-741384.hostingersite.com\/ar\/\",\"logo\":{\"@type\":\"ImageObject\",\"inLanguage\":\"az\",\"@id\":\"https:\/\/darkslategray-caribou-741384.hostingersite.com\/ar\/#\/schema\/logo\/image\/\",\"url\":\"http:\/\/golzartea.com\/wp-content\/uploads\/2020\/07\/GTlogo.svg\",\"contentUrl\":\"http:\/\/golzartea.com\/wp-content\/uploads\/2020\/07\/GTlogo.svg\",\"width\":848,\"height\":441,\"caption\":\"Golzar Premium Tea\"},\"image\":{\"@id\":\"https:\/\/darkslategray-caribou-741384.hostingersite.com\/ar\/#\/schema\/logo\/image\/\"},\"sameAs\":[\"https:\/\/www.facebook.com\/golzartea\",\"https:\/\/x.com\/golzartea\",\"https:\/\/www.instagram.com\/golzartea\/\",\"https:\/\/www.linkedin.com\/company\/golzar-tea\"]}]}<\/script>\n<!-- \/ Yoast SEO Premium plugin. -->","yoast_head_json":{"title":"FAQs - Golzar Tea","robots":{"index":"index","follow":"follow","max-snippet":"max-snippet:-1","max-image-preview":"max-image-preview:large","max-video-preview":"max-video-preview:-1"},"canonical":"https:\/\/golzartea.com\/az\/faqs\/","og_locale":"az_AZ","og_type":"article","og_title":"FAQs","og_description":"1What type of teas do you have? At the present time, Golzar Tea offers Classic, Earl Grey, English Breakfast and Green Tea. We will also be [\u2026]","og_url":"https:\/\/golzartea.com\/az\/faqs\/","og_site_name":"Golzar Tea","article_publisher":"https:\/\/www.facebook.com\/golzartea","article_modified_time":"2022-01-11T16:17:23+00:00","og_image":[{"url":"http:\/\/golzartea.com\/wp-content\/uploads\/2022\/01\/GTfaq.jpg","type":"","width":"","height":""}],"twitter_card":"summary_large_image","twitter_site":"@golzartea","schema":{"@context":"https:\/\/schema.org","@graph":[{"@type":"WebPage","@id":"https:\/\/golzartea.com\/az\/faqs\/","url":"https:\/\/golzartea.com\/az\/faqs\/","name":"FAQs - Golzar Tea","isPartOf":{"@id":"https:\/\/darkslategray-caribou-741384.hostingersite.com\/ar\/#website"},"primaryImageOfPage":{"@id":"https:\/\/golzartea.com\/az\/faqs\/#primaryimage"},"image":{"@id":"https:\/\/golzartea.com\/az\/faqs\/#primaryimage"},"thumbnailUrl":"http:\/\/golzartea.com\/wp-content\/uploads\/2022\/01\/GTfaq.jpg","datePublished":"2021-12-07T21:35:59+00:00","dateModified":"2022-01-11T16:17:23+00:00","breadcrumb":{"@id":"https:\/\/golzartea.com\/az\/faqs\/#breadcrumb"},"inLanguage":"az","potentialAction":[{"@type":"ReadAction","target":["https:\/\/golzartea.com\/az\/faqs\/"]}]},{"@type":"ImageObject","inLanguage":"az","@id":"https:\/\/golzartea.com\/az\/faqs\/#primaryimage","url":"http:\/\/golzartea.com\/wp-content\/uploads\/2022\/01\/GTfaq.jpg","contentUrl":"http:\/\/golzartea.com\/wp-content\/uploads\/2022\/01\/GTfaq.jpg"},{"@type":"BreadcrumbList","@id":"https:\/\/golzartea.com\/az\/faqs\/#breadcrumb","itemListElement":[{"@type":"ListItem","position":1,"name":"Home","item":"https:\/\/darkslategray-caribou-741384.hostingersite.com\/ar\/"},{"@type":"ListItem","position":2,"name":"FAQs"}]},{"@type":"WebSite","@id":"https:\/\/darkslategray-caribou-741384.hostingersite.com\/ar\/#website","url":"https:\/\/darkslategray-caribou-741384.hostingersite.com\/ar\/","name":"Golzar Tea","description":"Welcome to Golzar Tea. Premium tea that refreshes you.","publisher":{"@id":"https:\/\/darkslategray-caribou-741384.hostingersite.com\/ar\/#organization"},"potentialAction":[{"@type":"SearchAction","target":{"@type":"EntryPoint","urlTemplate":"https:\/\/darkslategray-caribou-741384.hostingersite.com\/ar\/?s={search_term_string}"},"query-input":{"@type":"PropertyValueSpecification","valueRequired":true,"valueName":"search_term_string"}}],"inLanguage":"az"},{"@type":"Organization","@id":"https:\/\/darkslategray-caribou-741384.hostingersite.com\/ar\/#organization","name":"Golzar Premium Tea","url":"https:\/\/darkslategray-caribou-741384.hostingersite.com\/ar\/","logo":{"@type":"ImageObject","inLanguage":"az","@id":"https:\/\/darkslategray-caribou-741384.hostingersite.com\/ar\/#\/schema\/logo\/image\/","url":"http:\/\/golzartea.com\/wp-content\/uploads\/2020\/07\/GTlogo.svg","contentUrl":"http:\/\/golzartea.com\/wp-content\/uploads\/2020\/07\/GTlogo.svg","width":848,"height":441,"caption":"Golzar Premium Tea"},"image":{"@id":"https:\/\/darkslategray-caribou-741384.hostingersite.com\/ar\/#\/schema\/logo\/image\/"},"sameAs":["https:\/\/www.facebook.com\/golzartea","https:\/\/x.com\/golzartea","https:\/\/www.instagram.com\/golzartea\/","https:\/\/www.linkedin.com\/company\/golzar-tea"]}]}},"_hostinger_reach_plugin_has_subscription_block":false,"_hostinger_reach_plugin_is_elementor":false,"_links":{"self":[{"href":"https:\/\/golzartea.com\/az\/wp-json\/wp\/v2\/pages\/776","targetHints":{"allow":["GET"]}}],"collection":[{"href":"https:\/\/golzartea.com\/az\/wp-json\/wp\/v2\/pages"}],"about":[{"href":"https:\/\/golzartea.com\/az\/wp-json\/wp\/v2\/types\/page"}],"author":[{"embeddable":true,"href":"https:\/\/golzartea.com\/az\/wp-json\/wp\/v2\/users\/1"}],"replies":[{"embeddable":true,"href":"https:\/\/golzartea.com\/az\/wp-json\/wp\/v2\/comments?post=776"}],"version-history":[{"count":0,"href":"https:\/\/golzartea.com\/az\/wp-json\/wp\/v2\/pages\/776\/revisions"}],"wp:attachment":[{"href":"https:\/\/golzartea.com\/az\/wp-json\/wp\/v2\/media?parent=776"}],"curies":[{"name":"wp","href":"https:\/\/api.w.org\/{rel}","templated":true}]}}