{"id":210,"date":"2020-09-21T18:36:16","date_gmt":"2020-09-21T17:36:16","guid":{"rendered":"https:\/\/darkslategray-caribou-741384.hostingersite.com\/?page_id=210"},"modified":"2023-09-27T22:11:09","modified_gmt":"2023-09-27T21:11:09","slug":"where-is-golzar-tea-from","status":"publish","type":"page","link":"https:\/\/golzartea.com\/az\/where-is-golzar-tea-from\/","title":{"rendered":"Golzar \u00e7ay\u0131 haradand\u0131r"},"content":{"rendered":"<div data-elementor-type=\"wp-page\" data-elementor-id=\"210\" class=\"elementor elementor-210\" data-elementor-post-type=\"page\">\n\t\t\t\t\t\t<section class=\"elementor-section elementor-top-section elementor-element elementor-element-e47ded7 elementor-section-full_width elementor-section-stretched elementor-section-height-default elementor-section-height-default\" data-id=\"e47ded7\" data-element_type=\"section\" data-settings=\"{&quot;stretch_section&quot;:&quot;section-stretched&quot;}\">\n\t\t\t\t\t\t<div class=\"elementor-container elementor-column-gap-no\">\n\t\t\t\t\t<div class=\"elementor-column elementor-col-100 elementor-top-column elementor-element elementor-element-923cc58\" data-id=\"923cc58\" data-element_type=\"column\">\n\t\t\t<div class=\"elementor-widget-wrap elementor-element-populated\">\n\t\t\t\t\t\t<div class=\"elementor-element elementor-element-7b1e589 elementor-widget elementor-widget-image\" data-id=\"7b1e589\" data-element_type=\"widget\" data-widget_type=\"image.default\">\n\t\t\t\t<div class=\"elementor-widget-container\">\n\t\t\t\t\t\t\t\t\t\t\t\t\t\t\t<img fetchpriority=\"high\" decoding=\"async\" width=\"1600\" height=\"744\" src=\"https:\/\/golzartea.com\/wp-content\/uploads\/2022\/01\/srilanka-gt.jpg\" class=\"attachment-full size-full wp-image-1503\" alt=\"\" srcset=\"https:\/\/golzartea.com\/wp-content\/uploads\/2022\/01\/srilanka-gt.jpg 1600w, https:\/\/golzartea.com\/wp-content\/uploads\/2022\/01\/srilanka-gt-800x372.jpg 800w, https:\/\/golzartea.com\/wp-content\/uploads\/2022\/01\/srilanka-gt-300x140.jpg 300w, https:\/\/golzartea.com\/wp-content\/uploads\/2022\/01\/srilanka-gt-1024x476.jpg 1024w, https:\/\/golzartea.com\/wp-content\/uploads\/2022\/01\/srilanka-gt-768x357.jpg 768w, https:\/\/golzartea.com\/wp-content\/uploads\/2022\/01\/srilanka-gt-1536x714.jpg 1536w, https:\/\/golzartea.com\/wp-content\/uploads\/2022\/01\/srilanka-gt-18x8.jpg 18w, https:\/\/golzartea.com\/wp-content\/uploads\/2022\/01\/srilanka-gt-260x121.jpg 260w, https:\/\/golzartea.com\/wp-content\/uploads\/2022\/01\/srilanka-gt-50x23.jpg 50w, https:\/\/golzartea.com\/wp-content\/uploads\/2022\/01\/srilanka-gt-150x70.jpg 150w\" sizes=\"(max-width:767px) 700px, (max-width:1600px) 100vw, 1600px\" \/>\t\t\t\t\t\t\t\t\t\t\t\t\t\t\t<\/div>\n\t\t\t\t<\/div>\n\t\t\t\t\t<\/div>\n\t\t<\/div>\n\t\t\t\t\t<\/div>\n\t\t<\/section>\n\t\t\t\t<section class=\"elementor-section elementor-top-section elementor-element elementor-element-83df42b elementor-section-boxed elementor-section-height-default elementor-section-height-default\" data-id=\"83df42b\" data-element_type=\"section\">\n\t\t\t\t\t\t<div class=\"elementor-container elementor-column-gap-default\">\n\t\t\t\t\t<div class=\"elementor-column elementor-col-100 elementor-top-column elementor-element elementor-element-47e6e1b\" data-id=\"47e6e1b\" data-element_type=\"column\">\n\t\t\t<div class=\"elementor-widget-wrap elementor-element-populated\">\n\t\t\t\t\t\t<div class=\"elementor-element elementor-element-0d0e099 elementor-widget elementor-widget-spacer\" data-id=\"0d0e099\" data-element_type=\"widget\" data-widget_type=\"spacer.default\">\n\t\t\t\t<div class=\"elementor-widget-container\">\n\t\t\t\t\t\t\t<div class=\"elementor-spacer\">\n\t\t\t<div class=\"elementor-spacer-inner\"><\/div>\n\t\t<\/div>\n\t\t\t\t\t\t<\/div>\n\t\t\t\t<\/div>\n\t\t\t\t\t<\/div>\n\t\t<\/div>\n\t\t\t\t\t<\/div>\n\t\t<\/section>\n\t\t\t\t<section class=\"elementor-section elementor-top-section elementor-element elementor-element-0af3118 elementor-section-full_width elementor-section-height-default elementor-section-height-default\" data-id=\"0af3118\" data-element_type=\"section\" data-settings=\"{&quot;background_background&quot;:&quot;classic&quot;,&quot;shape_divider_top&quot;:&quot;mountains&quot;}\">\n\t\t\t\t\t<div class=\"elementor-shape elementor-shape-top\" aria-hidden=\"true\" data-negative=\"false\">\n\t\t\t<svg xmlns=\"http:\/\/www.w3.org\/2000\/svg\" viewbox=\"0 0 1000 100\" preserveaspectratio=\"none\">\n\t<path class=\"elementor-shape-fill\" opacity=\"0.33\" d=\"M473,67.3c-203.9,88.3-263.1-34-320.3,0C66,119.1,0,59.7,0,59.7V0h1000v59.7 c0,0-62.1,26.1-94.9,29.3c-32.8,3.3-62.8-12.3-75.8-22.1C806,49.6,745.3,8.7,694.9,4.7S492.4,59,473,67.3z\"\/>\n\t<path class=\"elementor-shape-fill\" opacity=\"0.66\" d=\"M734,67.3c-45.5,0-77.2-23.2-129.1-39.1c-28.6-8.7-150.3-10.1-254,39.1 s-91.7-34.4-149.2,0C115.7,118.3,0,39.8,0,39.8V0h1000v36.5c0,0-28.2-18.5-92.1-18.5C810.2,18.1,775.7,67.3,734,67.3z\"\/>\n\t<path class=\"elementor-shape-fill\" d=\"M766.1,28.9c-200-57.5-266,65.5-395.1,19.5C242,1.8,242,5.4,184.8,20.6C128,35.8,132.3,44.9,89.9,52.5C28.6,63.7,0,0,0,0 h1000c0,0-9.9,40.9-83.6,48.1S829.6,47,766.1,28.9z\"\/>\n<\/svg>\t\t<\/div>\n\t\t\t\t\t<div class=\"elementor-container elementor-column-gap-default\">\n\t\t\t\t\t<div class=\"elementor-column elementor-col-100 elementor-top-column elementor-element elementor-element-d59ba26\" data-id=\"d59ba26\" data-element_type=\"column\">\n\t\t\t<div class=\"elementor-widget-wrap elementor-element-populated\">\n\t\t\t\t\t\t<div class=\"elementor-element elementor-element-92fb7d5 elementor-widget elementor-widget-image\" data-id=\"92fb7d5\" data-element_type=\"widget\" data-widget_type=\"image.default\">\n\t\t\t\t<div class=\"elementor-widget-container\">\n\t\t\t\t\t\t\t\t\t\t\t\t\t\t\t<img decoding=\"async\" width=\"250\" height=\"230\" src=\"https:\/\/golzartea.com\/wp-content\/uploads\/2021\/12\/ceylonwlogo.png\" class=\"attachment-large size-large wp-image-633\" alt=\"\" srcset=\"https:\/\/golzartea.com\/wp-content\/uploads\/2021\/12\/ceylonwlogo.png 250w, https:\/\/golzartea.com\/wp-content\/uploads\/2021\/12\/ceylonwlogo-13x12.png 13w, https:\/\/golzartea.com\/wp-content\/uploads\/2021\/12\/ceylonwlogo-159x146.png 159w, https:\/\/golzartea.com\/wp-content\/uploads\/2021\/12\/ceylonwlogo-50x46.png 50w, https:\/\/golzartea.com\/wp-content\/uploads\/2021\/12\/ceylonwlogo-82x75.png 82w\" sizes=\"(max-width:767px) 250px, 250px\" \/>\t\t\t\t\t\t\t\t\t\t\t\t\t\t\t<\/div>\n\t\t\t\t<\/div>\n\t\t\t\t<div class=\"elementor-element elementor-element-491eb4a elementor-widget elementor-widget-text-editor\" data-id=\"491eb4a\" data-element_type=\"widget\" data-widget_type=\"text-editor.default\">\n\t\t\t\t<div class=\"elementor-widget-container\">\n\t\t\t\t\t\t\t\t\t<div class=\"su-row\"><div class=\"su-column su-column-size-3-4\"><div class=\"su-column-inner su-clearfix\"><div class=\"su-animate fadeInLeft animated\" data-animation=\"fadeInLeft\">Ya\u015f\u0131l v\u0259 sulu b\u0259r\u0259k\u0259tli, ada respublikas\u0131 \u015eri Lanka Hindistan\u0131n c\u0259nub-\u015f\u0259rq ucunda, Benqal k\u00f6rf\u0259zind\u0259 yerl\u0259\u015fir. \u015eri Lanka \u0259vv\u0259ll\u0259r Seylon kimi tan\u0131nan Britaniya tac koloniyas\u0131 idi, m\u00fcst\u0259qillik \u0259ld\u0259 etdikd\u0259n sonra t\u0259xmin\u0259n d\u00f6rdd\u0259 bir \u0259sr bu ad\u0131 saxlad\u0131.<\/div><div class=\"su-animate fadeInLeft animated\" data-animation=\"fadeInLeft\">\u00a0<\/div><div class=\"su-animate fadeInLeft animated\" data-animation=\"fadeInLeft\">M\u0259hz Britaniya d\u00f6vr\u00fcnd\u0259 \u00e7ay ilk d\u0259f\u0259 burada bec\u0259rilm\u0259y\u0259 v\u0259 istehsal olunma\u011fa ba\u015flad\u0131. Tezlikl\u0259 Seylon \u00e7ay\u0131 d\u00fcnyan\u0131n \u0259n yax\u015f\u0131s\u0131 kimi \u015f\u00f6hr\u0259t qazand\u0131 v\u0259 \u00e7ay ixrac\u0131 m\u00fcst\u0259ml\u0259k\u0259 iqtisadiyyat\u0131n\u0131n \u0259sas daya\u011f\u0131 oldu. D\u00fcnyan\u0131n h\u0259r yerind\u0259n evdar qad\u0131nlar v\u0259 restoran\u00e7\u0131lar \u00f6lk\u0259nin ad\u0131 il\u0259 daha yax\u0131ndan tan\u0131\u015f oldular v\u0259 \u00f6yr\u0259ndil\u0259r ki, onun bir qalay v\u0259 ya paketd\u0259 g\u00f6r\u00fcnm\u0259si i\u00e7\u0259rid\u0259ki \u00e7ay\u0131n keyfiyy\u0259tin\u0259 etibarl\u0131 \u015f\u0259kild\u0259 z\u0259man\u0259t verir. M\u00fcst\u0259qillik yeni bazarlar g\u0259tirdi v\u0259 istehsal artmaqda davam etdi. 1965-ci ild\u0259 Seylon ilk d\u0259f\u0259 olaraq d\u00fcnyan\u0131n \u0259n b\u00f6y\u00fck \u00e7ay ixracat\u00e7\u0131s\u0131 oldu.<\/div><div class=\"su-animate fadeInLeft animated\" data-animation=\"fadeInLeft\">\u00a0<\/div><\/div><\/div><\/div><div class=\"su-row\"><div class=\"su-column su-column-size-full\"><div class=\"su-column-inner su-clearfix\"><div class=\"su-animate fadeInLeft animated\" data-animation=\"fadeInLeft\"><p>1972-ci ild\u0259 \u00f6lk\u0259 ad\u0131n\u0131 \u015eri-Lanka olaraq d\u0259yi\u015fdir\u0259nd\u0259 onun \u0259sas s\u0259nayesi d\u00fcy\u00fcn problemi il\u0259 \u00fczl\u0259\u015fdi. Seylon t\u0259kc\u0259 \u00f6lk\u0259nin \u0259vv\u0259lki ad\u0131 deyildi; o, h\u0259m d\u0259 Virciniyadan tutmu\u015f Vladivostoka q\u0259d\u0259r istehlak\u00e7\u0131lara tan\u0131\u015f olan d\u00fcnyan\u0131n apar\u0131c\u0131 brendl\u0259rind\u0259n biri idi \u2013 s\u0259nayenin 1930-cu ill\u0259rin \u0259vv\u0259ll\u0259rind\u0259n f\u0259al \u015f\u0259kild\u0259 t\u0259\u015fviq etdiyi v\u0259 s\u0259rmay\u0259 qoydu\u011fu brend. Ondan imtina etm\u0259k asan b\u0259rpa oluna bilm\u0259y\u0259c\u0259yi bir u\u011fursuzluq g\u0259tir\u0259r. Tan\u0131mad\u0131\u011f\u0131 yeni brendin - '\u015eri Lanka \u00c7ay\u0131'n\u0131n t\u0259\u015fviqi v\u0259 yarad\u0131lmas\u0131n\u0131n d\u0259y\u0259ri b\u0259rbad olard\u0131.<\/p><p>M\u00fcst\u0259ml\u0259k\u0259 ke\u00e7mi\u015find\u0259n tam k\u0259silm\u0259yi v\u0259 \u00f6lk\u0259 \u00fc\u00e7\u00fcn yeni bir ba\u015flan\u011f\u0131c t\u0259l\u0259b ed\u0259n b\u0259zil\u0259rinin qar\u015f\u0131 \u00e7\u0131xmas\u0131na baxmayaraq, s\u0259naye liderl\u0259ri o zaman hakimiyy\u0259td\u0259 olan sosialist h\u00f6kum\u0259tini \u00f6lk\u0259nin \u0259n m\u0259\u015fhur m\u0259hsuluna istinad etm\u0259k \u00fc\u00e7\u00fcn Seylon ad\u0131n\u0131n davaml\u0131 istifad\u0259sin\u0259 icaz\u0259 verm\u0259y\u0259 inand\u0131ra bildil\u0259r. \u015eri-Lanka \u00e7ay\u0131 h\u0259l\u0259 d\u0259 Seylon \u00e7ay\u0131 kimi sat\u0131\u015fa \u00e7\u0131xar\u0131lacaq; qiym\u0259tsiz d\u00fcnya brendi xilas olmu\u015fdu.<\/p><p>m\u0259nb\u0259: <a href=\"http:\/\/www.srilankateaboard.lk\/\" target=\"_blank\" rel=\"noopener\">\u015eri Lanka \u00e7ay l\u00f6vh\u0259si<\/a><\/p><p><a href=\"http:\/\/www.srilankateaboard.lk\/\" target=\"_blank\" rel=\"noopener\"><img decoding=\"async\" class=\"alignnone size-full wp-image-628\" src=\"http:\/\/golzartea.com\/wp-content\/uploads\/2021\/12\/ceylontea_logo.png\" alt=\"\" width=\"180\" height=\"132\" srcset=\"https:\/\/golzartea.com\/wp-content\/uploads\/2021\/12\/ceylontea_logo.png 180w, https:\/\/golzartea.com\/wp-content\/uploads\/2021\/12\/ceylontea_logo-16x12.png 16w, https:\/\/golzartea.com\/wp-content\/uploads\/2021\/12\/ceylontea_logo-50x37.png 50w, https:\/\/golzartea.com\/wp-content\/uploads\/2021\/12\/ceylontea_logo-102x75.png 102w\" sizes=\"(max-width:767px) 180px, 180px\" \/><\/a><\/p><\/div><\/div><\/div><\/div>\t\t\t\t\t\t\t\t<\/div>\n\t\t\t\t<\/div>\n\t\t\t\t\t<\/div>\n\t\t<\/div>\n\t\t\t\t\t<\/div>\n\t\t<\/section>\n\t\t\t\t<section class=\"elementor-section elementor-top-section elementor-element elementor-element-ff6e476 elementor-section-full_width elementor-section-height-default elementor-section-height-default\" data-id=\"ff6e476\" data-element_type=\"section\">\n\t\t\t\t\t\t<div class=\"elementor-container elementor-column-gap-default\">\n\t\t\t\t\t<div class=\"elementor-column elementor-col-100 elementor-top-column elementor-element elementor-element-10cbe7c\" data-id=\"10cbe7c\" data-element_type=\"column\">\n\t\t\t<div class=\"elementor-widget-wrap elementor-element-populated\">\n\t\t\t\t\t\t<div class=\"elementor-element elementor-element-5c83e5f elementor-widget elementor-widget-video\" data-id=\"5c83e5f\" data-element_type=\"widget\" data-settings=\"{&quot;youtube_url&quot;:&quot;https:\\\/\\\/youtu.be\\\/YMJOr9-xJaY&quot;,&quot;video_type&quot;:&quot;youtube&quot;,&quot;controls&quot;:&quot;yes&quot;}\" data-widget_type=\"video.default\">\n\t\t\t\t<div class=\"elementor-widget-container\">\n\t\t\t\t\t\t\t<div class=\"elementor-wrapper elementor-open-inline\">\n\t\t\t<div class=\"elementor-video\"><\/div>\t\t<\/div>\n\t\t\t\t\t\t<\/div>\n\t\t\t\t<\/div>\n\t\t\t\t\t<\/div>\n\t\t<\/div>\n\t\t\t\t\t<\/div>\n\t\t<\/section>\n\t\t\t\t<section class=\"elementor-section elementor-top-section elementor-element elementor-element-69cef61 elementor-section-boxed elementor-section-height-default elementor-section-height-default\" data-id=\"69cef61\" data-element_type=\"section\">\n\t\t\t\t\t\t<div class=\"elementor-container elementor-column-gap-default\">\n\t\t\t\t\t<div class=\"elementor-column elementor-col-100 elementor-top-column elementor-element elementor-element-36bd575\" data-id=\"36bd575\" data-element_type=\"column\">\n\t\t\t<div class=\"elementor-widget-wrap elementor-element-populated\">\n\t\t\t\t\t\t<div class=\"elementor-element elementor-element-f00baf5 elementor-widget-divider--view-line elementor-widget elementor-widget-global elementor-global-236 elementor-widget-divider\" data-id=\"f00baf5\" data-element_type=\"widget\" data-widget_type=\"divider.default\">\n\t\t\t\t<div class=\"elementor-widget-container\">\n\t\t\t\t\t\t\t<div class=\"elementor-divider\">\n\t\t\t<span class=\"elementor-divider-separator\">\n\t\t\t\t\t\t<\/span>\n\t\t<\/div>\n\t\t\t\t\t\t<\/div>\n\t\t\t\t<\/div>\n\t\t\t\t\t<\/div>\n\t\t<\/div>\n\t\t\t\t\t<\/div>\n\t\t<\/section>\n\t\t\t\t<\/div>","protected":false},"excerpt":{"rendered":"<p>Ya\u015f\u0131l v\u0259 sulu b\u0259r\u0259k\u0259tli, ada respublikas\u0131 \u015eri Lanka Hindistan\u0131n c\u0259nub-\u015f\u0259rq ucunda, Benqal k\u00f6rf\u0259zind\u0259 yerl\u0259\u015fir. \u015eri Lanka idi<span class=\"excerpt-hellip\"> [\u2026]<\/span><\/p>","protected":false},"author":1,"featured_media":0,"parent":0,"menu_order":0,"comment_status":"closed","ping_status":"closed","template":"","meta":{"footnotes":""},"class_list":["post-210","page","type-page","status-publish","hentry"],"yoast_head":"<!-- This site is optimized with the Yoast SEO Premium plugin v21.2 (Yoast SEO v26.4) - https:\/\/yoast.com\/wordpress\/plugins\/seo\/ -->\n<title>Where is Golzar Tea from - Golzar Tea<\/title>\n<meta name=\"robots\" content=\"index, follow, max-snippet:-1, max-image-preview:large, max-video-preview:-1\" \/>\n<link rel=\"canonical\" href=\"https:\/\/golzartea.com\/az\/where-is-golzar-tea-from\/\" \/>\n<meta property=\"og:locale\" content=\"az_AZ\" \/>\n<meta property=\"og:type\" content=\"article\" \/>\n<meta property=\"og:title\" content=\"Where is Golzar Tea from\" \/>\n<meta property=\"og:description\" content=\"Green and lushly fertile, the island republic of Sri Lanka lies in the Bay of Bengal, just below the southeastern tip of India. Sri Lanka was [\u2026]\" \/>\n<meta property=\"og:url\" content=\"https:\/\/golzartea.com\/az\/where-is-golzar-tea-from\/\" \/>\n<meta property=\"og:site_name\" content=\"Golzar Tea\" \/>\n<meta property=\"article:publisher\" content=\"https:\/\/www.facebook.com\/golzartea\" \/>\n<meta property=\"article:modified_time\" content=\"2023-09-27T21:11:09+00:00\" \/>\n<meta property=\"og:image\" content=\"http:\/\/golzartea.com\/wp-content\/uploads\/2022\/01\/srilanka-gt.jpg\" \/>\n<meta name=\"twitter:card\" content=\"summary_large_image\" \/>\n<meta name=\"twitter:site\" content=\"@golzartea\" \/>\n<script type=\"application\/ld+json\" class=\"yoast-schema-graph\">{\"@context\":\"https:\/\/schema.org\",\"@graph\":[{\"@type\":\"WebPage\",\"@id\":\"https:\/\/golzartea.com\/en_gb\/where-is-golzar-tea-from\/\",\"url\":\"https:\/\/golzartea.com\/en_gb\/where-is-golzar-tea-from\/\",\"name\":\"Where is Golzar Tea from - Golzar Tea\",\"isPartOf\":{\"@id\":\"https:\/\/darkslategray-caribou-741384.hostingersite.com\/ar\/#website\"},\"primaryImageOfPage\":{\"@id\":\"https:\/\/golzartea.com\/en_gb\/where-is-golzar-tea-from\/#primaryimage\"},\"image\":{\"@id\":\"https:\/\/golzartea.com\/en_gb\/where-is-golzar-tea-from\/#primaryimage\"},\"thumbnailUrl\":\"http:\/\/golzartea.com\/wp-content\/uploads\/2022\/01\/srilanka-gt.jpg\",\"datePublished\":\"2020-09-21T17:36:16+00:00\",\"dateModified\":\"2023-09-27T21:11:09+00:00\",\"breadcrumb\":{\"@id\":\"https:\/\/golzartea.com\/en_gb\/where-is-golzar-tea-from\/#breadcrumb\"},\"inLanguage\":\"az\",\"potentialAction\":[{\"@type\":\"ReadAction\",\"target\":[\"https:\/\/golzartea.com\/en_gb\/where-is-golzar-tea-from\/\"]}]},{\"@type\":\"ImageObject\",\"inLanguage\":\"az\",\"@id\":\"https:\/\/golzartea.com\/en_gb\/where-is-golzar-tea-from\/#primaryimage\",\"url\":\"http:\/\/golzartea.com\/wp-content\/uploads\/2022\/01\/srilanka-gt.jpg\",\"contentUrl\":\"http:\/\/golzartea.com\/wp-content\/uploads\/2022\/01\/srilanka-gt.jpg\"},{\"@type\":\"BreadcrumbList\",\"@id\":\"https:\/\/golzartea.com\/en_gb\/where-is-golzar-tea-from\/#breadcrumb\",\"itemListElement\":[{\"@type\":\"ListItem\",\"position\":1,\"name\":\"Home\",\"item\":\"https:\/\/darkslategray-caribou-741384.hostingersite.com\/ar\/\"},{\"@type\":\"ListItem\",\"position\":2,\"name\":\"Where is Golzar Tea from\"}]},{\"@type\":\"WebSite\",\"@id\":\"https:\/\/darkslategray-caribou-741384.hostingersite.com\/ar\/#website\",\"url\":\"https:\/\/darkslategray-caribou-741384.hostingersite.com\/ar\/\",\"name\":\"Golzar Tea\",\"description\":\"Welcome to Golzar Tea. Premium tea that refreshes you.\",\"publisher\":{\"@id\":\"https:\/\/darkslategray-caribou-741384.hostingersite.com\/ar\/#organization\"},\"potentialAction\":[{\"@type\":\"SearchAction\",\"target\":{\"@type\":\"EntryPoint\",\"urlTemplate\":\"https:\/\/darkslategray-caribou-741384.hostingersite.com\/ar\/?s={search_term_string}\"},\"query-input\":{\"@type\":\"PropertyValueSpecification\",\"valueRequired\":true,\"valueName\":\"search_term_string\"}}],\"inLanguage\":\"az\"},{\"@type\":\"Organization\",\"@id\":\"https:\/\/darkslategray-caribou-741384.hostingersite.com\/ar\/#organization\",\"name\":\"Golzar Premium Tea\",\"url\":\"https:\/\/darkslategray-caribou-741384.hostingersite.com\/ar\/\",\"logo\":{\"@type\":\"ImageObject\",\"inLanguage\":\"az\",\"@id\":\"https:\/\/darkslategray-caribou-741384.hostingersite.com\/ar\/#\/schema\/logo\/image\/\",\"url\":\"http:\/\/golzartea.com\/wp-content\/uploads\/2020\/07\/GTlogo.svg\",\"contentUrl\":\"http:\/\/golzartea.com\/wp-content\/uploads\/2020\/07\/GTlogo.svg\",\"width\":848,\"height\":441,\"caption\":\"Golzar Premium Tea\"},\"image\":{\"@id\":\"https:\/\/darkslategray-caribou-741384.hostingersite.com\/ar\/#\/schema\/logo\/image\/\"},\"sameAs\":[\"https:\/\/www.facebook.com\/golzartea\",\"https:\/\/x.com\/golzartea\",\"https:\/\/www.instagram.com\/golzartea\/\",\"https:\/\/www.linkedin.com\/company\/golzar-tea\"]}]}<\/script>\n<!-- \/ Yoast SEO Premium plugin. -->","yoast_head_json":{"title":"Where is Golzar Tea from - Golzar Tea","robots":{"index":"index","follow":"follow","max-snippet":"max-snippet:-1","max-image-preview":"max-image-preview:large","max-video-preview":"max-video-preview:-1"},"canonical":"https:\/\/golzartea.com\/az\/where-is-golzar-tea-from\/","og_locale":"az_AZ","og_type":"article","og_title":"Where is Golzar Tea from","og_description":"Green and lushly fertile, the island republic of Sri Lanka lies in the Bay of Bengal, just below the southeastern tip of India. Sri Lanka was [\u2026]","og_url":"https:\/\/golzartea.com\/az\/where-is-golzar-tea-from\/","og_site_name":"Golzar Tea","article_publisher":"https:\/\/www.facebook.com\/golzartea","article_modified_time":"2023-09-27T21:11:09+00:00","og_image":[{"url":"http:\/\/golzartea.com\/wp-content\/uploads\/2022\/01\/srilanka-gt.jpg","type":"","width":"","height":""}],"twitter_card":"summary_large_image","twitter_site":"@golzartea","schema":{"@context":"https:\/\/schema.org","@graph":[{"@type":"WebPage","@id":"https:\/\/golzartea.com\/en_gb\/where-is-golzar-tea-from\/","url":"https:\/\/golzartea.com\/en_gb\/where-is-golzar-tea-from\/","name":"Where is Golzar Tea from - Golzar Tea","isPartOf":{"@id":"https:\/\/darkslategray-caribou-741384.hostingersite.com\/ar\/#website"},"primaryImageOfPage":{"@id":"https:\/\/golzartea.com\/en_gb\/where-is-golzar-tea-from\/#primaryimage"},"image":{"@id":"https:\/\/golzartea.com\/en_gb\/where-is-golzar-tea-from\/#primaryimage"},"thumbnailUrl":"http:\/\/golzartea.com\/wp-content\/uploads\/2022\/01\/srilanka-gt.jpg","datePublished":"2020-09-21T17:36:16+00:00","dateModified":"2023-09-27T21:11:09+00:00","breadcrumb":{"@id":"https:\/\/golzartea.com\/en_gb\/where-is-golzar-tea-from\/#breadcrumb"},"inLanguage":"az","potentialAction":[{"@type":"ReadAction","target":["https:\/\/golzartea.com\/en_gb\/where-is-golzar-tea-from\/"]}]},{"@type":"ImageObject","inLanguage":"az","@id":"https:\/\/golzartea.com\/en_gb\/where-is-golzar-tea-from\/#primaryimage","url":"http:\/\/golzartea.com\/wp-content\/uploads\/2022\/01\/srilanka-gt.jpg","contentUrl":"http:\/\/golzartea.com\/wp-content\/uploads\/2022\/01\/srilanka-gt.jpg"},{"@type":"BreadcrumbList","@id":"https:\/\/golzartea.com\/en_gb\/where-is-golzar-tea-from\/#breadcrumb","itemListElement":[{"@type":"ListItem","position":1,"name":"Home","item":"https:\/\/darkslategray-caribou-741384.hostingersite.com\/ar\/"},{"@type":"ListItem","position":2,"name":"Where is Golzar Tea from"}]},{"@type":"WebSite","@id":"https:\/\/darkslategray-caribou-741384.hostingersite.com\/ar\/#website","url":"https:\/\/darkslategray-caribou-741384.hostingersite.com\/ar\/","name":"Golzar Tea","description":"Welcome to Golzar Tea. Premium tea that refreshes you.","publisher":{"@id":"https:\/\/darkslategray-caribou-741384.hostingersite.com\/ar\/#organization"},"potentialAction":[{"@type":"SearchAction","target":{"@type":"EntryPoint","urlTemplate":"https:\/\/darkslategray-caribou-741384.hostingersite.com\/ar\/?s={search_term_string}"},"query-input":{"@type":"PropertyValueSpecification","valueRequired":true,"valueName":"search_term_string"}}],"inLanguage":"az"},{"@type":"Organization","@id":"https:\/\/darkslategray-caribou-741384.hostingersite.com\/ar\/#organization","name":"Golzar Premium Tea","url":"https:\/\/darkslategray-caribou-741384.hostingersite.com\/ar\/","logo":{"@type":"ImageObject","inLanguage":"az","@id":"https:\/\/darkslategray-caribou-741384.hostingersite.com\/ar\/#\/schema\/logo\/image\/","url":"http:\/\/golzartea.com\/wp-content\/uploads\/2020\/07\/GTlogo.svg","contentUrl":"http:\/\/golzartea.com\/wp-content\/uploads\/2020\/07\/GTlogo.svg","width":848,"height":441,"caption":"Golzar Premium Tea"},"image":{"@id":"https:\/\/darkslategray-caribou-741384.hostingersite.com\/ar\/#\/schema\/logo\/image\/"},"sameAs":["https:\/\/www.facebook.com\/golzartea","https:\/\/x.com\/golzartea","https:\/\/www.instagram.com\/golzartea\/","https:\/\/www.linkedin.com\/company\/golzar-tea"]}]}},"_hostinger_reach_plugin_has_subscription_block":false,"_hostinger_reach_plugin_is_elementor":false,"_links":{"self":[{"href":"https:\/\/golzartea.com\/az\/wp-json\/wp\/v2\/pages\/210","targetHints":{"allow":["GET"]}}],"collection":[{"href":"https:\/\/golzartea.com\/az\/wp-json\/wp\/v2\/pages"}],"about":[{"href":"https:\/\/golzartea.com\/az\/wp-json\/wp\/v2\/types\/page"}],"author":[{"embeddable":true,"href":"https:\/\/golzartea.com\/az\/wp-json\/wp\/v2\/users\/1"}],"replies":[{"embeddable":true,"href":"https:\/\/golzartea.com\/az\/wp-json\/wp\/v2\/comments?post=210"}],"version-history":[{"count":0,"href":"https:\/\/golzartea.com\/az\/wp-json\/wp\/v2\/pages\/210\/revisions"}],"wp:attachment":[{"href":"https:\/\/golzartea.com\/az\/wp-json\/wp\/v2\/media?parent=210"}],"curies":[{"name":"wp","href":"https:\/\/api.w.org\/{rel}","templated":true}]}}